{"id":661,"date":"2023-05-03T11:16:18","date_gmt":"2023-05-03T09:16:18","guid":{"rendered":"https:\/\/torodes.com\/?page_id=661"},"modified":"2023-07-19T09:36:29","modified_gmt":"2023-07-19T07:36:29","slug":"galeria","status":"publish","type":"page","link":"https:\/\/torodes.com\/ro\/galeria\/","title":{"rendered":"Galerie"},"content":{"rendered":"<p>[et_pb_section fb_building = \u201e1 \u2032 \u2032 _builder_version =\u201d 4.16 \u2032 \u2032 global_colors_info = \u201e{}\u201d] [et_pb_row _builder_version = \u201e4.16 \u2032 background _sise =\u201d initial\u201d background _position = \u201etop_left\u201d background _repeted = \u201erepet\u0103\u201d global_colors_info = \u201e{}\u201d] [et_pb_column type = \u201e4_4 \u2032 _builder_version =\u201d 4.16 \u2032 customs_padding = \u201e|||\u201d global_colors_info = \u201e{}\u201d custom_padding_hover = \u201e|||\u201d] [et_pb_text _builder_version = \u201e4.16 \u2032 background _sise =\u201d initial background _position = \u201etop_left\u201d background _repete = \u201ereat\u201d repeta\u021bi\u201d\u00bb global_colors_info = \u201e{}\u201d] [ID-ul Best_Wordpress_Gallery = \u201e8 \u2032 \u2032] [\/et_pb_text] [\/et_pb_column] [\/et_pb_row] [\/et_pb_section]<\/p>","protected":false},"excerpt":{"rendered":"<p>[ID-ul Best_Wordpress_Gallery = \u201e8 \u2032 \u2032]<\/p>","protected":false},"author":1,"featured_media":0,"parent":0,"menu_order":0,"comment_status":"closed","ping_status":"closed","template":"","meta":{"_et_pb_use_builder":"on","_et_pb_old_content":"[Best_Wordpress_Gallery id=\"8\"]","_et_gb_content_width":"","slim_seo":{"title":"Gal\u00e9ria | T\u00f6r\u0151d\u00e9s Ment\u00e1lis Eg\u00e9szs\u00e9gk\u00f6zpont","description":"Szegedi rendel\u0151nk k\u00e9peit tekinthetik meg a gal\u00e9ria oldalon.","facebook_image":"https:\/\/torodes.com\/wp-content\/uploads\/2023\/01\/Torodes_logo_szines_3.png","twitter_image":"https:\/\/torodes.com\/wp-content\/uploads\/2023\/01\/Torodes_logo_szines_3.png"},"footnotes":""},"class_list":["post-661","page","type-page","status-publish","hentry"],"_links":{"self":[{"href":"https:\/\/torodes.com\/ro\/wp-json\/wp\/v2\/pages\/661","targetHints":{"allow":["GET"]}}],"collection":[{"href":"https:\/\/torodes.com\/ro\/wp-json\/wp\/v2\/pages"}],"about":[{"href":"https:\/\/torodes.com\/ro\/wp-json\/wp\/v2\/types\/page"}],"author":[{"embeddable":true,"href":"https:\/\/torodes.com\/ro\/wp-json\/wp\/v2\/users\/1"}],"replies":[{"embeddable":true,"href":"https:\/\/torodes.com\/ro\/wp-json\/wp\/v2\/comments?post=661"}],"version-history":[{"count":0,"href":"https:\/\/torodes.com\/ro\/wp-json\/wp\/v2\/pages\/661\/revisions"}],"wp:attachment":[{"href":"https:\/\/torodes.com\/ro\/wp-json\/wp\/v2\/media?parent=661"}],"curies":[{"name":"wp","href":"https:\/\/api.w.org\/{rel}","templated":true}]}}