{"id":3,"date":"2023-01-27T19:32:24","date_gmt":"2023-01-27T18:32:24","guid":{"rendered":"https:\/\/torodes.com\/?page_id=3"},"modified":"2023-07-19T09:32:59","modified_gmt":"2023-07-19T07:32:59","slug":"adatkezelesi-tajekoztato","status":"publish","type":"page","link":"https:\/\/torodes.com\/ro\/adatkezelesi-tajekoztato\/","title":{"rendered":"Not\u0103 informativ\u0103 privind prelucrarea datelor"},"content":{"rendered":"<p>[et_pb_section fb_building =\u201d 1 \u2032 \u2032 admin_label = \u201eSection\u201d _builder_version = \u201e4.21.0 \u2032 \u2032 _module_preset =\u201d default\u201d background _enable_color = \u201eoff\u201d global_colors_info = \u201e{}\u201d] [et_pb_row _builder_version = \u201edefault\u201d global_colors_info = \u201e{}\u201d] [et_pb_column type = \u201e4_4 \u2032 \u2032 _builder_version = \u201e4.21.0 \u2032 _module_preset =\u201d default \u201eglobal_colors_info = \u201e{}\u201d] [et_pb_text _builder_version = \u201e4.21.0 \u2032 _module_preset =\u201d b327be4-b1d 45b66-37-40c8f2061ba\u201d header_2_font = \u201eSegoe Boot Semilight | 700 on ||||\u201d header_2_text_color =\u00bb#c6a86c\u201d header_2_font_sise = \u201e60px\u201d header_2_line_height = \u201e1.2em\u201d text_orientation = \u201ecenter\u201d customs_margin = \u201e|| 0px || false | false\u201d hover_enabled = \u201e0\u201d header_2_font_size_tablet = \u201e32px\u201d header_2_font_size_phone = \u201e26px\u201d header_2_font_size_last_edited = \u201epe | tablet\u0103\u201d border_color_all =\u201d#003319 \u2032 \u2032 global_colors_info = \u00ab{}\u00bb sticky_enabled = \u00ab0 \u2032 \u2032]<\/p>\n<h2>Not\u0103 informativ\u0103 privind prelucrarea datelor<\/h2>\n<p>[\/et_pb_text] [\/et_pb_column] [\/et_pb_row] [\/et_pb_section] [et_pb_section fb_building = \u201e1 \u2032 \u2032 admin_label\u201d = \u201esection\u201d _builder_version = \u201e4.21.0 \u2032 \u2032 background _enable_color =\u201d off \u201eglobal_colors_info = \u201e{}\u201d] [et_pb_row admin_label = \u201erow\u201d _builder_version = \u201e4.16 \u2032 background _sise =\u201d background _position = \u201etop_left\u201d background _repeted = \u201erepeted\u201d global_colors_info = \u201e{}\u201d] [et_pb_conlum type = \u201e4_4 \u2032 _builder_version =\u201d 4.16 \u2032 custom_padadding = \u201e|||\u201d global_colors_info = \u201e{} s_padding__hover = \u201e|||\u201d] [\/et_padding__hover] et_pb_text admin_label = \u201eText\u201d _builder_version = \u201e4.21.0 \u2032 \u2032 text_text_color =\u201d#c6a76c\u201d text_font_sise = \u201e16px\u201d header_text_color =\u201d#c6a76c \u201eheader_2_text_color =\u201d#c6a76c background _sise = \u201einitial\u201d background _position = \u201etop_left\u201d background _repeted = \u201erepeted\u201d hover_enabled = \u201e0\u201d text_font_size_tablet = \u201e16px\u201d text_font_size_phone = \u201e16px\u201d text_font_size_last_edited = \u201eon | desktop\u201d header_2_text_align_tablet = \u201ejustify\u201d header_2_text_align_phone = \u201ecenter\u201d header_2_text_align_last_edited = \u201eon | tablet\u201d header_2_font_size_tablet = \u201eheader_2_size_phone =\u201d header_2_font_size_lastted = \u201eon | desktop\u201d text_ientation_tablet = \u201ejustificat text_orientation_phone = \u201ecenter\u201d text__text__lastation_edited = \u201eon | phone\u201d global_colors_info = \u201e{}\u201d text_font = \u201eSegoe Boot Semilight ||||||||\u201d sticky_enabled = \u201e0 \u2032 \u2032]<\/p>\n<p><strong>Punct focal pentru asisten\u021ba medical\u0103 \u00een domeniul s\u0103n\u0103t\u0103\u021bii mintale<\/strong><br \/><strong>fi\u0219\u0103 informativ\u0103 privind protec\u021bia datelor<\/strong><\/p>\n<p>&nbsp;<\/p>\n<ol>\n<li><strong>Introductiv<\/strong><br \/>A <a href=\"https:\/\/torodes.com\/ro\/\">https:\/\/torodes.com<\/a> site-ul este administrat de Mikl\u00f3s Gerg\u0151 E.V. Horv\u00e1th \u00een calitate de operator de site web \u0219i de Rackhost Zrt. \u00een calitate de persoan\u0103 \u00eemputernicit\u0103 de operator. Un utilizator este orice persoan\u0103 care viziteaz\u0103 site-ul \u0219i utilizeaz\u0103 serviciile acestuia. Nu exist\u0103 nicio \u00eenregistrare pe site.<\/li>\n<\/ol>\n<p><strong>Detalii privind operatorul de date:<\/strong><\/p>\n<p><strong>\/<\/strong><strong>Operatorul de date: <\/strong>\u201eoperator\u201d \u00eenseamn\u0103 persoana fizic\u0103 sau juridic\u0103, autoritatea public\u0103, agen\u021bia sau alt organism care, singur sau \u00eempreun\u0103 cu altele, stabile\u0219te scopurile \u0219i mijloacele de prelucrare a datelor cu caracter personal; atunci c\u00e2nd scopurile \u0219i mijloacele prelucr\u0103rii sunt stabilite prin dreptul Uniunii sau dreptul intern, operatorul sau criteriile specifice pentru desemnarea acestuia pot fi prev\u0103zute \u00een dreptul Uniunii sau \u00een dreptul intern.<strong>\/<\/strong><\/p>\n<p>Denumirea: Domnul Mikl\u00f3s Gerg\u0151 E.V. Horv\u00e1th<br \/>Scaunul: 6800, H\u00f3dmez\u0151v\u00e1s\u00e1rhely, lucky street 18<br \/>Adresa po\u0219tal\u0103: 6800, H\u00f3dmez\u0151v\u00e1s\u00e1rhely, lucky street 18<br \/>Num\u0103rul de identificare fiscal\u0103: 69717156-1-26<br \/>Adres\u0103 de e-mail: <a href=\"mailto:hmgergo.ev@gmail.com\">hmgergo.ev@gmail.com<\/a><br \/>Telefonul: +\u00a036\u00a020\u00a0935\u00a07085<\/p>\n<p><strong>Datele persoanei \u00eemputernicite de operator:<\/strong><\/p>\n<p>\/Persoan\u0103 \u00eemputernicit\u0103 de operator: \u00eendeplinirea sarcinilor tehnice legate de opera\u021biunile de prelucrare, indiferent de metoda \u0219i mijloacele utilizate pentru efectuarea acestor opera\u021biuni \u0219i indiferent de locul de aplicare, cu condi\u021bia ca sarcina tehnic\u0103 s\u0103 fie \u00eendeplinit\u0103 cu privire la date\/<\/p>\n<p>Denumirea: Rackhost Zrt.<br \/>Scaunul: 6722 Szeged, Tisza Lajos k\u00f6r\u00fat 41<br \/>Adres\u0103 de e-mail: <a href=\"mailto:info@rackhost.hu\">info@rackhost.hu<\/a><br \/>Telefonul: +\u00a036\u00a01\u00a0445\u00a01200<br \/>Num\u0103r fax: +\u00a036\u00a01\u00a0445\u00a01201<br \/>Site-ul: <a href=\"http:\/\/www.rackhost.hu\">www.rackhost.hu<\/a><\/p>\n<p>&nbsp;<\/p>\n<p>&nbsp;<\/p>\n<ol start=\"2\">\n<li><strong>Domeniul de aplicare \u0219i modificarea condi\u021biilor de utilizare<\/strong><\/li>\n<\/ol>\n<p><strong>Domeniul de aplicare al prezentelor termene \u0219i condi\u021bii este limitat la: <\/strong><a href=\"https:\/\/torodes.com\/ro\/\">https:\/\/torodes.com<\/a><strong> acesta acoper\u0103 un site web. Cu excep\u021bia cazului \u00een care se prevede altfel, termenele \u0219i condi\u021biile nu se aplic\u0103 site-urilor web care: <\/strong><a href=\"https:\/\/torodes.com\/ro\/\">https:\/\/torodes.com<\/a><strong> acesta poate fi accesat prin intermediul unui link de pe un site web.<\/strong><\/p>\n<p><strong>Dreptul de a modifica aceste condi\u021bii este rezervat Mikl\u00f3s Gerg\u0151 Horv\u00e1th E.V. \u00a0<\/strong><\/p>\n<p>&nbsp;<\/p>\n<ol start=\"3\">\n<li><strong>Prelucrarea datelor<\/strong><\/li>\n<\/ol>\n<p><strong>A <\/strong><a href=\"https:\/\/torodes.com\/ro\/\">https:\/\/torodes.com<\/a><strong> atunci c\u00e2nd viziteaz\u0103 un site web, clientul utilizatorului \u00een cauz\u0103 este \u00eenregistrat automat (\u00een plus: adresa IP a calculatorului dumneavoastr\u0103, care poate fi public\u0103 sau nu, ora de \u00eencepere \u0219i de \u00eencheiere a vizitei sau, \u00een func\u021bie de configura\u021bia calculatorului dumneavoastr\u0103, tipul de browser \u0219i de sistem de operare, precum \u0219i localizarea geografic\u0103 care poate fi determinat\u0103 de adresa dumneavoastr\u0103 IP. Datele astfel \u00eenregistrate nu pot fi legate deloc de alte date cu caracter personal, ci numai \u00een scopuri statistice pentru a dezvolta \u00een continuare site-ul web.<\/strong><\/p>\n<p><strong>Mikl\u00f3s Gerg\u0151 E.V. Horv\u00e1th \u00ee\u0219i rezerv\u0103 dreptul de a plasa un \u201ecookie\u201d pe clientul utilizatorului (Cookie: pachet de informa\u021bii variabile alfanumerice trimis de serverul web). Utilizatorul poate bloca acest lucru prin setarea browserului s\u0103u.<\/strong><\/p>\n<p><strong>\u00a0<\/strong><\/p>\n<ol start=\"4\">\n<li><strong>Sarcinile \u0219i responsabilit\u0103\u021bile utilizatorului<\/strong><\/li>\n<\/ol>\n<p>Utilizatorul este obligat s\u0103 exercite diligen\u021ba necesar\u0103 \u00een ceea ce prive\u0219te furnizarea datelor sale (\u00een acest caz: <strong>Newsletter<\/strong>). Utilizatorul poate vizita site-ul numai pe propria r\u0103spundere. Mikl\u00f3s Gerg\u0151 E.V. Horv\u00e1th nu \u00ee\u0219i asum\u0103 r\u0103spunderea pentru daunele sau inconvenientele cauzate utilizatorului \u00een timpul utiliz\u0103rii ca urmare a faptului c\u0103 acesta nu a ac\u021bionat cu diligen\u021ba necesar\u0103.<br \/>Utilizatorul trebuie s\u0103 utilizeze site-ul \u00een mod echitabil, \u021bin\u00e2nd seama de drepturile \u0219i interesele celorlal\u021bi. Utilizatorul respect\u0103 legisla\u021bia \u00een vigoare \u0219i se ab\u021bine de la orice ac\u021biune ilegal\u0103 sau care prejudiciaz\u0103 interesele altora. \u00cen special, utilizatorul trebuie s\u0103 respecte via\u021ba privat\u0103 \u0219i drepturile morale ale celorlal\u021bi, drepturile de proprietate intelectual\u0103, \u00een special normele privind protec\u021bia operelor literare, \u0219tiin\u021bifice \u0219i artistice, a inven\u021biilor, a desenelor \u0219i modelelor industriale, a modelelor de utilitate \u0219i a m\u0103rcilor protejate prin drepturi de autor. Utilizatorul se ab\u021bine de la s\u0103v\u00e2r\u0219irea unei contraven\u021bii sau a unei infrac\u021biuni.<\/p>\n<p>To\u021bi utilizatorii sunt obliga\u021bi s\u0103 se ab\u021bin\u0103 de la orice ac\u021biune care \u00eempiedic\u0103 utilizarea prev\u0103zut\u0103 a site-ului. To\u021bi utilizatorii sunt obliga\u021bi s\u0103 se ab\u021bin\u0103 de la orice ac\u021biune care ar d\u0103una intereselor Mikl\u00f3s Gerg\u0151 E.V. Horv\u00e1th. \u00cen plus fa\u021b\u0103 de cele de mai sus, Mikl\u00f3s Gerg\u0151 E.V. Horv\u00e1th poate impune restric\u021bii suplimentare \u0219i poate informa utilizatorii \u00een acest sens.<br \/>Utilizatorii pot furniza propriile date cu caracter personal numai pe site. Furnizarea datelor altor persoane constituie o prelucrare ilegal\u0103 care poate avea consecin\u021be prev\u0103zute de o legisla\u021bie separat\u0103.<br \/>\u00cen cazul \u00een care utilizatorul \u00eencalc\u0103 dispozi\u021biile prezentului regulament sau legisla\u021bia, Mikl\u00f3s Gerg\u0151 E.V. Horv\u00e1th poate restric\u021biona sau interzice accesul la site-ul web.<br \/>\u00cen cazul \u00een care comportamentul utilizatorului d\u0103 na\u0219tere unor proceduri administrative sau judiciare, Mikl\u00f3s Gerg\u0151 E.V. Horv\u00e1th poate stoca datele necesare pentru identificarea utilizatorului, precum \u0219i datele referitoare la \u00eenc\u0103lcare, \u0219i le poate transmite organismelor competente.<\/p>\n<p>&nbsp;<\/p>\n<ol start=\"5\">\n<li><em><strong>Protec\u021bia propriet\u0103\u021bii intelectuale<\/strong><\/em><\/li>\n<\/ol>\n<p>Toate operele intelectuale publicate pe site, inclusiv, dar f\u0103r\u0103 a se limita la operele autorilor, bazele de date, solu\u021biile de c\u0103utare, programele \u0219i codurile utilizate, datele publicate, m\u0103rcile comerciale, \u00een special logoul centrului de s\u0103n\u0103tate mintal\u0103 pentru \u00eengrijire, precum \u0219i operele brevetate, sunt protejate prin lege \u0219i, cu excep\u021bia cazului \u00een care se prevede altfel, sunt de\u021binute de centrul de s\u0103n\u0103tate mintal\u0103 pentru \u00eengrijire.<br \/>\u00cen absen\u021ba unei autoriza\u021bii scrise, licen\u021biatul nu are niciun drept de a utiliza proprietatea intelectual\u0103, \u00een special de a o copia, reproduce, exploata, vinde, modifica, adapta sau pune la dispozi\u021bia publicului. Proprietatea intelectual\u0103 poate fi utilizat\u0103 numai \u00een conformitate cu legisla\u021bia relevant\u0103, \u00een special cu Legea LXXVI din 1999 privind drepturile de autor. Deturnarea are consecin\u021be de drept penal \u0219i civil. A <a href=\"https:\/\/torodes.com\/ro\/\">https:\/\/torodes.com<\/a> cu excep\u021bia cazului \u00een care se prevede altfel, centrul de s\u0103n\u0103tate mintal\u0103 are drepturile care decurg din drepturile de autor sau drepturile fiduciare asupra con\u021binutului site-ului. Centrul de s\u0103n\u0103tate mintal\u0103 are dreptul exclusiv de a autoriza orice utilizare material\u0103 \u0219i imaterial\u0103 a \u00eentregului con\u021binut sau a unei p\u0103r\u021bi identificabile a acestuia. O licen\u021b\u0103 pentru fiecare utilizare se \u00eencheie \u00een prealabil cu Centrul de s\u0103n\u0103tate mintal\u0103. \u00cen cazurile \u00een care Centrul de s\u0103n\u0103tate mintal\u0103 nu este unicul titular de drepturi pentru niciun con\u021binut, utilizatorul este obligat s\u0103 solicite permisiunea tuturor titularilor de drepturi pentru a utiliza operele.<br \/>Utilizarea gratuit\u0103 este gratuit\u0103 \u0219i nu necesit\u0103 autorizare din partea Centrului de s\u0103n\u0103tate mintal\u0103. \u00cen conformitate cu dispozi\u021biile privind utilizarea gratuit\u0103, utilizarea este permis\u0103 sau gratuit\u0103 numai \u00een m\u0103sura \u00een care nu aduce atingere \u00een mod nejustificat intereselor legitime ale centrului de s\u0103n\u0103tate mintal\u0103 sau ale unui ter\u021b \u0219i \u00een m\u0103sura \u00een care \u00eendepline\u0219te cerin\u021bele de onestitate \u0219i nu este destinat\u0103 unui scop incompatibil cu cel al utiliz\u0103rii gratuite. Oricine poate face o copie a con\u021binutului site-ului web pentru uz privat\/casnic dac\u0103 acesta nu este utilizat indirect \u00een scopul ob\u021binerii de venituri sau al cre\u0219terii veniturilor. Copiile pot fi realizate \u00eentr-un mod \u0219i \u00een m\u0103sura \u00een care acest lucru este adecvat scopului, pentru uz personal \u0219i \u00een scopuri institu\u021bionale interne, altele dec\u00e2t activit\u0103\u021bile comerciale, \u00een scopuri \u0219tiin\u021bifice sau educa\u021bionale, cu condi\u021bia ca acestea s\u0103 nu fie utilizate indirect \u00een scopul ob\u021binerii de venituri sau al cre\u0219terii veniturilor. Reutilizarea, reproducerea, distribuirea, stocarea \u00eentr-o baz\u0103 de date, desc\u0103rcarea \u0219i comercializarea acestor copii sunt strict interzise.<br \/>Linkurile c\u0103tre portal pot fi incluse \u00een alte servicii online, dar Centrul de s\u0103n\u0103tate mintal\u0103 pentru \u00eengrijire \u00ee\u0219i rezerv\u0103 dreptul de a se opune linkului \u0219i de a solicita \u0219tergerea acestuia.<\/p>\n<ol start=\"6\">\n<li><em><strong>Continuitatea serviciului<\/strong><\/em><\/li>\n<\/ol>\n<p>Mikl\u00f3s Gerg\u0151 E.V. Horv\u00e1th se angajeaz\u0103 s\u0103 ia toate m\u0103surile necesare pentru a asigura accesul ne\u00eentrerupt \u0219i continuu la site. Mikl\u00f3s Gerg\u0151 E.V. Horv\u00e1th nu garanteaz\u0103 disponibilitatea ne\u00eentrerupt\u0103 a site-ului. Mikl\u00f3s Gerg\u0151 E.V. Horv\u00e1th se str\u0103duie\u0219te s\u0103 remedieze eventualele perturb\u0103ri sau probleme opera\u021bionale care ar putea ap\u0103rea \u00een timpul func\u021bion\u0103rii site-ului, dar nu poate fi tras la r\u0103spundere pentru acestea.<br \/>Mikl\u00f3s Gerg\u0151 E.V. Horv\u00e1th nu \u00ee\u0219i asum\u0103 nicio responsabilitate pentru comportamentul utilizatorilor!<\/p>\n<p><em>\u00a0 \u00a0 \u00a0 7.<strong> Domnul Mikl\u00f3s Gerg\u0151 E.V. Horv\u00e1th<\/strong><\/em><strong>din<em> contesta\u021bie formulat\u0103<\/em><\/strong><\/p>\n<p>Utilizatorii pot adresa pl\u00e2ngeri \u0219i pl\u00e2ngeri direct lui Mikl\u00f3s Horv\u00e1th Gerg\u0151 E.V., care va face tot posibilul pentru a opri \u0219i a remedia orice \u00eenc\u0103lcare. Mikl\u00f3s Gerg\u0151 E.V. Horv\u00e1th examineaz\u0103 pl\u00e2ngerile care i-au fost adresate \u0219i informeaz\u0103 utilizatorul cu privire la pozi\u021bia sa \u0219i la m\u0103surile luate.<\/p>\n<p>[\/et_pb_text] [\/et_pb_coloan\u0103] [\/et_pb_r\u00e2nd] [\/et_pb_sec\u021biune]<\/p>","protected":false},"excerpt":{"rendered":"<p>Informa\u021bii privind prelucrarea datelorPunctul focal privind s\u0103n\u0103tatea mintal\u0103 Informa\u021bii privind protec\u021bia datelorSite-ul web disponibil la https:\/\/t\u00f6r\u0151d\u00e9s.com este administrat de Mikl\u00f3s Gerg\u0151 E.V. Horv\u00e1th \u00een calitate de operator de site web \u0219i este gestionat de Rackhost Zrt. \u00een calitate de persoan\u0103 \u00eemputernicit\u0103 de operator. Un utilizator este orice persoan\u0103 care viziteaz\u0103 site-ul \u0219i utilizeaz\u0103 serviciile acestuia. Nu exist\u0103 nicio \u00eenregistrare pe site. Detalii privind operatorul de date: \/Operator de date: o persoan\u0103 fizic\u0103 sau juridic\u0103 [...]<\/p>","protected":false},"author":1,"featured_media":0,"parent":0,"menu_order":0,"comment_status":"closed","ping_status":"closed","template":"","meta":{"_et_pb_use_builder":"on","_et_pb_old_content":"<!-- wp:heading --><h2>Kik vagyunk<\/h2><!-- \/wp:heading --><!-- wp:paragraph --><p><strong class=\"privacy-policy-tutorial\">Javasolt sz\u00f6veg: <\/strong>A weboldalunk c\u00edme: https:\/\/torodes.com.<\/p><!-- \/wp:paragraph --><!-- wp:heading --><h2>Hozz\u00e1sz\u00f3l\u00e1sok<\/h2><!-- \/wp:heading --><!-- wp:paragraph --><p><strong class=\"privacy-policy-tutorial\">Javasolt sz\u00f6veg: <\/strong>Hozz\u00e1sz\u00f3l\u00e1s bek\u00fcld\u00e9sekor a hozz\u00e1sz\u00f3l\u00e1si \u0171rlapban megadottakon k\u00edv\u00fcl begy\u0171jt\u00e9sre ker\u00fcl a hozz\u00e1sz\u00f3l\u00f3 IP c\u00edme \u00e9s a b\u00f6ng\u00e9sz\u0151azonos\u00edt\u00f3 karakterl\u00e1nc a k\u00e9retlen tartalmak kisz\u0171r\u00e9se c\u00e9lj\u00e1b\u00f3l.<\/p><!-- \/wp:paragraph --><!-- wp:paragraph --><p>Egy szem\u00e9lytelen\u00edtett, az e-mail c\u00edmb\u0151l el\u0151\u00e1ll\u00edtott karakterl\u00e1nc (hashnek szok\u00e1s nevezni) ker\u00fcl tov\u00e1bb\u00edt\u00e1sra a Gravatar szolg\u00e1ltat\u00e1s fel\u00e9, ha ez az oldalon haszn\u00e1latban van. A Gravatar szolg\u00e1ltat\u00e1s felt\u00e9telei az al\u00e1bbi c\u00edmen tekinthet\u0151ek meg: https:\/\/automattic.com\/privacy\/. A hozz\u00e1sz\u00f3l\u00e1s elfogad\u00e1sa ut\u00e1n, a hozz\u00e1sz\u00f3l\u00e1sunk tartalma \u00e9s a profil k\u00e9p\u00fcnk is megjelenik nyilv\u00e1nosan.<\/p><!-- \/wp:paragraph --><!-- wp:heading --><h2>M\u00e9dia<\/h2><!-- \/wp:heading --><!-- wp:paragraph --><p><strong class=\"privacy-policy-tutorial\">Javasolt sz\u00f6veg: <\/strong>Amennyiben regisztr\u00e1lt felhaszn\u00e1l\u00f3 \u00e1ltal ker\u00fcl k\u00e9p felt\u00f6lt\u00e9sre a honlapra, ker\u00fclni kell az az olyan EXIF-eket, amelyekben GPS poz\u00edci\u00f3 adatok is szerepelnek. A honlap l\u00e1togat\u00f3i ezeket let\u00f6lthetik \u00e9s kinyerhetik a helyadatokat a honlapon tal\u00e1lhat\u00f3 k\u00e9pekb\u0151l.<\/p><!-- \/wp:paragraph --><!-- wp:heading --><h2>S\u00fctik<\/h2><!-- \/wp:heading --><!-- wp:paragraph --><p><strong class=\"privacy-policy-tutorial\">Javasolt sz\u00f6veg: <\/strong>Ha hozz\u00e1sz\u00f3l\u00e1st \u00edrunk a honlapon, a megadott nevet, e-mail \u00e9s honlap c\u00edmet s\u00fctikben elt\u00e1roljuk. A t\u00e1rol\u00e1s a k\u00e9nyelmi c\u00e9lokat szolg\u00e1l az\u00e9rt, \u00edgy a k\u00f6vetkez\u0151 hozz\u00e1sz\u00f3l\u00e1skor ezeket a mez\u0151 adatokat nem kell kit\u00f6lteni. A s\u00fctik lej\u00e1rati ideje egy \u00e9v.<\/p><!-- \/wp:paragraph --><!-- wp:paragraph --><p>Ha ell\u00e1togatunk a bejelentkez\u00e9si oldalra, akkor \u00e1tmeneti s\u00fctiket \u00e1ll\u00edtunk be annak \u00e9rdek\u00e9ben, hogy meg\u00e1llap\u00edtsuk, hogy a b\u00f6ng\u00e9sz\u0151 elfogadja-e a s\u00fctiket. Ezek a s\u00fctik nem tartalmaznak szem\u00e9lyes inform\u00e1ci\u00f3t, \u00e9s t\u00f6rl\u0151dnek, ahogy bez\u00e1rjuk a b\u00f6ng\u00e9sz\u0151t.<\/p><!-- \/wp:paragraph --><!-- wp:paragraph --><p>A honlapra t\u00f6rt\u00e9n\u0151 bejelentkez\u00e9skor t\u00f6bb s\u00fctit hozunk l\u00e9tre, amely elmenti a bejelentkez\u00e9si inform\u00e1ci\u00f3t \u00e9s a szerkeszt\u0151fel\u00fclet megjelen\u00edt\u00e9si opci\u00f3it. A bejelentkez\u00e9si s\u00fctik k\u00e9t napig \u00e9rv\u00e9nyesek, a szerkeszt\u0151fel\u00fclet megjelen\u00edt\u00e9si opci\u00f3it t\u00e1rol\u00f3 s\u00fcti egy \u00e9vig. Amennyiben az &quot;Eml\u00e9kezz r\u00e1m&quot; opci\u00f3t bejel\u00f6lj\u00fck, a bejelentkez\u00e9s k\u00e9t h\u00e9tig folytat\u00f3dik. Kijelentkez\u00e9skor a bejelentkez\u00e9si s\u00fctik elt\u00e1vol\u00edt\u00e1sra ker\u00fclnek.<\/p><!-- \/wp:paragraph --><!-- wp:paragraph --><p>Amennyiben bejegyz\u00e9st vagy oldalt szerkeszt\u00fcnk, egy \u00fajabb s\u00fctit t\u00e1rol el a b\u00f6ng\u00e9sz\u0151nk. Ez a s\u00fcti nem tartalmaz szem\u00e9lyes adatot, egyszer\u0171en csak a bejegyz\u00e9s azonos\u00edt\u00f3 sz\u00e1m\u00e1t t\u00e1rolja, amelyet szerkesztett\u00fcnk. Egy nap m\u00falva j\u00e1r le az \u00e9rv\u00e9nyess\u00e9ge.<\/p><!-- \/wp:paragraph --><!-- wp:heading --><h2>M\u00e1s honlapokr\u00f3l sz\u00e1rmaz\u00f3 be\u00e1gyazott tartalmak<\/h2><!-- \/wp:heading --><!-- wp:paragraph --><p><strong class=\"privacy-policy-tutorial\">Javasolt sz\u00f6veg: <\/strong>A honlapon el\u00e9rhet\u0151 bejegyz\u00e9sek k\u00fcls\u0151 forr\u00e1sb\u00f3l sz\u00e1rmaz\u00f3 be\u00e1gyazott tartalmakat (pl. vide\u00f3k, k\u00e9pek, cikkek stb.) haszn\u00e1lhatnak. A k\u00fcls\u0151 forr\u00e1sb\u00f3l sz\u00e1rmaz\u00f3 be\u00e1gyazott tartalmak pontosan \u00fagy viselkednek, mintha megl\u00e1togattunk volna egy m\u00e1sik honlapot.<\/p><!-- \/wp:paragraph --><!-- wp:paragraph --><p>Ezek a webhelyek lehets\u00e9ges, hogy adatot gy\u0171jtenek a l\u00e1togat\u00f3kr\u00f3l, s\u00fctiket vagy harmadik f\u00e9lt\u0151l sz\u00e1rmaz\u00f3 k\u00f6vet\u0151k\u00f3dot haszn\u00e1lnak, figyelik a be\u00e1gyazott tartalommal kapcsolatos felhaszn\u00e1l\u00f3i viselked\u00e9st, ha rendelkez\u00fcnk felhaszn\u00e1l\u00f3i fi\u00f3kkal \u00e9s be vagyunk jelentkezve az oldalra.<\/p><!-- \/wp:paragraph --><!-- wp:heading --><h2>Kivel osztjuk meg a felhaszn\u00e1l\u00f3i adatokat<\/h2><!-- \/wp:heading --><!-- wp:paragraph --><p><strong class=\"privacy-policy-tutorial\">Javasolt sz\u00f6veg: <\/strong>Ha jelsz\u00f3 vissza\u00e1ll\u00edt\u00e1st k\u00e9r, akkor az IP-c\u00edmet a vissza\u00e1ll\u00edt\u00f3 e-mail tartalmazni fogja.<\/p><!-- \/wp:paragraph --><!-- wp:heading --><h2>Mennyi ideig \u0151rizz\u00fck a szem\u00e9lyes adatot<\/h2><!-- \/wp:heading --><!-- wp:paragraph --><p><strong class=\"privacy-policy-tutorial\">Javasolt sz\u00f6veg: <\/strong>Ha hozz\u00e1sz\u00f3lunk, a hozz\u00e1sz\u00f3l\u00e1s \u00e9s annak metaadatai nem meghat\u00e1rozhat\u00f3 ideig a rendszerben maradnak. Ennek c\u00e9lja, hogy az \u00f6sszes ezt k\u00f6vet\u0151 b\u00e1rmely hozz\u00e1sz\u00f3l\u00e1s \u00e1ltalunk megismertt\u00e9 \u00e9s j\u00f3v\u00e1hagyott\u00e1 v\u00e1ljon, azaz ne ker\u00fclj\u00f6n fel a moder\u00e1land\u00f3 hozz\u00e1sz\u00f3l\u00e1sok list\u00e1j\u00e1ra.<\/p><!-- \/wp:paragraph --><!-- wp:paragraph --><p>A honlapon regisztr\u00e1lt felhaszn\u00e1l\u00f3k (ha vannak ilyenek) szem\u00e9lyes adatai a saj\u00e1t felhaszn\u00e1l\u00f3i profiljukban is t\u00e1rol\u00e1sra ker\u00fclnek. Minden felhaszn\u00e1l\u00f3 megtekintheti, szerkesztheti vagy t\u00f6r\u00f6lheti a szem\u00e9lyes adatait b\u00e1rmikor (kiv\u00e9ve, hogy nem v\u00e1ltoztathatja meg a saj\u00e1t felhaszn\u00e1l\u00f3nev\u00e9t). A honlap rendszergazd\u00e1i ezen inform\u00e1ci\u00f3kat szint\u00e9n megtekinthetik \u00e9s szerkeszthetik.<\/p><!-- \/wp:paragraph --><!-- wp:heading --><h2>Milyen jogokkal rendelkezik a felhaszn\u00e1l\u00f3 a saj\u00e1t adatai kapcs\u00e1n<\/h2><!-- \/wp:heading --><!-- wp:paragraph --><p><strong class=\"privacy-policy-tutorial\">Javasolt sz\u00f6veg: <\/strong>A weboldalon regisztr\u00e1lt fi\u00f3k vagy hozz\u00e1sz\u00f3l\u00e1s \u00edr\u00e1sa eset\u00e9n k\u00e9rhet\u0151 a szem\u00e9lyes adatok export f\u00e1jlban t\u00f6rt\u00e9n\u0151 megk\u00fcld\u00e9se, amely b\u00e1rmilyen adatot tartalmaz, amit kor\u00e1bban a felhaszn\u00e1l\u00f3 rendelkez\u00e9s\u00fcnkre bocs\u00e1tott. K\u00e9rhet\u0151 tov\u00e1bb\u00e1, hogy b\u00e1rmilyen kor\u00e1bban megadott szem\u00e9lyes adatot t\u00f6r\u00f6lj\u00fck. Ez nem vonatkozik azokra az adatokra, amelyeket adminisztr\u00e1ci\u00f3s, jogi vagy biztons\u00e1gi okokb\u00f3l k\u00f6telez\u0151 meg\u0151rizn\u00fcnk.<\/p><!-- \/wp:paragraph --><!-- wp:heading --><h2>Where your data is sent<\/h2><!-- \/wp:heading --><!-- wp:paragraph --><p><strong class=\"privacy-policy-tutorial\">Javasolt sz\u00f6veg: <\/strong>A l\u00e1togat\u00f3k \u00e1ltal bek\u00fcld\u00f6tt hozz\u00e1sz\u00f3l\u00e1sokat automatikus spamsz\u0171r\u0151 szolg\u00e1ltat\u00e1s ellen\u0151rizheti.<\/p><!-- \/wp:paragraph -->","_et_gb_content_width":"","slim_seo":{"noindex":"1","title":"Adatkezel\u00e9si t\u00e1j\u00e9koztat\u00f3 - T\u00f6r\u0151d\u00e9s | Ment\u00e1lis Eg\u00e9szs\u00e9gk\u00f6zpont","description":"Adatkezel\u00e9si t\u00e1j\u00e9koztat\u00f3 T\u00f6r\u0151d\u00e9s Ment\u00e1lis Eg\u00e9szs\u00e9gk\u00f6pont adatv\u00e9delmi t\u00e1j\u00e9koztat\u00f3ja &nbsp; Bevezet\u0151 A https:\/\/torodes.com c\u00edmen el\u00e9rhet\u0151 honlapot az Horv\u00e1th Mikl"},"footnotes":""},"class_list":["post-3","page","type-page","status-publish","hentry"],"_links":{"self":[{"href":"https:\/\/torodes.com\/ro\/wp-json\/wp\/v2\/pages\/3","targetHints":{"allow":["GET"]}}],"collection":[{"href":"https:\/\/torodes.com\/ro\/wp-json\/wp\/v2\/pages"}],"about":[{"href":"https:\/\/torodes.com\/ro\/wp-json\/wp\/v2\/types\/page"}],"author":[{"embeddable":true,"href":"https:\/\/torodes.com\/ro\/wp-json\/wp\/v2\/users\/1"}],"replies":[{"embeddable":true,"href":"https:\/\/torodes.com\/ro\/wp-json\/wp\/v2\/comments?post=3"}],"version-history":[{"count":0,"href":"https:\/\/torodes.com\/ro\/wp-json\/wp\/v2\/pages\/3\/revisions"}],"wp:attachment":[{"href":"https:\/\/torodes.com\/ro\/wp-json\/wp\/v2\/media?parent=3"}],"curies":[{"name":"wp","href":"https:\/\/api.w.org\/{rel}","templated":true}]}}