{"id":140,"date":"2023-01-28T18:04:45","date_gmt":"2023-01-28T17:04:45","guid":{"rendered":"https:\/\/torodes.com\/?page_id=140"},"modified":"2023-07-19T09:42:41","modified_gmt":"2023-07-19T07:42:41","slug":"szolgaltatasok","status":"publish","type":"page","link":"https:\/\/torodes.com\/ro\/szolgaltatasok\/","title":{"rendered":"Servicii"},"content":{"rendered":"<p>[et_pb_section fb_building = \u201e1 \u2032 \u2032 _builder_version = \u201e4.21.0 \u2032 \u2032 _module_preset =\u201d default\u201d background _enable_color = \u201eoff\u201d background _image = \u201ehttps:\/\/t\u00f6r\u0151d\u00e9s.com\/wp-content\/uploads\/2023\/06\/szolg\u00e1ltat\u00e1sok-scaled.jpg\u201d min_height = \u201e500px\u201d min_height_tablet = \u201e300px\u201d min_height_phone = \u201e300px\u201d min_height_last_edited = \u201eon | phone\u201d bottom _divider_style = \u201egraph3 \u2032 bottom _divider_color =\u201d#FFFFFF\u2019global_colors_info = \u201e{}\u201d] [et_pb_section fb_building =\u2019 1 \u2032 module_id = \u201eservices\u201d _builder_version = \u201e4.20.4 \u2032 \u2032 _module_preset =\u201d default\u201d background _color = \u201eRGBA (255,255,255,0)\u2019global_colors_info = \u201e{}\u201d] [et_pb_row column_structure = \u201e1_3,1_3,1_3 \u2032 \u2032 _builder_version =\u2019 4.20.4 \u2032 \u2032 _module_preset =\u2019default\u2019 global_colors_info = \u201e{}\u201d] [et_pb_column type = \u201e1_3 \u2032 _builder_version =\u20194.20.4 \u2032 _module_preset =\u2019 default\u2019global_colors_info = \u201e{}] [et_pb_image_image src = \u201ehttps:\/\/t\u00f6r\u0151d\u00e9s.com\/wp-content\/uploads\/2023\/05\/tan\u00e1csad\u00e1s.png\u201d = \u201econsiliere\u201d \u201etitle_text = \u00abadvice\u00bb _builder_version = \u00ab4.21.0 \u2032 \u2032 _module_preset = \u00abdefault\u00bb max_width = \u00ab300px\u00bb max_width_tablet = \u00ab300px\u00bb max_width_phone = \u00ab200px\u00bb max_width_last_edited = \u00abon | phone\u00bb height_phone = \u00abheight_last_edited = \u00abon | tablet\u00bb max_height = \u00ab300px\u00bb max_height_tablet = \u00ab300px\u00bb max_height_phone = \u00abno\u00bb max_height_last_edited = \u00abon | phone\u00bb animation_style = \u00abfold\u00bb animation_direction = \u00abbottom\u00bb module_ignment_tablet = \u00abmoduler\u00bb cent_ignment_phone =\u00bb module_alignment_last_edited = \u00ab| tablet\u00bb box_shadow_style = \u00abpreset3\u00bb \u2032 \u2032 global_colors_info =\u201d {} \u201e] [et_pb_image] [et_pb_text _builder_version =\u201d 4.21.0 \u2032 \u2032 _module_preset = \u201eimplicit\u201d text_orientation =\u201d center \u201eanimation_style =\u201d slide \u201eanimation_direction =\u201d left \u201eglobal_colors_info =\u201d {}\u201d]<\/p>\n<h2>Servicii de consulta\u021bii psihologice<\/h2>\n<p>[\/et_pb_text] [\/et_pb_column type = \u201e1_3 \u2032 \u2032 _builder_version = \u201e4.20.4 \u2032 \u2032 _module_preset =\u201d default\u201d global_colors_info = \u201e{}\u201d] [et_pb_image src = \u201ehttps:\/\/t\u00f6r\u0151d\u00e9s.com\/wp-content\/uploads\/2023\/05\/egy\u00e9ni.png\u201d alt = \u201eindividual\u201d title_text = \u201eindividual\u201d _builder_version = \u201e4.21.0 \u2032 \u2032 _module_preset =\u201d default\u201d max_width = \u201e300px\u201d max_width_tablet = \u201e300px\u201d max_width_phone = \u201e200px\u201d max_width_last_edited = \u201eon | phone\u201d height_tablet = \u201eheight_last_edited\u201d = \u201eon | t\u201d maxheight_300px\u201d max_ght_tablet = \u201e300px\u201d max_ght_hei_phone = \u201eno\u201d max_hei_lastted edited = \u201eon | phone\u201d animation_style = \u201efold\u201d animation_direction = \u201ebottom\u201d module_alignment_tablet = \u201ecenter\u201d module_alignment_phone = \u201ecenter\u201d module_alignment_last_edited = \u201eon | tablet\u201d box_shadow_style = \u201epreset3 \u2032 global_colors_info = \u201e{}\u201d] [et_pb_image] [et_pb_text _builder_version = \u201e4.21.0 \u2032 _module_preset =\u201d default\u201d text_orientation = \u201ecenter\u201d animation_style = \u201eslide\u201d animation_direction = \u201eleft\u201d global_colors_info = \u201e}]<\/p>\n<h2>\u0218edin\u021b\u0103 individual\u0103<\/h2>\n<p>[\/et_pb_text] [\/et_pb_column type = \u201e1_3 \u2032 \u2032 _builder_version =\u201d 4.20.4 \u2032 \u2032 _module_preset = \u201eimplicit\u201d global_colors_info = \u201e{}\u201d] [et_pb_image src = \u201ehttps:\/\/t\u00f6r\u0151d\u00e9s.com\/wp-content\/uploads\/2023\/05\/csoport.png\u201d alt = \u201egroup\u201d title_text = \u201egroup\u201d _builder_version = \u201e4.21.0 \u2032 \u2032 _module_preset =\u201d implicit\u201d max_width = \u201e300px\u201d max_width_tablet = \u201e300px\u201d max_width_phone = \u201e200px\u201d max_width_phone = \u201e3px\u201d max_width_last_edited = \u201eon | tablet\u201d customs_padding = \u201e|||| fals\u201d animation_style = \u201efold\u201d animation_direction = \u201ebomott\u201d module_alignment_tablet = \u201ecenter moduler\u201d e_alignment_phone = \u201ecenter modul_phone\u201d center\u201d module_alignment_last_edited = \u201eon | tablet\u201d box_shadow_style = \u201epreset4.21.0 \u2032 global_colors_info =\u201d {} \u201e] [et_pb_image] [et_pb_text _builder_version =\u201d \u2032 \u2032 _module_preset =\u201d implicit \u201etext_orientation =\u201d center\u201d animation_style =\u201d slide \u201eanimation_direction =\u201d st\u00e2nga \u201eglobal_colors_info =\u201d {}]<\/p>\n<h2>\u0218edin\u021b\u0103 de grup<\/h2>\n<p>[\/et_pb_text] [\/et_pb_column] [\/et_pb_row column_structure = \u201e1_3,1_3,1_3 \u2032 \u2032 _builder_version =\u201d 4.20.4 \u2032 \u2032 _module_preset = \u201eimplicit\u201d global_colors_info = \u201e{}\u201d] [et_pb_column type = \u201e1_3 \u2032 \u2032 _builder_version =\u201d 4.20.4 \u2032 \u2032 _module_preset = \u201eimplicit\u201d global_colors_info = \u201e{}\u201d] [et_pb_image src = \u201ehttps:\/\/t\u00f6r\u0151d\u00e9s.com\/wp-content\/uploads\/2023\/05\/parterapia.png\u201d alt = \u201eterapie \u00een pereche\u201d title_text = \u201eterapie \u00een pereche\u201d _builder_version = \u201e4.21.0 \u2032 _module_preset = \u201eimplicit\u201d max_width_tablet = \u201e300px\u201d max_width_phone = \u201e200px\u201d max_width_last_edited = \u201e| tablet\u201d animation_style = \u201efold\u201d animation_direction = \u201ebottom\u201d module_alignment_tablet = \u201ecenter\u201d module_alignment_last_edited = \u201eon | tablet\u201d box_shadow_style = \u201epreset3 \u2032 global_colors_info = \u201e{}\u201d] [et_pb_image] [et_pb_text _builder_version = \u201e4.21.0 \u2032 _module_preset = \u201edefault\u201d text_orientation = \u201ecenter\u201d animation_style = \u201eslide\u201d animation_direction = \u201eleft\u201d global_colors_info = \u201e{}\u201d]<\/p>\n<h2>Terapie pentru petreceri<\/h2>\n<p>[\/et_pb_text] [\/et_pb_column type = \u201e1_3 \u2032 \u2032 _builder_version =\u201d 4.20.4 \u2032 \u2032 _module_preset = \u201eimplicit\u201d global_colors_info = \u201e{}\u201d] [et_pb_image src = \u201ehttps:\/\/t\u00f6r\u0151d\u00e9s.com\/wp-content\/uploads\/2023\/05\/csal\u00e1d.png\u201d alt = \u201efamily\u201d title_text = \u201efamily\u201d _builder_version = \u201e4.21.0 \u2032 \u2032 _module_preset =\u201d implicit max_width_tablet = \u201e300px\u201d max_width_phone = \u201e200px\u201d max_width_last_edited = \u201eon | tablet\u201d custom_padding = \u201e|||| false |\u201d animation_style = \u201efold\u201d animation_direction = \u201ebottom\u201d module_ignment_tablet = \u201ecenter\u201d module_alignment_phone = \u201ecenter\u201d moduler e_ediment_lastted = \u201eon | tablet\u201d box_shadow_style = \u201epreset3 \u2032 global_colors_info =\u201d {}\u201d] [\/et_pb_image] [et_pb_text _builder_version = \u201e4.21.0 \u2032 \u2032 _module_preset =\u201d default\u201d text_orientation = \u201ecenter\u201d animation_style = \u201eslide\u201d animation_direction = \u201eleft\u201d global_colors_info = \u201e{}\u201d]<\/p>\n<h2>\u0218edin\u021b\u0103 cu familia<\/h2>\n<p>[\/et_pb_text] [\/et_pb_column type = \u201e1_3 \u2032 \u2032 _builder_version =\u201d 4.20.4 \u2032 \u2032 _module_preset = \u201eimplicit\u201d global_colors_info = \u201e{}\u201d] [et_pb_image src = \u201ehttps:\/\/t\u00f6r\u0151d\u00e9s.com\/wp-content\/uploads\/2023\/05\/mediaci.png\u201d alt = \u201emediacio\u201d title_text = \u201emediacio\u201d _builder_version = \u201e4.21.0 \u2032 \u2032 _module_preset =\u201d implicit\u201d max_width_tablet = \u201e300px\u201d max_width_phone = \u201e200px\u201d max_width_last_edited = \u201epe | tablet\u0103\u201d personaliz_padding = \u201e|||| fals\u201d animation_style = \u201efold\u201d animation_direction = \u201ejos\u201d modulealignment_tablet = \u201ecenter\u201d module_alignment_phone = \u201ecenter\u201d e_ediment_moduler = \u201eon | tablet\u201d box_shadow_style = \u201epreset3 \u2032 global_colors_info =\u201d {}\u201d] [\/et_pb_image] [et_pb_text _builder_version = \u201e4.21.0 \u2032 \u2032 _module_preset =\u201d default\u201d text_orientation = \u201ecenter\u201d animation_style = \u201eslide\u201d animation_direction = \u201eleft\u201d global_colors_info = \u201e{}\u201d]<\/p>\n<h2>Mediere<\/h2>\n<p>[\/et_pb_text] [\/et_pb_column] [\/et_pb_row column_structure = \u201e1_3,1_3,1_3 \u2032 \u2032 _builder_version =\u201d 4.20.4 \u2032 \u2032 _module_preset = \u201eimplicit\u201d \u201eglobal_colors_info =\u201d {}\u201d] [et_pb_column type = \u201e1_3 \u2032 \u2032 _builder_version =\u201d 4.20.4 \u2032 \u2032 _module_preset = \u201eimplicit\u201d \u201eglobal_colors_info =\u201d {} \u201e\u201d] [et_pb_image src = \u201ehttps:\/\/t\u00f6r\u0151d\u00e9s.com\/wp-content\/uploads\/2023\/05\/gyaszfeldolgozas.png\u201d = \u201eementazan feldolgozas \u201etitle_text =\u201d gyerfeldolgozas \u201e_builder_version =\u201d 4.21.0 \u2032 _module_preset = \u201eimplicit\u201d \u201emaxwidth_tablet = 300px\u201d max_width_phone = \u201e200px\u201d max_width_last_edited = \u201e3px\u201d pe tableta | animation_style = \u201efold\u201d animation_direction = \u201ebottom\u201d module_alignment_tablet\u0103 = \u201ecenter\u201d module_alignment_last_edited = \u201eon | tablet\u201d box_shadow_style = \u201epreset4.21.0 \u2032 global_colors_info = \u201e{}\u201d] [et_pb_image] [et_pb_text _builder_version = \u201e\u2032 \u2032 _module_preset = \u201edefault\u201d text_orientation = \u201ecenter\u201d animation_style = \u201eslide\u201d animation_direction = \u201eleft\u201d global_colors_info = \u201e{}\u201d]<\/p>\n<h2>Prelucrarea cenu\u0219ii<\/h2>\n<p>[\/et_pb_text] [\/et_pb_column type = \u201e1_3 \u2032 \u2032 _builder_version =\u201d 4.20.4 \u2032 \u2032 _module_preset = \u201eimplicit\u201d global_colors_info = \u201e{}\u201d] [et_pb_image src = \u201ehttps:\/\/t\u00f6r\u0151d\u00e9s.com\/wp-content\/uploads\/2023\/05\/szuperviizor.png\u201d alt = \u201eSupervizor\u201d title_text = \u201eSupervizor\u201d _builder_version = \u201e4.21.0 \u2032 \u2032 _module_preset =\u201d implicit\u201d max_width_tablet = \u201e300px\u201d max_width_phone = \u201e200px\u201d max_width_last_edited = \u201e| tablet\u201d customs_padding = \u201e|||| false |\u201d animation_style = \u201efold\u201d animation_direction = \u201ebottom\u201d module_ignment_tablet = \u201eercent\u201d module_alignment_phone = \u201ecenter modul_ediment_lastted\u201d = \u201eon | tablet\u201d box_shadow_style = \u201epreset3 \u2032 global_colors_info =\u201d {}\u201d] [\/et_pb_image] [et_pb_text _builder_version = \u201e4.21.0 \u2032 \u2032 _module_preset =\u201d default\u201d text_orientation = \u201ecenter\u201d animation_style = \u201eslide\u201d animation_direction = \u201eleft\u201d global_colors_info = \u201e{}\u201d]<\/p>\n<h2>Supraveghere<\/h2>\n<p>[\/et_pb_text] [\/et_pb_column] [et_pb_column type = \u201e1_3 \u2032 \u2032 _builder_version =\u201d 4.20.4 \u2032 \u2032 _module_preset = \u201eimplicit\u201d global_colors_info = \u201e{}\u201d] [\/et_pb_column] [\/et_pb_row] [\/et_pb_section]<\/p>","protected":false},"excerpt":{"rendered":"<p>Consiliere psihologic\u0103Individual therapyGroup therapyPharmaceutical therapyFamily therapyDiversificationPharmaceutical processingSupervision<\/p>","protected":false},"author":1,"featured_media":0,"parent":0,"menu_order":0,"comment_status":"closed","ping_status":"closed","template":"","meta":{"_et_pb_use_builder":"on","_et_pb_old_content":"","_et_gb_content_width":"","slim_seo":{"title":"Szolg\u00e1ltat\u00e1sok | T\u00f6r\u0151d\u00e9s Ment\u00e1lis Eg\u00e9szs\u00e9gk\u00f6zpont","description":"Tekintse meg szolg\u00e1ltat\u00e1sainkat: Pszichol\u00f3giai tan\u00e1csad\u00e1s, Egy\u00e9ni ter\u00e1pia, Csoportter\u00e1pia...","facebook_image":"https:\/\/torodes.com\/wp-content\/uploads\/2023\/01\/Torodes_logo_szines_3.png","twitter_image":"https:\/\/torodes.com\/wp-content\/uploads\/2023\/01\/Torodes_logo_szines_3.png"},"footnotes":""},"class_list":["post-140","page","type-page","status-publish","hentry"],"_links":{"self":[{"href":"https:\/\/torodes.com\/ro\/wp-json\/wp\/v2\/pages\/140","targetHints":{"allow":["GET"]}}],"collection":[{"href":"https:\/\/torodes.com\/ro\/wp-json\/wp\/v2\/pages"}],"about":[{"href":"https:\/\/torodes.com\/ro\/wp-json\/wp\/v2\/types\/page"}],"author":[{"embeddable":true,"href":"https:\/\/torodes.com\/ro\/wp-json\/wp\/v2\/users\/1"}],"replies":[{"embeddable":true,"href":"https:\/\/torodes.com\/ro\/wp-json\/wp\/v2\/comments?post=140"}],"version-history":[{"count":0,"href":"https:\/\/torodes.com\/ro\/wp-json\/wp\/v2\/pages\/140\/revisions"}],"wp:attachment":[{"href":"https:\/\/torodes.com\/ro\/wp-json\/wp\/v2\/media?parent=140"}],"curies":[{"name":"wp","href":"https:\/\/api.w.org\/{rel}","templated":true}]}}