{"id":115,"date":"2023-01-28T17:43:43","date_gmt":"2023-01-28T16:43:43","guid":{"rendered":"https:\/\/torodes.com\/?page_id=115"},"modified":"2025-04-17T23:33:10","modified_gmt":"2025-04-17T21:33:10","slug":"kapcsolat","status":"publish","type":"page","link":"https:\/\/torodes.com\/ro\/kapcsolat\/","title":{"rendered":"Contact"},"content":{"rendered":"<p>[et_pb_section fb_building = \u201e1 \u2032 \u2032 admin_label =\u201d Header \u201e_builder_version =\u201d 4.21.0 \u2032 \u2032 _module_preset = \u201eimplicit\u201d background _enable_color =\u201d off \u201ebackground _image =\u201d https:\/\/t\u00f6r\u0151d\u00e9s.com\/wp-content\/uploads\/2023\/06\/kapocslat-scaled.jpg\u201d background _position = \u201etop_center\u201d background _vertical_offset =\u201d 0%\u00ab\u2019min_height = \u00ab700px\u00bb min_height_tablet = \u00ab300px\u00bb min_height_phone = \u00ab300px\u00bb min_height_last_edited = \u00abon | desktop\u00bb custom_padding = \u00ab|| 16VW || false | false\u00bb collapsed = \u00aboff\u00bb global_colors_info = \u00ab{}\u00bb] [et_pb_section] [et_pb_section fb_building = \u00ab1 \u2032 \u2032 admin_label =\u00bb Contact\u201d module_id = \u00abemail-share\u00bb _builder_version = \u00ab4.27.4 \u2032 \u2032 \u2032 _module_preset = \u00abdefault\u00bb background _enle_color = \u00aboff\u00bb min_height = \u00ab694px\u00bb customs_margin = \u00ab0px |||| fals\u00bb collapsed = \u00abon\u00bb Global_colors_info = \u00ab{}\u00bb et_pbrowstructure = \u00ab2_structure\u00bb _1 \u2032 \u2032 make_equal = \u00abon\u00bb _builder_version = \u00ab2 \u2032 \u2032 _module_preset = \u00abdefault\u00bb global_colors_info = \u00ab{}\u00bb] [et_pb_column type = \u00ab4.17.3_1 \u2032 \u2032 _builder_version =\u00bb 2 \u2032 \u2032 _module_preset = \u00abdefault\u00bb global_colors_info = \u00ab{}\u00bb] [et_pb_contact_form use_spam_service = \u00abon\u00bb recaptcha_list = \u00abDefault-4.17.1\u00bb email = \u00abinfo@t\u00f6r\u0151d\u00e9s.com\u00bb person_message = \u00abName: %%Nume%%|| et_pb_line_break_holder || E-mail: %%Email%%|| et_pb_line_break_holder || Asistent: %%Ajutor_profesioni\u0219ti%%|| et_pb_line_break_holder || Mesaj: %%Mesaj%%\u201etransmitere_button_text =\u201d Trimite\u021bi \u201e_builder_version =\u201d 4.21.0 \u2032 \u2032 _module_preset = \u201e5f451234-b662-41cf-8ad7-48c40d2afa7f \u201e_unique_id =\u201d cd2e19fd-2a99-4a79-9e23-4295fab658b3 \u2032 form_field_background _color =\u201d RGBA (255,255,255.0) \u201eform_field_text_color =\u201d#22434a\u2019title_font =\u2019 Segoe Boot Semilight |||||||| \u2019captcha_font =\u2019 Segoe Boot Semilight |||||||| \u2019captcha_font_sise =\u2019 18px\u2019form_field_font =\u2019 Inter |||||||| \u2019form_field_font_sise =\u2019 18px\u2019customs_button =\u2019 on\u2019button_text_sise =\u2019 14px\u2019button_text_color =\u201d#E1ECEA \u201ebutton_bg_color =\u201d#2E5B61 \u2032 \u2032 button_border_width = \u00ab0px\u00bb button_border_radius = \u00ab50px\u00bb button_font = \u00abSegoe Boot Semilight | 600 |||||||\u00bb button_custom_margin_tablet\u0103 = \u00ab| 260px ||| false | fals\u00bb button_cu_custom_margin_phone = \u00ab| 80px | fals\u00bb button_custom_margin_last_edited = \u00abon vastablet\u00bb button_custom_padding =\u00bb 20px | 040px | 120px | 240 | 3px\u00bb border_color_all =\u201d#2E5B61\u2033 locked=\u201doff\u201d global_colors_info=\u201d{}\u201d][et_pb_contact_field field_id=\u201dName\u201d field_title=\u201dN\u00e9v\u201d fullwidth_field=\u201don\u201d _builder_version=\u201d4.21.0\u2033 global_colors_info=\u201d{}\u201d button_text_size__hover_enabled=\u201doff\u201d button_one_text_size__hover_enabled=\u201doff\u201d button_two_text_size__hover_enabled=\u201doff\u201d button_text_color__hover_enabled=\u201doff\u201d button_one_text_color__hover_enabled=\u201doff\u201d button_two_text_color__hover_enabled=\u201doff\u201d button_border_width__hover_enabled=\u201doff\u201d button_one_border_width__hover_enabled=\u201doff\u201d button_two_border_width__hover_enabled=\u201doff\u201d button_border_color__hover_enabled=\u201doff\u201d button_one_border_color__hover_enabled=\u201doff\u201d button_two_border_color__hover_enabled=\u201doff\u201d button_border_radius__hover_enabled=\u201doff\u201d button_one_border_radius__hover_enabled=\u201doff\u201d button_two_border_radius__hover_enabled=\u201doff\u201d button_letter_spacing__hover_enabled=\u201doff\u201d button_one_letter_spacing__hover_enabled=\u201doff\u201d button_two_letter_spacing__hover_enabled=\u201doff\u201d button_bg_color__hover_enabled=\u201doff\u201d button_one_bg_color__hover_enabled=\u201doff\u201d button_two_bg_color__hover_enabled=\u201doff\u201d][\/et_pb_contact_field][et_pb_contact_field field_id=\u201dEmail\u201d field_title=\u201dEmail\u201d field_type=\u201demail\u201d fullwidth_field=\u201don\u201d _builder_version=\u201d4.21.0\u2033 global_colors_info=\u201d{}\u201d button_text_size__hover_enabled=\u201doff\u201d button_one_text_size__hover_enabled=\u201doff\u201d button_two_text_size__hover_enabled=\u201doff\u201d button_text_color__hover_enabled=\u201doff\u201d button_one_text_color__hover_enabled=\u201doff\u201d button_two_text_color__hover_enabled=\u201doff\u201d button_border_width__hover_enabled=\u201doff\u201d button_one_border_width__hover_enabled=\u201doff\u201d button_two_border_width__hover_enabled=\u201doff\u201d button_border_color__hover_enabled=\u201doff\u201d button_one_border_color__hover_enabled=\u201doff\u201d button_two_border_color__hover_enabled=\u201doff\u201d button_border_radius__hover_enabled=\u201doff\u201d button_one_border_radius__hover_enabled=\u201doff\u201d button_two_border_radius__hover_enabled=\u201doff\u201d button_letter_spacing__hover_enabled=\u201doff\u201d button_one_letter_spacing__hover_enabled=\u201doff\u201d button_two_letter_spacing__hover_enabled=\u201doff\u201d button_bg_color__hover_enabled=\u201doff\u201d button_one_bg_color__hover_enabled=\u201doff\u201d button_two_bg_color__hover_enabled=\u201doff\u201d][\/et_pb_contact_field][et_pb_contact_field field_id=\u201dHelping_professionals\u201d field_title=\u201dSeg\u00edt\u0151 szakember\u201d field_type=\u201dselect\u201d select_options=\u201d {{Valoare:DR. Vargan\u00e9 Hent Cec\u00edlia,Verificat\u0103:0,dragID: -1}, {Valoare: Ildik\u00f3 Bernadett G\u00e1l,Verificat\u0103:0,dragID: 0}, {Valoare: Victoria T\u00e9gly,Verificat\u0103:0,dragID: 1}, {Valoare:DR. Edina Gyulai,Verificat\u0103:0,dragID: 2}, {Valoare: editare M\u00e1ria Cs\u00e1nyi,Verificat\u0103:0,dragID: 3}\u2033 fullwidth_field=\u201don\u201d _builder_version=\u201d4.21.0\u2033 global_colors_info=\u201d{}\u201d button_text_size__hover_enabled=\u201doff\u201d button_one_text_size__hover_enabled=\u201doff\u201d button_two_text_size__hover_enabled=\u201doff\u201d button_text_color__hover_enabled=\u201doff\u201d button_one_text_color__hover_enabled=\u201doff\u201d button_two_text_color__hover_enabled=\u201doff\u201d button_border_width__hover_enabled=\u201doff\u201d button_one_border_width__hover_enabled=\u201doff\u201d button_two_border_width__hover_enabled=\u201doff\u201d button_border_color__hover_enabled=\u201doff\u201d button_one_border_color__hover_enabled=\u201doff\u201d button_two_border_color__hover_enabled=\u201doff\u201d button_border_radius__hover_enabled=\u201doff\u201d button_one_border_radius__hover_enabled=\u201doff\u201d button_two_border_radius__hover_enabled=\u201doff\u201d button_letter_spacing__hover_enabled=\u201doff\u201d button_one_letter_spacing__hover_enabled=\u201doff\u201d button_two_letter_spacing__hover_enabled=\u201doff\u201d button_bg_color__hover_enabled=\u201doff\u201d button_one_bg_color__hover_enabled=\u201doff\u201d button_two_bg_color__hover_enabled=\u201doff\u201d][\/et_pb_contact_field][et_pb_contact_field field_id=\u201dMessage\u201d field_title=\u201d\u00dczenet\u201d field_type=\u201dtext\u201d fullwidth_field=\u201don\u201d _builder_version=\u201d4.21.0\u2033 global_colors_info=\u201d{}\u201d button_text_size__hover_enabled=\u201doff\u201d button_one_text_size__hover_enabled=\u201doff\u201d button_two_text_size__hover_enabled=\u201doff\u201d button_text_color__hover_enabled=\u201doff\u201d button_one_text_color__hover_enabled=\u201doff\u201d button_two_text_color__hover_enabled=\u201doff\u201d button_border_width__hover_enabled=\u201doff\u201d button_one_border_width__hover_enabled=\u201doff\u201d button_two_border_width__hover_enabled=\u201doff\u201d button_border_color__hover_enabled=\u201doff\u201d button_one_border_color__hover_enabled=\u201doff\u201d button_two_border_color__hover_enabled=\u201doff\u201d button_border_radius__hover_enabled=\u201doff\u201d button_one_border_radius__hover_enabled=\u201doff\u201d button_two_border_radius__hover_enabled=\u201doff\u201d button_letter_spacing__hover_enabled=\u201doff\u201d button_one_letter_spacing__hover_enabled=\u201doff\u201d button_two_letter_spacing__hover_enabled=\u201doff\u201d button_bg_color__hover_enabled=\u201doff\u201d button_one_bg_color__hover_enabled=\u201doff\u201d button_two_bg_color__hover_enabled=\u201doff\u201d][\/et_pb_contact_field][\/et_pb_contact_form][\/et_pb_column][et_pb_column type=\u201d1_2\u2033 _builder_version=\u201d4.17.1\u2033 _module_preset=\u201ddefault\u201d global_colors_info=\u201d{}\u201d][et_pb_blurb title=\u201dTelefon\u201d use_icon=\u201don\u201d font_icon=\u201d\ue090||divi||400\u2033 icon_color=\u201d#22434a \u201eicon_placement =\u201d left\u201d image_icon_width = \u201e20px\u201d content_max_width =\u201d 100%\u201e\u201d icon_placement_tablet\u0103 = \u201est\u00e2nga\u201d icon_placement_phone = \u201est\u00e2nga\u201d icon_placement_last_edited = \u201epe tableta |\u201d icon_alignment_tablet\u0103 = \u201e\u201d icon_alignment_phone = \u201e\u201d icon_alignment_last_edited = \u201epe | desktop\u201d _builder_version = \u201e4.21.0 \u2032 _module_preset =\u201d b62950b2-9f88-417a-a624-825d61ec2a3d\u201d header_font = \u201eSegoe Boot Semilight | 700 |||||||\u201d header_text_align = \u201est\u00e2nga\u201d header_text_color =\u201d#22434a\u201d header_font_sise = \u201e22px\u201d body_font = \u201eSegoe Boot Semilight ||||||||\u201d body_text_align = \u201eleft\u201d body_text_color =\u201d#22434a body_font_sise = \u00ab18px\u00bb body_link_text_color =\u201d#22434a \u201eimage_icon_custom_margin_tablet\u0103 =\u201d |||| fals | fals \u201eimage_icon_custom_margin_phone =\u201d |||| fals | \u201eimage_icon_custom_margin_last_edited =\u201d pe | tablet\u0103 \u201ecustoms_margin =\u201d | fals \u201ecustoms_margin_tablet\u0103 =\u201d \ufffd 210px |||| fals |||| 0 |||| 180px |||| 2 |||| 3 |||| 4px \u201eheader_font_size_last_edited =\u201d 520px \u201eheader_font_size_last_edited =\u201d pe |||| 16 |||| 6px \u201ebody_font_size_phone =\u201d 716px \u201ebody_font_size_edited =\u201d pe |||| 14<\/p>\n<p><a href=\"tel:06306253430\">+36306253430<\/a><\/p>\n<p>[\/et_pb_blurb] [et_pb_blurb title = \u201eEmail\u201d use_icon =\u201d on\u201d font_icon = \u201e|| divi || 400 \u2032 \u2032 icon_color =\u201d#22434a \u201eicon_placement =\u201d left\u201d image_icon_width = \u201e20px\u201d content_max_width =\u201d 100%\u2019_Builder_version =\u2019 4.21.0 \u2032 \u2032 _module_preset =\u2019b62950b2-9f88-417a-a624-825d61ec2a3d\u2019 header_font =\u2019Semilight Segoe Boot | 700\u2019 header_text_color =\u201d#22434a\u201d header_font_sise = \u201e22px\u201d body_font = \u201eSegoe Boot Semilight ||||||||\u201d body_text_color =\u201d#22434a body_font_sise = \u00ab18px\u00bb body_link_text_color =\u201d#22434a \u201eimage_icon_custom_margin_tablet\u0103 =\u201d |||| fals | fals \u201eimage_icon_custom_margin_phone =\u201d |||| fals | \u201eimage_icon_custom_margin_last_edited =\u201d pe | tablet\u0103 \u201ecustoms_margin =\u201d | fals |||| \u201ecustoms_margin_tablet\u0103 =\u201d \ufffd 210px |||| 0 |||| 180px |||| 2 |||| 3px \u201eer_font_size_phone =\u201d 420px \u201eheader_font_size_last_edited =\u201d pe |||| 16px \u201ebody_font_size_phone =\u201d 516px \u201ebody_font_size_last_edited =\u201d pe |||| 14<\/p>\n<p><a href=\"mailto:info@torodes.com\">info@t\u00f6r\u0151d\u00e9s.com<\/a><\/p>\n<p>[\/et_pb_blurb] [et_pb_blurb title = \u201eour address\u201d use_icon = \u201eon\u201d font_icon = \u201e|| fa || 900 \u2032 \u2032 icon_color =\u201d#22434a \u201eicon_placement =\u201d left\u201d image_icon_width = \u201e20px\u201d content_max_width =\u201d 100%\u2019_Builder_version =\u2019 4.21.0 \u2032 \u2032 _module_preset =\u2019b62950b2-9f88-417a-a624-825d61ec2a3d\u2019 header_font =\u2019Semilight Segoe Boot | 700\u2019 header_text_color =\u201d#22434a\u201d header_font_sise = \u201e22px\u201d body_font = \u201eSegoe Boot Semilight ||||||||\u201d body_text_color =\u201d#22434a\u2019body_font_sise =\u2019 18px\u2019image_icon_custom_margin_tablet =\u2019 |||| false | false\u2019image_icon_custom_margin_phone =\u2019 |||| false | \u2019image_icon_custom_margin_last_edited =\u2019 pe | tableta\u2019custom_margin =\u2019 | false megfalse\u2019customs_margin_tablet\u0103 =\u2019 \u01b0210px liefalse |||| 0 |||| 180px |||| 2 |||| 3 |||| 420px\u2019header_font_size_phone =\u2019 16px\u2019header_font_size_last_edited =\u2019 on |||| 516px\u2019body_font_size_phone =\u2019 14px\u2019body_font_size_last_edited =\u2019 pe |||| 6<\/p>\n<p>6726, Szeged<br \/>Strada Albert Szent-Gy\u00f6rgyi 23<\/p>\n<p>[\/et_pb_blurb] [et_pb_icon font_icon = \u201e|| fa || 400 \u2032 \u2032 icon_color =\u201d#4267B2 \u2032 icon_l\u0103\u021bime = \u201e60px\u201d url = \u201ehttps:\/\/www.facebook.com\/torodesofficial\u201d url_new_window = \u201eon\u201d align = \u201eleft\u201d _builder_version = \u201e4.21.0 \u2032 \u2032 _module_preset =\u201d default\u201d customs_margin = \u201e|||| fals | fals\u201d custom_margin_tablet\u0103 = \u201e||| 200px | fals | fals\u201d custom_margin_phone = \u201e| 80px megfals aranjfals\u201d custom_margin_last_edited = \u201eon-ignitablet\u201d global_colors_info = \u201e{}\u201d] [\/et_pb_icon] [et_pb_icon font_icon = \u201e|||| 0 |||| 1400 \u2032 \u2032 icon_color =\u201d#FB3958 \u2032 \u2032 icon_width = \u201e60px\u201d url = \u201ehttps:\/\/www.instagram.com\/torodesofficial\/\u201d url_new_window = \u201eon\u201d align_tablet = \u201ealign_phone =\u201d center \u201ealign_last_edited =\u201d pe | phone\u2019_builder_version = \u201e4.21.0 \u2032 \u2032 _module_preset =\u201d default \u201ecustoms_margin =\u201d -88px | 100px ||| fals | fals\u201d custom_margin_tablet\u0103 = \u201e-88px ||| 100px ||| fals arrafalse arrangfals_margin_phone = \u201e-88px\u01b0170px liefalse | 0 | 1 | 2 | 3<\/p>","protected":false},"excerpt":{"rendered":"<p>+ 36306253430info@t\u00f6r\u0151d\u00e9s.com6726, Albert Street Szeged Szent-Gy\u00f6rgyi 23<\/p>","protected":false},"author":1,"featured_media":0,"parent":0,"menu_order":0,"comment_status":"closed","ping_status":"closed","template":"","meta":{"_et_pb_use_builder":"on","_et_pb_old_content":"","_et_gb_content_width":"","slim_seo":{"title":"Kapcsolat | T\u00f6r\u0151d\u00e9s Ment\u00e1lis Eg\u00e9szs\u00e9gk\u00f6zpont","description":"Kapcsolatfelv\u00e9teli \u0171rlapunkat itt tal\u00e1lja meg.","facebook_image":"https:\/\/torodes.com\/wp-content\/uploads\/2023\/01\/Torodes_logo_szines_3.png","twitter_image":"https:\/\/torodes.com\/wp-content\/uploads\/2023\/01\/Torodes_logo_szines_3.png"},"footnotes":""},"class_list":["post-115","page","type-page","status-publish","hentry"],"_links":{"self":[{"href":"https:\/\/torodes.com\/ro\/wp-json\/wp\/v2\/pages\/115","targetHints":{"allow":["GET"]}}],"collection":[{"href":"https:\/\/torodes.com\/ro\/wp-json\/wp\/v2\/pages"}],"about":[{"href":"https:\/\/torodes.com\/ro\/wp-json\/wp\/v2\/types\/page"}],"author":[{"embeddable":true,"href":"https:\/\/torodes.com\/ro\/wp-json\/wp\/v2\/users\/1"}],"replies":[{"embeddable":true,"href":"https:\/\/torodes.com\/ro\/wp-json\/wp\/v2\/comments?post=115"}],"version-history":[{"count":4,"href":"https:\/\/torodes.com\/ro\/wp-json\/wp\/v2\/pages\/115\/revisions"}],"predecessor-version":[{"id":1528,"href":"https:\/\/torodes.com\/ro\/wp-json\/wp\/v2\/pages\/115\/revisions\/1528"}],"wp:attachment":[{"href":"https:\/\/torodes.com\/ro\/wp-json\/wp\/v2\/media?parent=115"}],"curies":[{"name":"wp","href":"https:\/\/api.w.org\/{rel}","templated":true}]}}