{"id":113,"date":"2023-01-28T17:43:33","date_gmt":"2023-01-28T16:43:33","guid":{"rendered":"https:\/\/torodes.com\/?page_id=113"},"modified":"2024-09-10T15:51:13","modified_gmt":"2024-09-10T13:51:13","slug":"arak","status":"publish","type":"page","link":"https:\/\/torodes.com\/ro\/arak\/","title":{"rendered":"Pre\u021buri"},"content":{"rendered":"<p>[et_pb_section fb_building = \u201e1 \u2032 \u2032 next_background _color =\u201d#FFFFFF\u2019admin_label = \u201eHeader\u201d _builder_version = \u201e4.21.0 \u2032 \u2032 _module_preset =\u201d default\u201d background _enable_color = \u201eoff\u201d background _image = \u201ehttps:\/\/t\u00f6r\u0151d\u00e9s.com\/wp-content\/uploads\/2023\/06\/\u00e1raink-scaled.jpg\u201d background _position = \u201etop_center\u201d background _vertical_offset = \u201e0%\u201e\u201d min_height =\u201d 500px \u201emin_height_tablet =\u201d 500px \u201emin_height_phone =\u201d 300px \u201emin_height_last_edited =\u201d pe | desktop \u201ecustoms_pading =\u201d || 16VW || fals | fals \u201ebottom _divider_style =\u201d curve2 \u2032 collapsed =\u201d off \u201eglobal_colors_info =\u201d {} \u201e] [et_pb_section] [et_pb_section fb_building =\u201d 1 \u2032 _builder_version = \u201e4.20.4 \u2032 \u2032 \u2032 _module_preset =\u201d implicit \u201eback_enable_color =\u201d off \u201eglo global_colors_info =\u201d {} \u201e] [et_pb_row _builder_version =\u201d 4.20.4 \u2032 _module_preset = \u201eimplicit\u201d _color = BARG255,255,255, \u201eglobal_colors_info =\u201d {} \u201e] [et_pb_column type =\u201d 4_4 \u2032 \u2032 _builder_version = \u201e4.20.4 \u2032 \u2032 _module_preset =\u201d implicit \u201eglobal_colors_info =\u201d {} \u201e] [et_pb_pricing_tables header_background _color =\u201d RGBA (255,255,255.0) \u201ebullet_color =\u201d#22434a\u2019_builder_version = \u00ab4.27.0 \u2032 \u2032 _module_preset =\u00bb implicit\u2019 currency_requency_text_color =\u00bb#000000 \u2032 \u2032 subheader_text_color =\u201d#22434a\u201d body_text_color =\u201d#22434a \u201eheader_text_color =\u201d#22434a \u201eheader_font = \u201e|||| on |||| solid\u201d background _color = \u201eRGBA (255,255,255,0)\u201d hover_enabled = \u201e0 \u2032 border_width_all = \u201e0px\u201d border_color_all =\u201d#22434a\u201d global_colors_info=\u201d{}\u201d featured_table_bullet_color__hover_enabled=\u201doff|desktop\u201d sticky_enabled=\u201d0\u2033][et_pb_pricing_table featured=\u201don\u201d title=\u201dPszichol\u00f3giai tan\u00e1csad\u00e1s\u201d per=\u201d50 perc\u201d sum=\u201d10.000-20.000 Ft \u201d _builder_version=\u201d4.27.0\u2033 _module_preset=\u201ddefault\u201d header_level=\u201dh2\u2033 price_text_align=\u201dcenter\u201d price_font_size=\u201d35px\u201d price_letter_spacing=\u201d0px\u201d currency_frequency_font_size=\u201d25px\u201d currency_frequency_letter_spacing=\u201d1px\u201d currency_frequency_line_height=\u201d1.8em\u201d custom_padding=\u201d30px|40px|30px|40px|true|false\u201d custom_padding_tablet=\u201d20px|40px|20px|40px|true|false\u201d custom_padding_phone=\u201d20px|40px|20px|40px|true|false\u201d custom_padding_last_edited=\u201don|tablet\u201d hover_enabled=\u201d0\u2033 header_font_size_tablet=\u201d22px\u201d header_font_size_phone=\u201d22px\u201d header_font_size_last_edited=\u201don|tablet\u201d price_text_align_last_edited=\u201doff|tablet\u201d price_font_size_tablet=\u201d37px\u201d price_font_size_phone=\u201d38px\u201d price_font_size_last_edited=\u201don|desktop\u201d currency_frequency_font_size_tablet=\u201d15px\u201d currency_frequency_font_size_phone=\u201d15px\u201d currency_frequency_font_size_last_edited=\u201don|tablet\u201d currency_frequency_letter_spacing_tablet=\u201d0px\u201d currency_frequency_letter_spacing_phone=\u201d0px\u201d currency_frequency_letter_spacing_last_edited=\u201don|tablet\u201d text_orientation_tablet=\u201dcenter\u201d text_orientation_phone=\u201dcenter\u201d text_orientation_last_edited=\u201don|tablet\u201d border_width_all_price=\u201d0px\u201d border_color_all_price=\u201dRGBA(255,255,255,0)\u201d global_colors_info=\u201d{}\u201d border_radii_price__hover_enabled=\u201doff|desktop\u201d sticky_transition=\u201don\u201d sticky_enabled=\u201d0\u2033][\/et_pb_pricing_table][et_pb_pricing_table featured=\u201don\u201d title=\u201dEgy\u00e9ni ter\u00e1pia\u201d per=\u201d50 perc\u201d sum=\u201d10.000-20.000 Ft \u201d _builder_version=\u201d4.27.0\u2033 _module_preset=\u201ddefault\u201d header_level=\u201dh2\u2033 price_text_align=\u201dcenter\u201d price_font_size=\u201d35px\u201d price_letter_spacing=\u201d0px\u201d currency_frequency_font_size=\u201d25px\u201d currency_frequency_letter_spacing=\u201d1px\u201d currency_frequency_line_height=\u201d1.8em\u201d custom_padding=\u201d30px|40px|30px|40px|true|false\u201d custom_padding_tablet=\u201d20px|40px|20px|40px|true|false\u201d custom_padding_phone=\u201d20px|40px|20px|40px|true|false\u201d custom_padding_last_edited=\u201don|tablet\u201d hover_enabled=\u201d0\u2033 header_font_size_tablet=\u201d22px\u201d header_font_size_phone=\u201d22px\u201d header_font_size_last_edited=\u201don|tablet\u201d price_text_align_last_edited=\u201doff|tablet\u201d price_font_size_tablet=\u201d37px\u201d price_font_size_phone=\u201d38px\u201d price_font_size_last_edited=\u201don|desktop\u201d currency_frequency_font_size_tablet=\u201d15px\u201d currency_frequency_font_size_phone=\u201d15px\u201d currency_frequency_font_size_last_edited=\u201don|tablet\u201d currency_frequency_letter_spacing_tablet=\u201d0px\u201d currency_frequency_letter_spacing_phone=\u201d0px\u201d currency_frequency_letter_spacing_last_edited=\u201don|tablet\u201d text_orientation_tablet=\u201dcenter\u201d text_orientation_phone=\u201dcenter\u201d text_orientation_last_edited=\u201don|tablet\u201d border_width_all_price=\u201d0px\u201d border_color_all_price=\u201dRGBA(255,255,255,0)\u201d global_colors_info=\u201d{}\u201d border_radii_price__hover_enabled=\u201doff|desktop\u201d sticky_transition=\u201don\u201d sticky_enabled=\u201d0\u2033][\/et_pb_pricing_table][\/et_pb_pricing_tables][et_pb_pricing_tables header_background_color=\u201dRGBA(255,255,255,0)\u201d bullet_color=\u201d#22434a\u2019_builder_version = \u00ab4.21.0 \u2032 \u2032 _module_preset =\u00bb implicit\u2019 currency_requency_text_color =\u00bb#000000 \u2032 \u2032 subheader_text_color =\u201d#22434a\u201d body_text_color =\u201d#22434a \u201eheader_text_color =\u201d#22434a \u201eheader_font = \u00ab|||| on |||| solid\u00bb background _color = \u00abRGBA (255,255,255.0)\u00bb border_width_all = \u00ab0px\u00bb border_color_all =\u201d#22434a\u201d global_colors_info=\u201d{}\u201d featured_table_bullet_color__hover_enabled=\u201doff|desktop\u201d][et_pb_pricing_table featured=\u201don\u201d title=\u201dP\u00e1rter\u00e1pia\u201d per=\u201d90 perc\u201d sum=\u201d25.000 Ft \u201d _builder_version=\u201d4.21.0\u2033 _module_preset=\u201ddefault\u201d header_level=\u201dh2\u2033 price_text_align=\u201dcenter\u201d price_font_size=\u201d35px\u201d price_letter_spacing=\u201d0px\u201d currency_frequency_font_size=\u201d25px\u201d currency_frequency_letter_spacing=\u201d1px\u201d currency_frequency_line_height=\u201d1.8em\u201d custom_padding=\u201d30px|40px|30px|40px|true|false\u201d custom_padding_tablet=\u201d20px|40px|20px|40px|true|false\u201d custom_padding_phone=\u201d20px|40px|20px|40px|true|false\u201d custom_padding_last_edited=\u201don|tablet\u201d header_font_size_tablet=\u201d22px\u201d header_font_size_phone=\u201d22px\u201d header_font_size_last_edited=\u201don|tablet\u201d price_text_align_last_edited=\u201doff|tablet\u201d price_font_size_tablet=\u201d37px\u201d price_font_size_phone=\u201d38px\u201d price_font_size_last_edited=\u201don|desktop\u201d currency_frequency_font_size_tablet=\u201d15px\u201d currency_frequency_font_size_phone=\u201d15px\u201d currency_frequency_font_size_last_edited=\u201don|tablet\u201d currency_frequency_letter_spacing_tablet=\u201d0px\u201d currency_frequency_letter_spacing_phone=\u201d0px\u201d currency_frequency_letter_spacing_last_edited=\u201don|tablet\u201d text_orientation_tablet=\u201dcenter\u201d text_orientation_phone=\u201dcenter\u201d text_orientation_last_edited=\u201don|tablet\u201d border_width_all_price=\u201d0px\u201d border_color_all_price=\u201dRGBA(255,255,255,0)\u201d global_colors_info=\u201d{}\u201d border_radii_price__hover_enabled=\u201doff|desktop\u201d sticky_transition=\u201don\u201d][\/et_pb_pricing_table][et_pb_pricing_table featured=\u201don\u201d title=\u201dCsal\u00e1dter\u00e1pia\u201d per=\u201d90 perc\u201d sum=\u201d25.000 Ft \u201d _builder_version=\u201d4.21.0\u2033 _module_preset=\u201ddefault\u201d header_level=\u201dh2\u2033 price_text_align=\u201dcenter\u201d price_font_size=\u201d35px\u201d price_letter_spacing=\u201d0px\u201d currency_frequency_font_size=\u201d25px\u201d currency_frequency_letter_spacing=\u201d1px\u201d currency_frequency_line_height=\u201d1.8em\u201d custom_padding=\u201d30px|40px|30px|40px|true|false\u201d custom_padding_tablet=\u201d20px|40px|20px|40px|true|false\u201d custom_padding_phone=\u201d20px|40px|20px|40px|true|false\u201d custom_padding_last_edited=\u201don|tablet\u201d header_font_size_tablet=\u201d22px\u201d header_font_size_phone=\u201d22px\u201d header_font_size_last_edited=\u201don|tablet\u201d price_text_align_last_edited=\u201doff|tablet\u201d price_font_size_tablet=\u201d37px\u201d price_font_size_phone=\u201d38px\u201d price_font_size_last_edited=\u201don|desktop\u201d currency_frequency_font_size_tablet=\u201d15px\u201d currency_frequency_font_size_phone=\u201d15px\u201d currency_frequency_font_size_last_edited=\u201don|tablet\u201d currency_frequency_letter_spacing_tablet=\u201d0px\u201d currency_frequency_letter_spacing_phone=\u201d0px\u201d currency_frequency_letter_spacing_last_edited=\u201don|tablet\u201d text_orientation_tablet=\u201dcenter\u201d text_orientation_phone=\u201dcenter\u201d text_orientation_last_edited=\u201don|tablet\u201d border_width_all_price=\u201d0px\u201d border_color_all_price=\u201dRGBA(255,255,255,0)\u201d global_colors_info=\u201d{}\u201d border_radii_price__hover_enabled=\u201doff|desktop\u201d sticky_transition=\u201don\u201d][\/et_pb_pricing_table][\/et_pb_pricing_tables][et_pb_pricing_tables header_background_color=\u201dRGBA(255,255,255,0)\u201d bullet_color=\u201d#22434a\u2019_builder_version = \u00ab4.21.0 \u2032 \u2032 _module_preset =\u00bb implicit\u2019 currency_requency_text_color =\u00bb#000000 \u2032 \u2032 subheader_text_color =\u201d#22434a\u201d body_text_color =\u201d#22434a \u201eheader_text_color =\u201d#22434a \u201eheader_font = \u00ab|||| on |||| solid\u00bb background _color = \u00abRGBA (255,255,255.0)\u00bb border_width_all = \u00ab0px\u00bb border_color_all =\u201d#22434a\u201d global_colors_info=\u201d{}\u201d featured_table_bullet_color__hover_enabled=\u201doff|desktop\u201d][et_pb_pricing_table featured=\u201don\u201d title=\u201dMedi\u00e1ci\u00f3\u201d per=\u201d90 perc\u201d sum=\u201d20.000 Ft \u201d _builder_version=\u201d4.21.0\u2033 _module_preset=\u201ddefault\u201d header_level=\u201dh2\u2033 price_text_align=\u201dcenter\u201d price_font_size=\u201d35px\u201d price_letter_spacing=\u201d0px\u201d currency_frequency_font_size=\u201d25px\u201d currency_frequency_letter_spacing=\u201d1px\u201d currency_frequency_line_height=\u201d1.8em\u201d custom_padding=\u201d30px|40px|30px|40px|true|false\u201d custom_padding_tablet=\u201d20px|40px|20px|40px|true|false\u201d custom_padding_phone=\u201d20px|40px|20px|40px|true|false\u201d custom_padding_last_edited=\u201don|tablet\u201d header_font_size_tablet=\u201d22px\u201d header_font_size_phone=\u201d22px\u201d header_font_size_last_edited=\u201don|tablet\u201d price_text_align_last_edited=\u201doff|tablet\u201d price_font_size_tablet=\u201d37px\u201d price_font_size_phone=\u201d38px\u201d price_font_size_last_edited=\u201don|desktop\u201d currency_frequency_font_size_tablet=\u201d15px\u201d currency_frequency_font_size_phone=\u201d15px\u201d currency_frequency_font_size_last_edited=\u201don|tablet\u201d currency_frequency_letter_spacing_tablet=\u201d0px\u201d currency_frequency_letter_spacing_phone=\u201d0px\u201d currency_frequency_letter_spacing_last_edited=\u201don|tablet\u201d text_orientation_tablet=\u201dcenter\u201d text_orientation_phone=\u201dcenter\u201d text_orientation_last_edited=\u201don|tablet\u201d border_width_all_price=\u201d0px\u201d border_color_all_price=\u201dRGBA(255,255,255,0)\u201d global_colors_info=\u201d{}\u201d border_radii_price__hover_enabled=\u201doff|desktop\u201d sticky_transition=\u201don\u201d][\/et_pb_pricing_table][et_pb_pricing_table featured=\u201don\u201d title=\u201dGy\u00e1szfeldolgoz\u00e1s\u201d per=\u201d60 perc\u201d sum=\u201d10.000 Ft \u201d _builder_version=\u201d4.21.0\u2033 _module_preset=\u201ddefault\u201d header_level=\u201dh2\u2033 price_text_align=\u201dcenter\u201d price_font_size=\u201d35px\u201d price_letter_spacing=\u201d0px\u201d currency_frequency_font_size=\u201d25px\u201d currency_frequency_letter_spacing=\u201d1px\u201d currency_frequency_line_height=\u201d1.8em\u201d custom_padding=\u201d30px|40px|30px|40px|true|false\u201d custom_padding_tablet=\u201d20px|40px|20px|40px|true|false\u201d custom_padding_phone=\u201d20px|40px|20px|40px|true|false\u201d custom_padding_last_edited=\u201don|tablet\u201d header_font_size_tablet=\u201d22px\u201d header_font_size_phone=\u201d22px\u201d header_font_size_last_edited=\u201don|tablet\u201d price_text_align_last_edited=\u201doff|tablet\u201d price_font_size_tablet=\u201d37px\u201d price_font_size_phone=\u201d38px\u201d price_font_size_last_edited=\u201don|desktop\u201d currency_frequency_font_size_tablet=\u201d15px\u201d currency_frequency_font_size_phone=\u201d15px\u201d currency_frequency_font_size_last_edited=\u201don|tablet\u201d currency_frequency_letter_spacing_tablet=\u201d0px\u201d currency_frequency_letter_spacing_phone=\u201d0px\u201d currency_frequency_letter_spacing_last_edited=\u201don|tablet\u201d text_orientation_tablet=\u201dcenter\u201d text_orientation_phone=\u201dcenter\u201d text_orientation_last_edited=\u201don|tablet\u201d border_width_all_price=\u201d0px\u201d border_color_all_price=\u201dRGBA(255,255,255,0)\u201d global_colors_info=\u201d{}\u201d border_radii_price__hover_enabled=\u201doff|desktop\u201d sticky_transition=\u201don\u201d][\/et_pb_pricing_table][\/et_pb_pricing_tables][\/et_pb_column][\/et_pb_row][\/et_pb_section]<\/p>","protected":false},"excerpt":{"rendered":"","protected":false},"author":1,"featured_media":0,"parent":0,"menu_order":0,"comment_status":"closed","ping_status":"closed","template":"","meta":{"_et_pb_use_builder":"on","_et_pb_old_content":"","_et_gb_content_width":"","slim_seo":{"title":"\u00c1rak | T\u00f6r\u0151d\u00e9s Ment\u00e1lis Eg\u00e9szs\u00e9gk\u00f6zpont","description":"Tekintse meg \u00e1rainkat. Pszichol\u00f3giai tan\u00e1csad\u00e1s, Egy\u00e9ni ter\u00e1pia, P\u00e1rter\u00e1pia...","facebook_image":"https:\/\/torodes.com\/wp-content\/uploads\/2023\/01\/Torodes_logo_szines_3.png","twitter_image":"https:\/\/torodes.com\/wp-content\/uploads\/2023\/01\/Torodes_logo_szines_3.png"},"footnotes":""},"class_list":["post-113","page","type-page","status-publish","hentry"],"_links":{"self":[{"href":"https:\/\/torodes.com\/ro\/wp-json\/wp\/v2\/pages\/113","targetHints":{"allow":["GET"]}}],"collection":[{"href":"https:\/\/torodes.com\/ro\/wp-json\/wp\/v2\/pages"}],"about":[{"href":"https:\/\/torodes.com\/ro\/wp-json\/wp\/v2\/types\/page"}],"author":[{"embeddable":true,"href":"https:\/\/torodes.com\/ro\/wp-json\/wp\/v2\/users\/1"}],"replies":[{"embeddable":true,"href":"https:\/\/torodes.com\/ro\/wp-json\/wp\/v2\/comments?post=113"}],"version-history":[{"count":1,"href":"https:\/\/torodes.com\/ro\/wp-json\/wp\/v2\/pages\/113\/revisions"}],"predecessor-version":[{"id":1355,"href":"https:\/\/torodes.com\/ro\/wp-json\/wp\/v2\/pages\/113\/revisions\/1355"}],"wp:attachment":[{"href":"https:\/\/torodes.com\/ro\/wp-json\/wp\/v2\/media?parent=113"}],"curies":[{"name":"wp","href":"https:\/\/api.w.org\/{rel}","templated":true}]}}