{"id":3,"date":"2023-01-27T19:32:24","date_gmt":"2023-01-27T18:32:24","guid":{"rendered":"https:\/\/torodes.com\/?page_id=3"},"modified":"2023-07-19T09:32:59","modified_gmt":"2023-07-19T07:32:59","slug":"adatkezelesi-tajekoztato","status":"publish","type":"page","link":"https:\/\/torodes.com\/en\/adatkezelesi-tajekoztato\/","title":{"rendered":"Data Processing Information Note"},"content":{"rendered":"<p>[et_pb_section fb_built=\u201d1\u2032\u2032 admin_label=\u201cSection\u201d _builder_version=\u201c4.21.0\u2032\u2032 _module_preset=\u201ddefault\u201d background_enable_color=\u201coff\u201d global_colors_info=\u201c{}\u201d][et_pb_row _builder_version=\u201cdefault\u201d global_colors_info=\u201c{}\u201d][et_pb_column type=\u201c4_4\u2032\u2032\u2032 _builder_version=\u201c4.21.0\u2032 _module_preset=\u201ddefault\u201d global_colors_info=\u201c{}\u201d][et_pb_text _builder_version=\u201c4.21.0\u2032\u2032 _module_preset=\u201db327be4-b1d 45b66-37-40c8f2061ba\u201d header_2_font=\u201cSegoe Boot Semilight|700||||on|||\u201d header_2_text_color=\u201d#c6a86c\u201d header_2_font_sise=\u201c60px\u201d header_2_line_height=\u201c1.2em\u201d text_orientation=\u201ccenter\u201d customs_margin=\u201c||0px||false|false\u201d hover_enabled=\u201c0\u201d header_2_font_size_tablet=\u201c32px\u201d header_2_font_size_phone=\u201c26px\u201d header_2_font_size_last_edited=\u201con|tablet\u201d border_color_all=\u201d#003319\u2032\u2032 global_colors_info=\u201c{}\u201d sticky_enabled=\u201c0\u2032\u2032]<\/p>\n<h2>Data Processing Information Note<\/h2>\n<p>[\/et_pb_text][\/et_pb_column][\/et_pb_row][\/et_pb_section][et_pb_section fb_built=\u201d1\u2032\u2032 admin_label=\u201csection\u201d _builder_version=\u201c4.21.0\u2032\u2032 background_enable_color=\u201doff\u201d global_colors_info=\u201c{}\u201d][et_pb_row admin_label=\u201crow\u201d _builder_version=\u201c4.16\u2032 background_sise=\u201dinitial\u201d background_position=\u201ctop_left\u201d background_repeat=\u201crepeat\u201d global_colors_info=\u201c{}\u201d][et_pb_conlum type=\u201c4_4\u2032\u2032 _builder_version=\u201d4.16\u2032 custom_padding=\u201c|||\u201d global_colors_info=\u201c{}\u201d customs_padding__hover=\u2018|||\u2019][et_pb_text admin_label=\u2018Text\u2019 _builder_version=\u20184.21.0\u2032\u2032 text_text_color=\u2019#c6a76c\u201d text_font_sise=\u201c16px\u201d header_text_color=\u201d#c6a76c\u201d header_2_text_color=\u201d#c6a76c\u201d background_sise=\u201cinitial\u201d background_position=\u201dtop_left\u201d background_repeat=\u201crepeat\u201d hover_enabled=\u201c0\u201d text_font_size_tablet=\u201c16px\u201d text_font_size_phone=\u201c16px\u201d text_font_size_last_edited=\u201con|desktop\u201d header_2_text_align_tablet=\u201cjustify\u201d header_2_text_align_phone=\u201ccenter\u201d header_2_text_align_last_edited=\u201con|tablet\u201d header_2_font_size_tablet=\u201cheader_2_size_phone=\u201dheader_2_font_size_lastedited=\u201con|desktop\u201d text_ientation_tablet=\u201cjustified\u201d text_orientation_phone=\u201ccenter\u201d text_orientation_last_edited=\u201con|phone\u201d global_colors_info=\u201c{}\u201d text_font=\u201cSegoe Boot Semilight||||||||\u201d sticky_enabled=\u201c0\u2032\u2032]<\/p>\n<p><strong>Care Mental Health Focal Point<\/strong><br \/><strong>your data protection factsheet<\/strong><\/p>\n<p>&nbsp;<\/p>\n<ol>\n<li><strong>Introductory<\/strong><br \/>A <a href=\"https:\/\/torodes.com\/en\/\">https:\/\/torodes.com<\/a> the website is operated by Mikl\u00f3s Gerg\u0151 E.V. Horv\u00e1th as a website operator and by Rackhost Zrt. as a data processor. A user is any person who visits the website and uses its services. There is no registration on the website.<\/li>\n<\/ol>\n<p><strong>Data controller details:<\/strong><\/p>\n<p><strong>\/<\/strong><strong>The Data Controller: <\/strong>\u201ccontroller\u201d means the natural or legal person, public authority, agency or other body which, alone or jointly with others, determines the purposes and means of the processing of personal data; where the purposes and means of processing are determined by Union or Member State law, the controller or the specific criteria for its nomination may be provided for by Union or Member State law.<strong>\/<\/strong><\/p>\n<p>Name: Mr Mikl\u00f3s Gerg\u0151 E.V. Horv\u00e1th<br \/>Seat: 6800, H\u00f3dmez\u0151v\u00e1s\u00e1rhely, lucky street 18<br \/>Postal address: 6800, H\u00f3dmez\u0151v\u00e1s\u00e1rhely, lucky street 18<br \/>Tax number: 69717156-1-26<br \/>E-mail: <a href=\"mailto:hmgergo.ev@gmail.com\">hmgergo.ev@gmail.com<\/a><br \/>Telephone: +\u00a036\u00a020\u00a0935\u00a07085<\/p>\n<p><strong>Data of the processor:<\/strong><\/p>\n<p>\/Data processor: carrying out the technical tasks relating to processing operations, irrespective of the method and means used to carry out those operations and irrespective of the place of application, provided that the technical task is carried out on the data\/<\/p>\n<p>Name: Rackhost Zrt.<br \/>Seat: 6722 Szeged, Tisza Lajos k\u00f6r\u00fat 41<br \/>E-mail: <a href=\"mailto:info@rackhost.hu\">info@rackhost.hu<\/a><br \/>Telephone: +\u00a036\u00a01\u00a0445\u00a01200<br \/>Fax: +\u00a036\u00a01\u00a0445\u00a01201<br \/>Website: <a href=\"http:\/\/www.rackhost.hu\">www.rackhost.hu<\/a><\/p>\n<p>&nbsp;<\/p>\n<p>&nbsp;<\/p>\n<ol start=\"2\">\n<li><strong>Scope and amendment of the conditions of use<\/strong><\/li>\n<\/ol>\n<p><strong>The scope of these Terms and Conditions is limited to <\/strong><a href=\"https:\/\/torodes.com\/en\/\">https:\/\/torodes.com<\/a><strong> it covers a website. Unless otherwise specified, the Terms and Conditions do not apply to websites that: <\/strong><a href=\"https:\/\/torodes.com\/en\/\">https:\/\/torodes.com<\/a><strong> it can be accessed via a link on a website.<\/strong><\/p>\n<p><strong>The right to amend these conditions is reserved to Mikl\u00f3s Gerg\u0151 Horv\u00e1th E.V. \u00a0<\/strong><\/p>\n<p>&nbsp;<\/p>\n<ol start=\"3\">\n<li><strong>Data processing<\/strong><\/li>\n<\/ol>\n<p><strong>A <\/strong><a href=\"https:\/\/torodes.com\/en\/\">https:\/\/torodes.com<\/a><strong> when visiting a website, the client of the user concerned is automatically registered (in addition: the IP address of your computer, which may be public or non-public, the start and end times of your visit or, depending on your computer setting, the type of browser and operating system, as well as the geographical location that can be determined from your IP address. The data thus recorded cannot be linked to other personal data at all, but only for statistical purposes in order to further develop the website.<\/strong><\/p>\n<p><strong>Mikl\u00f3s Gerg\u0151 E.V. Horv\u00e1th reserves the right to place a \u201ccookie\u201d on the user\u2019s client (Cookie: alphanumeric variable information package sent by the web server). The user can block this by setting his browser.<\/strong><\/p>\n<p><strong>\u00a0<\/strong><\/p>\n<ol start=\"4\">\n<li><strong>User\u2019s duties and responsibilities<\/strong><\/li>\n<\/ol>\n<p>The user is obliged to exercise due diligence in providing his\/her data (in this case: <strong>Newsletter<\/strong>). The user can only visit the website under his own responsibility. Mikl\u00f3s Gerg\u0151 E.V. Horv\u00e1th does not accept liability for any damage or inconvenience caused to the user during use as a result of the user\u2019s failure to act with due diligence.<br \/>The user must use the website fairly, taking into account the rights and interests of others. The user shall comply with the legislation in force and shall refrain from any action which is unlawful or which harms the interests of others. In particular, the user must respect the privacy and moral rights of others, intellectual property rights, in particular the rules on the protection of literary, scientific and artistic works, inventions, designs, utility models and trademarks protected by copyright. The user shall refrain from committing an administrative offence or a criminal offence.<\/p>\n<p>All users are obliged to refrain from any action that hinders the intended use of the site. All users are obliged to refrain from any action that would harm the interests of Mikl\u00f3s Gerg\u0151 E.V. Horv\u00e1th. In addition to the above, Mikl\u00f3s Gerg\u0151 E.V. Horv\u00e1th may impose additional restrictions and inform users thereof.<br \/>Users can only provide their own personal data on the website. The provision of data of other persons constitutes unlawful processing which may have consequences laid down in separate legislation.<br \/>If the user infringes the provisions of these Rules or the legislation, Mikl\u00f3s Gerg\u0151 E.V. Horv\u00e1th may restrict or prohibit access to the website.<br \/>If the conduct of the user gives rise to administrative or judicial proceedings, Mikl\u00f3s Gerg\u0151 E.V. Horv\u00e1th may store data necessary for the identification of the user, as well as data relating to the infringement, and pass them on to the competent bodies.<\/p>\n<p>&nbsp;<\/p>\n<ol start=\"5\">\n<li><em><strong>Intellectual property protection<\/strong><\/em><\/li>\n<\/ol>\n<p>All intellectual works published on the website, including, but not limited to, works of authors, databases, search solutions, programs and codes used, published data, trademarks, in particular the logo of the care Mental Health Centre, and patented works, are protected by the law and, unless otherwise indicated, are owned by the care Mental Health Centre.<br \/>In the absence of a written authorisation, the Licensee shall not have any right to use the intellectual property, in particular to copy, reproduce, exploit, sell, modify, adapt or make it available to the public. Intellectual property may only be used in accordance with the relevant legislation, in particular Act LXXVI of 1999 on copyright. Misappropriation has criminal and civil law consequences. A <a href=\"https:\/\/torodes.com\/en\/\">https:\/\/torodes.com<\/a> unless otherwise indicated, the mental health centre has the rights arising from copyright or fiduciary rights in the content of the website. Care The Mental Health Centre has the exclusive right to authorise any material and immaterial use of all or an identifiable part of the content. A licence for each use shall be concluded in advance with the Mental Health Centre. In cases where the Mental Health Centre is not the sole rightholder for any content, the user is obliged to seek permission from all rightholders to use the works.<br \/>Free use shall be free of charge and shall not require authorisation from the Mental Health Centre. Under the provisions on free use, use is permitted or free of charge only in so far as it does not unreasonably prejudice the legitimate interests of the mental health centre or of a third party, and in so far as it meets the requirements of honesty and is not intended for a purpose incompatible with that of free use. Anyone may make a copy of the content of the website for private\/domestic use if it is not used indirectly for the purpose of earning or increasing income. Copies may be made in a manner and to the extent appropriate for the purpose, for private use and for internal institutional purposes other than business activities, for scientific or educational use, provided that they are not used indirectly for the purpose of earning or increasing income. The re-use, reproduction, distribution, storage in a database, downloading and commercialisation of these copies are strictly prohibited.<br \/>Links to the portal may be included in other online services, but the Mental Health Centre for care reserves the right to object to the link and to request its deletion.<\/p>\n<ol start=\"6\">\n<li><em><strong>Continuity of service<\/strong><\/em><\/li>\n<\/ol>\n<p>Mikl\u00f3s Gerg\u0151 E.V. Horv\u00e1th undertakes to take all necessary measures to ensure the uninterrupted and continuous access to the website.Mikl\u00f3s Gerg\u0151 E.V. Horv\u00e1th does not guarantee the uninterrupted availability of the website.Mikl\u00f3s Gerg\u0151 E.V. Horv\u00e1th strives to remedy any disturbances or operational problems that may arise during the operation of the website, but cannot be held responsible for them.<br \/>Mikl\u00f3s Gerg\u0151 E.V. Horv\u00e1th accepts no responsibility for the behaviour of users!<\/p>\n<p><em>\u00a0 \u00a0 \u00a0 7.<strong> Mr Mikl\u00f3s Gerg\u0151 E.V. Horv\u00e1th<\/strong><\/em><strong>of<em> objection lodged<\/em><\/strong><\/p>\n<p>Users can address complaints and complaints directly to Mikl\u00f3s Horv\u00e1th Gerg\u0151 E.V., who will do its utmost to stop and remedy any infringements. Mikl\u00f3s Gerg\u0151 E.V. Horv\u00e1th examines complaints submitted to it and informs the user of its position and the measures taken.<\/p>\n<p>[\/et_pb_text][\/et_pb_column][\/et_pb_row][\/et_pb_section]<\/p>","protected":false},"excerpt":{"rendered":"<p>Information on data processingThe Mental Health Focal Point Information on data protectionThe website available at https:\/\/t\u00f6r\u0151d\u00e9s.com is maintained by Mikl\u00f3s Gerg\u0151 E.V. Horv\u00e1th as a website operator and operated by Rackhost Zrt. as a data processor. A user is any person who visits the website and uses its services. There is no registration on the website. Data controller details: \/Data Controller: a natural or legal person...<\/p>","protected":false},"author":1,"featured_media":0,"parent":0,"menu_order":0,"comment_status":"closed","ping_status":"closed","template":"","meta":{"_et_pb_use_builder":"on","_et_pb_old_content":"<!-- wp:heading --><h2>Kik vagyunk<\/h2><!-- \/wp:heading --><!-- wp:paragraph --><p><strong class=\"privacy-policy-tutorial\">Javasolt sz\u00f6veg: <\/strong>A weboldalunk c\u00edme: https:\/\/torodes.com.<\/p><!-- \/wp:paragraph --><!-- wp:heading --><h2>Hozz\u00e1sz\u00f3l\u00e1sok<\/h2><!-- \/wp:heading --><!-- wp:paragraph --><p><strong class=\"privacy-policy-tutorial\">Javasolt sz\u00f6veg: <\/strong>Hozz\u00e1sz\u00f3l\u00e1s bek\u00fcld\u00e9sekor a hozz\u00e1sz\u00f3l\u00e1si \u0171rlapban megadottakon k\u00edv\u00fcl begy\u0171jt\u00e9sre ker\u00fcl a hozz\u00e1sz\u00f3l\u00f3 IP c\u00edme \u00e9s a b\u00f6ng\u00e9sz\u0151azonos\u00edt\u00f3 karakterl\u00e1nc a k\u00e9retlen tartalmak kisz\u0171r\u00e9se c\u00e9lj\u00e1b\u00f3l.<\/p><!-- \/wp:paragraph --><!-- wp:paragraph --><p>Egy szem\u00e9lytelen\u00edtett, az e-mail c\u00edmb\u0151l el\u0151\u00e1ll\u00edtott karakterl\u00e1nc (hashnek szok\u00e1s nevezni) ker\u00fcl tov\u00e1bb\u00edt\u00e1sra a Gravatar szolg\u00e1ltat\u00e1s fel\u00e9, ha ez az oldalon haszn\u00e1latban van. A Gravatar szolg\u00e1ltat\u00e1s felt\u00e9telei az al\u00e1bbi c\u00edmen tekinthet\u0151ek meg: https:\/\/automattic.com\/privacy\/. A hozz\u00e1sz\u00f3l\u00e1s elfogad\u00e1sa ut\u00e1n, a hozz\u00e1sz\u00f3l\u00e1sunk tartalma \u00e9s a profil k\u00e9p\u00fcnk is megjelenik nyilv\u00e1nosan.<\/p><!-- \/wp:paragraph --><!-- wp:heading --><h2>M\u00e9dia<\/h2><!-- \/wp:heading --><!-- wp:paragraph --><p><strong class=\"privacy-policy-tutorial\">Javasolt sz\u00f6veg: <\/strong>Amennyiben regisztr\u00e1lt felhaszn\u00e1l\u00f3 \u00e1ltal ker\u00fcl k\u00e9p felt\u00f6lt\u00e9sre a honlapra, ker\u00fclni kell az az olyan EXIF-eket, amelyekben GPS poz\u00edci\u00f3 adatok is szerepelnek. A honlap l\u00e1togat\u00f3i ezeket let\u00f6lthetik \u00e9s kinyerhetik a helyadatokat a honlapon tal\u00e1lhat\u00f3 k\u00e9pekb\u0151l.<\/p><!-- \/wp:paragraph --><!-- wp:heading --><h2>S\u00fctik<\/h2><!-- \/wp:heading --><!-- wp:paragraph --><p><strong class=\"privacy-policy-tutorial\">Javasolt sz\u00f6veg: <\/strong>Ha hozz\u00e1sz\u00f3l\u00e1st \u00edrunk a honlapon, a megadott nevet, e-mail \u00e9s honlap c\u00edmet s\u00fctikben elt\u00e1roljuk. A t\u00e1rol\u00e1s a k\u00e9nyelmi c\u00e9lokat szolg\u00e1l az\u00e9rt, \u00edgy a k\u00f6vetkez\u0151 hozz\u00e1sz\u00f3l\u00e1skor ezeket a mez\u0151 adatokat nem kell kit\u00f6lteni. A s\u00fctik lej\u00e1rati ideje egy \u00e9v.<\/p><!-- \/wp:paragraph --><!-- wp:paragraph --><p>Ha ell\u00e1togatunk a bejelentkez\u00e9si oldalra, akkor \u00e1tmeneti s\u00fctiket \u00e1ll\u00edtunk be annak \u00e9rdek\u00e9ben, hogy meg\u00e1llap\u00edtsuk, hogy a b\u00f6ng\u00e9sz\u0151 elfogadja-e a s\u00fctiket. Ezek a s\u00fctik nem tartalmaznak szem\u00e9lyes inform\u00e1ci\u00f3t, \u00e9s t\u00f6rl\u0151dnek, ahogy bez\u00e1rjuk a b\u00f6ng\u00e9sz\u0151t.<\/p><!-- \/wp:paragraph --><!-- wp:paragraph --><p>A honlapra t\u00f6rt\u00e9n\u0151 bejelentkez\u00e9skor t\u00f6bb s\u00fctit hozunk l\u00e9tre, amely elmenti a bejelentkez\u00e9si inform\u00e1ci\u00f3t \u00e9s a szerkeszt\u0151fel\u00fclet megjelen\u00edt\u00e9si opci\u00f3it. A bejelentkez\u00e9si s\u00fctik k\u00e9t napig \u00e9rv\u00e9nyesek, a szerkeszt\u0151fel\u00fclet megjelen\u00edt\u00e9si opci\u00f3it t\u00e1rol\u00f3 s\u00fcti egy \u00e9vig. Amennyiben az &quot;Eml\u00e9kezz r\u00e1m&quot; opci\u00f3t bejel\u00f6lj\u00fck, a bejelentkez\u00e9s k\u00e9t h\u00e9tig folytat\u00f3dik. Kijelentkez\u00e9skor a bejelentkez\u00e9si s\u00fctik elt\u00e1vol\u00edt\u00e1sra ker\u00fclnek.<\/p><!-- \/wp:paragraph --><!-- wp:paragraph --><p>Amennyiben bejegyz\u00e9st vagy oldalt szerkeszt\u00fcnk, egy \u00fajabb s\u00fctit t\u00e1rol el a b\u00f6ng\u00e9sz\u0151nk. Ez a s\u00fcti nem tartalmaz szem\u00e9lyes adatot, egyszer\u0171en csak a bejegyz\u00e9s azonos\u00edt\u00f3 sz\u00e1m\u00e1t t\u00e1rolja, amelyet szerkesztett\u00fcnk. Egy nap m\u00falva j\u00e1r le az \u00e9rv\u00e9nyess\u00e9ge.<\/p><!-- \/wp:paragraph --><!-- wp:heading --><h2>M\u00e1s honlapokr\u00f3l sz\u00e1rmaz\u00f3 be\u00e1gyazott tartalmak<\/h2><!-- \/wp:heading --><!-- wp:paragraph --><p><strong class=\"privacy-policy-tutorial\">Javasolt sz\u00f6veg: <\/strong>A honlapon el\u00e9rhet\u0151 bejegyz\u00e9sek k\u00fcls\u0151 forr\u00e1sb\u00f3l sz\u00e1rmaz\u00f3 be\u00e1gyazott tartalmakat (pl. vide\u00f3k, k\u00e9pek, cikkek stb.) haszn\u00e1lhatnak. A k\u00fcls\u0151 forr\u00e1sb\u00f3l sz\u00e1rmaz\u00f3 be\u00e1gyazott tartalmak pontosan \u00fagy viselkednek, mintha megl\u00e1togattunk volna egy m\u00e1sik honlapot.<\/p><!-- \/wp:paragraph --><!-- wp:paragraph --><p>Ezek a webhelyek lehets\u00e9ges, hogy adatot gy\u0171jtenek a l\u00e1togat\u00f3kr\u00f3l, s\u00fctiket vagy harmadik f\u00e9lt\u0151l sz\u00e1rmaz\u00f3 k\u00f6vet\u0151k\u00f3dot haszn\u00e1lnak, figyelik a be\u00e1gyazott tartalommal kapcsolatos felhaszn\u00e1l\u00f3i viselked\u00e9st, ha rendelkez\u00fcnk felhaszn\u00e1l\u00f3i fi\u00f3kkal \u00e9s be vagyunk jelentkezve az oldalra.<\/p><!-- \/wp:paragraph --><!-- wp:heading --><h2>Kivel osztjuk meg a felhaszn\u00e1l\u00f3i adatokat<\/h2><!-- \/wp:heading --><!-- wp:paragraph --><p><strong class=\"privacy-policy-tutorial\">Javasolt sz\u00f6veg: <\/strong>Ha jelsz\u00f3 vissza\u00e1ll\u00edt\u00e1st k\u00e9r, akkor az IP-c\u00edmet a vissza\u00e1ll\u00edt\u00f3 e-mail tartalmazni fogja.<\/p><!-- \/wp:paragraph --><!-- wp:heading --><h2>Mennyi ideig \u0151rizz\u00fck a szem\u00e9lyes adatot<\/h2><!-- \/wp:heading --><!-- wp:paragraph --><p><strong class=\"privacy-policy-tutorial\">Javasolt sz\u00f6veg: <\/strong>Ha hozz\u00e1sz\u00f3lunk, a hozz\u00e1sz\u00f3l\u00e1s \u00e9s annak metaadatai nem meghat\u00e1rozhat\u00f3 ideig a rendszerben maradnak. Ennek c\u00e9lja, hogy az \u00f6sszes ezt k\u00f6vet\u0151 b\u00e1rmely hozz\u00e1sz\u00f3l\u00e1s \u00e1ltalunk megismertt\u00e9 \u00e9s j\u00f3v\u00e1hagyott\u00e1 v\u00e1ljon, azaz ne ker\u00fclj\u00f6n fel a moder\u00e1land\u00f3 hozz\u00e1sz\u00f3l\u00e1sok list\u00e1j\u00e1ra.<\/p><!-- \/wp:paragraph --><!-- wp:paragraph --><p>A honlapon regisztr\u00e1lt felhaszn\u00e1l\u00f3k (ha vannak ilyenek) szem\u00e9lyes adatai a saj\u00e1t felhaszn\u00e1l\u00f3i profiljukban is t\u00e1rol\u00e1sra ker\u00fclnek. Minden felhaszn\u00e1l\u00f3 megtekintheti, szerkesztheti vagy t\u00f6r\u00f6lheti a szem\u00e9lyes adatait b\u00e1rmikor (kiv\u00e9ve, hogy nem v\u00e1ltoztathatja meg a saj\u00e1t felhaszn\u00e1l\u00f3nev\u00e9t). A honlap rendszergazd\u00e1i ezen inform\u00e1ci\u00f3kat szint\u00e9n megtekinthetik \u00e9s szerkeszthetik.<\/p><!-- \/wp:paragraph --><!-- wp:heading --><h2>Milyen jogokkal rendelkezik a felhaszn\u00e1l\u00f3 a saj\u00e1t adatai kapcs\u00e1n<\/h2><!-- \/wp:heading --><!-- wp:paragraph --><p><strong class=\"privacy-policy-tutorial\">Javasolt sz\u00f6veg: <\/strong>A weboldalon regisztr\u00e1lt fi\u00f3k vagy hozz\u00e1sz\u00f3l\u00e1s \u00edr\u00e1sa eset\u00e9n k\u00e9rhet\u0151 a szem\u00e9lyes adatok export f\u00e1jlban t\u00f6rt\u00e9n\u0151 megk\u00fcld\u00e9se, amely b\u00e1rmilyen adatot tartalmaz, amit kor\u00e1bban a felhaszn\u00e1l\u00f3 rendelkez\u00e9s\u00fcnkre bocs\u00e1tott. K\u00e9rhet\u0151 tov\u00e1bb\u00e1, hogy b\u00e1rmilyen kor\u00e1bban megadott szem\u00e9lyes adatot t\u00f6r\u00f6lj\u00fck. Ez nem vonatkozik azokra az adatokra, amelyeket adminisztr\u00e1ci\u00f3s, jogi vagy biztons\u00e1gi okokb\u00f3l k\u00f6telez\u0151 meg\u0151rizn\u00fcnk.<\/p><!-- \/wp:paragraph --><!-- wp:heading --><h2>Where your data is sent<\/h2><!-- \/wp:heading --><!-- wp:paragraph --><p><strong class=\"privacy-policy-tutorial\">Javasolt sz\u00f6veg: <\/strong>A l\u00e1togat\u00f3k \u00e1ltal bek\u00fcld\u00f6tt hozz\u00e1sz\u00f3l\u00e1sokat automatikus spamsz\u0171r\u0151 szolg\u00e1ltat\u00e1s ellen\u0151rizheti.<\/p><!-- \/wp:paragraph -->","_et_gb_content_width":"","slim_seo":{"noindex":"1","title":"Adatkezel\u00e9si t\u00e1j\u00e9koztat\u00f3 - T\u00f6r\u0151d\u00e9s | Ment\u00e1lis Eg\u00e9szs\u00e9gk\u00f6zpont","description":"Adatkezel\u00e9si t\u00e1j\u00e9koztat\u00f3 T\u00f6r\u0151d\u00e9s Ment\u00e1lis Eg\u00e9szs\u00e9gk\u00f6pont adatv\u00e9delmi t\u00e1j\u00e9koztat\u00f3ja &nbsp; Bevezet\u0151 A https:\/\/torodes.com c\u00edmen el\u00e9rhet\u0151 honlapot az Horv\u00e1th Mikl"},"footnotes":""},"class_list":["post-3","page","type-page","status-publish","hentry"],"_links":{"self":[{"href":"https:\/\/torodes.com\/en\/wp-json\/wp\/v2\/pages\/3","targetHints":{"allow":["GET"]}}],"collection":[{"href":"https:\/\/torodes.com\/en\/wp-json\/wp\/v2\/pages"}],"about":[{"href":"https:\/\/torodes.com\/en\/wp-json\/wp\/v2\/types\/page"}],"author":[{"embeddable":true,"href":"https:\/\/torodes.com\/en\/wp-json\/wp\/v2\/users\/1"}],"replies":[{"embeddable":true,"href":"https:\/\/torodes.com\/en\/wp-json\/wp\/v2\/comments?post=3"}],"version-history":[{"count":0,"href":"https:\/\/torodes.com\/en\/wp-json\/wp\/v2\/pages\/3\/revisions"}],"wp:attachment":[{"href":"https:\/\/torodes.com\/en\/wp-json\/wp\/v2\/media?parent=3"}],"curies":[{"name":"wp","href":"https:\/\/api.w.org\/{rel}","templated":true}]}}