{"id":140,"date":"2023-01-28T18:04:45","date_gmt":"2023-01-28T17:04:45","guid":{"rendered":"https:\/\/torodes.com\/?page_id=140"},"modified":"2023-07-19T09:42:41","modified_gmt":"2023-07-19T07:42:41","slug":"szolgaltatasok","status":"publish","type":"page","link":"https:\/\/torodes.com\/en\/szolgaltatasok\/","title":{"rendered":"Services"},"content":{"rendered":"<p>[et_pb_section fb_built=\u201d1\u2032\u2032 _builder_version=\u201c4.21.0\u2032\u2032 _module_preset=\u201ddefault\u201d background_enable_color=\u201coff\u201d background_image=\u201chttps:\/\/t\u00f6r\u0151d\u00e9s.com\/wp-content\/uploads\/2023\/06\/szolg\u00e1ltat\u00e1sok-scaled.jpg\u201d min_height=\u201c500px\u201d min_height_tablet=\u201c300px\u201d min_height_phone=\u201c300px\u201d min_height_last_edited=\u201con|phone\u201d bottom_divider_style=\u201dgraph3\u2032 bottom_divider_color=\u201d#Ffffff\u2019 global_colors_info=\u2018{}\u2019][et_pb_section][et_pb_section fb_built=\u20191\u2032 module_id=\u2018services\u2019 _builder_version=\u20184.20.4\u2032\u2032 _module_preset=\u2019default\u2019 background_color=\u2018RGBA(255,255,255,0)\u2019 global_colors_info=\u2018{}\u2019][et_pb_row column_structure=\u20181_3,1_3,1_3\u2032\u2032\u2032 _builder_version=\u20194.20.4\u2032\u2032 _module_preset=\u2019default\u2019 global_colors_info=\u2018{}\u2019][et_pb_column type=\u20181_3\u2032 _builder_version=\u20194.20.4\u2032\u2032 _module_preset=\u2019default\u2019 global_colors_info=\u2018{}][et_pb_image_image src=\u201chttps:\/\/t\u00f6r\u0151d\u00e9s.com\/wp-content\/uploads\/2023\/05\/tan\u00e1csad\u00e1s.png\u201d alt=\u201cadvice\u201d title_text=\u201cadvice\u201d _builder_version=\u201c4.21.0\u2032\u2032 _module_preset=\u201cdefault\u201d max_width=\u201c300px\u201d max_width_tablet=\u201c300px\u201d max_width_phone=\u201c200px\u201d max_width_last_edited=\u201con|phone\u201d height_phone=\u201c\u201d height_last_edited=\u201con|tablet\u201d max_height=\u201c300px\u201d max_height_tablet=\u201c300px\u201d max_height_phone=\u201cnone\u201d max_height_last_edited=\u201con|phone\u201d animation_style=\u201cfold\u201d animation_direction=\u201cbottom\u201d module_ignment_tablet=\u201cmoduler\u201dcent_ignment_phone=\u201d module_alignment_last_edited=\u201con|tablet\u201d box_shadow_style=\u201cpreset3\u2032\u2032 global_colors_info=\u201d{}\u201c][et_pb_image][et_pb_text _builder_version=\u201d4.21.0\u2032\u2032 _module_preset=\u201ddefault\u201d text_orientation=\u201dcenter\u201canimation_style=\u201dslide\u201d animation_direction=\u201dleft\u201cglobal_colors_info=\u201d{}\u201d]<\/p>\n<h2>Psychological counselling<\/h2>\n<p>[\/et_pb_text][\/et_pb_column][et_pb_column type=\u201d1_3\u2032\u2032 _builder_version=\u201c4.20.4\u2032\u2032 _module_preset=\u201ddefault\u201d global_colors_info=\u201c{}\u201d][et_pb_image src=\u201chttps:\/\/t\u00f6r\u0151d\u00e9s.com\/wp-content\/uploads\/2023\/05\/egy\u00e9ni.png\u201d alt=\u201cindividual\u201d title_text=\u201cindividual\u201d _builder_version=\u201c4.21.0\u2032\u2032 _module_preset=\u201ddefault\u201d max_width=\u201c300px\u201d max_width_tablet=\u201c300px\u201d max_width_phone=\u201c200px\u201d max_width_last_edited=\u201con|phone\u201d height_tablet=\u201d height_last_edited=\u201con|t\u201d maxheight_300px\u201d max_height_tablet=\u201c300px\u201d max_height_phone=\u201cnone\u201d max_height_last_edited=\u201con|phone\u201d animation_style=\u201cfold\u201d animation_direction=\u201cbottom\u201d module_alignment_tablet=\u201ccenter\u201d module_alignment_phone=\u201ccenter\u201d module_alignment_last_edited=\u201con|tablet\u201d box_shadow_style=\u201cpreset3\u2032 global_colors_info=\u201c{}\u201d][et_pb_image][et_pb_text _builder_version=\u201c4.21.0\u2032 _module_preset=\u201ddefault\u201d text_orientation=\u201ccenter\u201d animation_style=\u201cslide\u201d animation_direction=\u201cleft\u201d global_colors_info=\u201c}}]<\/p>\n<h2>Individual session<\/h2>\n<p>[\/et_pb_text][\/et_pb_column][et_pb_column type=\u201d1_3\u2032\u2032 _builder_version=\u201d4.20.4\u2032\u2032 _module_preset=\u201cdefault\u201d global_colors_info=\u201c{}\u201d][et_pb_image src=\u201chttps:\/\/t\u00f6r\u0151d\u00e9s.com\/wp-content\/uploads\/2023\/05\/csoport.png\u201d alt=\u201cgroup\u201d title_text=\u201cgroup\u201d _builder_version=\u201c4.21.0\u2032\u2032 _module_preset=\u201ddefault\u201d max_width=\u201c300px\u201d max_width_tablet=\u201c300px\u201d max_width_phone=\u201c200px\u201d max_width_last_edited=\u201con|tablet\u201d customs_padding=\u201c||||false|false\u201d animation_style=\u201cfold\u201d animation_direction=\u201dbomott\u201d\u201d module_alignment_tablet= \u201ccenter\u201d module_alignment_phone= \u201ccenter\u201d module_alignment_last_edited=\u201con|tablet\u201d box_shadow_style=\u201cpreset3\u2032 global_colors_info=\u201d{}\u201c][et_pb_image][et_pb_text _builder_version=\u201d4.21.0\u2032\u2032 _module_preset=\u201ddefault\u201ctext_orientation=\u201dcenter\u201d animation_style=\u201dslide\u201canimation_direction=\u201dleft\u201cglobal_colors_info=\u201d{}\u201d]<\/p>\n<h2>Group session<\/h2>\n<p>[\/et_pb_text][\/et_pb_column][\/et_pb_row column_structure=\u201d1_3,1_3,1_3\u2032\u2032 _builder_version=\u201d4.20.4\u2032\u2032 _module_preset=\u201cdefault\u201d global_colors_info=\u201c{}\u201d][et_pb_column type=\u201c1_3\u2032\u2032 _builder_version=\u201d4.20.4\u2032\u2032 _module_preset=\u201cdefault\u201d global_colors_info=\u201c{}\u201d][et_pb_image src=\u201chttps:\/\/t\u00f6r\u0151d\u00e9s.com\/wp-content\/uploads\/2023\/05\/parterapia.png\u201d alt=\u201cpair therapy\u201d title_text=\u201cpair therapy\u201d _builder_version=\u201c4.21.0\u2032\u2032 _module_preset=\u201cdefault\u201d max_width_tablet=\u201c300px\u201d\u201d max_width_phone=\u201c200px\u201d max_width_last_edited=\u201con|tablet\u201d animation_style=\u201cfold\u201d animation_direction=\u201cbottom\u201d module_alignment_tablet=\u201ccenter\u201d module_alignment_last_edited=\u201con|tablet\u201d box_shadow_style=\u201cpreset3\u2032 global_colors_info=\u201c{}\u201d][et_pb_image][et_pb_text _builder_version=\u201c4.21.0\u2032\u2032 _module_preset=\u201cdefault\u201d text_orientation=\u201ccenter\u201d animation_style=\u201cslide\u201d animation_direction=\u201cleft\u201d global_colors_info=\u201c{}\u201d]<\/p>\n<h2>Party therapy<\/h2>\n<p>[\/et_pb_text][\/et_pb_column][et_pb_column type=\u201d1_3\u2032\u2032 _builder_version=\u201d4.20.4\u2032\u2032 _module_preset=\u201cdefault\u201d global_colors_info=\u201c{}\u201d][et_pb_image src=\u201chttps:\/\/t\u00f6r\u0151d\u00e9s.com\/wp-content\/uploads\/2023\/05\/csal\u00e1d.png\u201d alt=\u201cfamily\u201d title_text=\u201cfamily\u201d _builder_version=\u201c4.21.0\u2032\u2032 _module_preset=\u201ddefault\u201d max_width_tablet=\u201c300px\u201d max_width_phone=\u201c200px\u201d max_width_last_edited=\u201con|tablet\u201d custom_padding=\u201c||||false|false\u201d animation_style=\u201cfold\u201d animation_direction=\u201cbottom\u201d module_ignment_tablet=\u201ccenter\u201d\u201d\u201d module_alignment_phone=\u201ccenter\u201d module_alignment_last_edited=\u201con|tablet\u201d box_shadow_style=\u201cpreset3\u2032 global_colors_info=\u201d{}\u201d][\/et_pb_image][et_pb_text _builder_version=\u201c4.21.0\u2032\u2032 _module_preset=\u201ddefault\u201d text_orientation=\u201ccenter\u201d animation_style=\u201cslide\u201d animation_direction=\u201cleft\u201d global_colors_info=\u201c{}\u201d]<\/p>\n<h2>Family session<\/h2>\n<p>[\/et_pb_text][\/et_pb_column][et_pb_column type=\u201d1_3\u2032\u2032 _builder_version=\u201d4.20.4\u2032\u2032 _module_preset=\u201cdefault\u201d global_colors_info=\u201c{}\u201d][et_pb_image src=\u201chttps:\/\/t\u00f6r\u0151d\u00e9s.com\/wp-content\/uploads\/2023\/05\/mediaci.png\u201d alt=\u201cmediacio\u201d title_text=\u201cmediacio\u201d _builder_version=\u201c4.21.0\u2032\u2032 _module_preset=\u201ddefault\u201d max_width_tablet=\u201c300px\u201d max_width_phone=\u201c200px\u201d max_width_last_edited=\u201con|tablet\u201d custom_padding=\u201c||||false|false\u201d animation_style=\u201cfold\u201d animation_direction=\u201cbottom\u201d modulealignment_tablet=\u201ccenter\u201d\u201d\u201d module_alignment_phone=\u201ccenter\u201d module_alignment_last_edited=\u201con|tablet\u201d box_shadow_style=\u201cpreset3\u2032 global_colors_info=\u201d{}\u201d][\/et_pb_image][et_pb_text _builder_version=\u201c4.21.0\u2032\u2032 _module_preset=\u201ddefault\u201d text_orientation=\u201ccenter\u201d animation_style=\u201cslide\u201d animation_direction=\u201cleft\u201d global_colors_info=\u201c{}\u201d]<\/p>\n<h2>Mediation<\/h2>\n<p>[\/et_pb_text][\/et_pb_column][\/et_pb_row column_structure=\u201d1_3,1_3,1_3\u2032\u2032 _builder_version=\u201d4.20.4\u2032\u2032 _module_preset=\u201ddefault\u201cglobal_colors_info=\u201d{}\u201d][et_pb_column type=\u201d1_3\u2032\u2032 _builder_version=\u201d4.20.4\u2032\u2032 _module_preset=\u201ddefault\u201cglobal_colors_info=\u201d{}\u201c\u201d][et_pb_image src=\u201chttps:\/\/t\u00f6r\u0151d\u00e9s.com\/wp-content\/uploads\/2023\/05\/gyaszfeldolgozas.png\u201d alt=\u201demphasian feldolgozas\u201ctitle_text=\u201dgyerfeldolgozas\u201c_builder_version=\u201d4.21.0\u2032 _module_preset=\u201ddefault\u201cmaxwidth_tablet=300px\u201d\u201d max_width_phone=\u201c200px\u201d max_width_last_edited=\u201con|tablet\u201d animation_style=\u201cfold\u201d animation_direction=\u201cbottom\u201d module_alignment_tablet=\u201ccenter\u201d module_alignment_last_edited=\u201con|tablet\u201d box_shadow_style=\u201cpreset3\u2032 global_colors_info=\u201c{}\u201d][et_pb_image][et_pb_text _builder_version=\u201c4.21.0\u2032\u2032 _module_preset=\u201cdefault\u201d text_orientation=\u201ccenter\u201d animation_style=\u201cslide\u201d animation_direction=\u201cleft\u201d global_colors_info=\u201c{}\u201d]<\/p>\n<h2>Processing of ash<\/h2>\n<p>[\/et_pb_text][\/et_pb_column][et_pb_column type=\u201d1_3\u2032\u2032 _builder_version=\u201d4.20.4\u2032\u2032 _module_preset=\u201cdefault\u201d global_colors_info=\u201c{}\u201d][et_pb_image src=\u201chttps:\/\/t\u00f6r\u0151d\u00e9s.com\/wp-content\/uploads\/2023\/05\/szuperviizor.png\u201d alt=\u201csupervizor\u201d title_text=\u201csupervisor\u201d _builder_version=\u201c4.21.0\u2032\u2032 _module_preset=\u201ddefault\u201d max_width_tablet=\u201c300px\u201d max_width_phone=\u201c200px\u201d max_width_last_edited=\u201c|tablet\u201d customs_padding=\u201c||||false|false\u201d animation_style=\u201cfold\u201d animation_direction=\u201cbottom\u201d module_ignment_tablet=\u201dercent\u201d module_alignment_phone=\u201ccenter\u201d module_alignment_last_edited=\u201con|tablet\u201d box_shadow_style=\u201cpreset3\u2032 global_colors_info=\u201d{}\u201d][\/et_pb_image][et_pb_text _builder_version=\u201c4.21.0\u2032\u2032 _module_preset=\u201ddefault\u201d text_orientation=\u201ccenter\u201d animation_style=\u201cslide\u201d animation_direction=\u201cleft\u201d global_colors_info=\u201c{}\u201d]<\/p>\n<h2>Supervision<\/h2>\n<p>[\/et_pb_text][\/et_pb_column][et_pb_column type=\u201d1_3\u2032\u2032 _builder_version=\u201d4.20.4\u2032\u2032 _module_preset=\u201ddefault\u201d global_colors_info=\u201c{}\u201d][\/et_pb_column][\/et_pb_row][\/et_pb_section]<\/p>","protected":false},"excerpt":{"rendered":"<p>Psychological counsellingIndividual therapyGroup therapyPharmaceutical therapyFamily therapyDiversificationPharmaceutical processingSupervision<\/p>","protected":false},"author":1,"featured_media":0,"parent":0,"menu_order":0,"comment_status":"closed","ping_status":"closed","template":"","meta":{"_et_pb_use_builder":"on","_et_pb_old_content":"","_et_gb_content_width":"","slim_seo":{"title":"Szolg\u00e1ltat\u00e1sok | T\u00f6r\u0151d\u00e9s Ment\u00e1lis Eg\u00e9szs\u00e9gk\u00f6zpont","description":"Tekintse meg szolg\u00e1ltat\u00e1sainkat: Pszichol\u00f3giai tan\u00e1csad\u00e1s, Egy\u00e9ni ter\u00e1pia, Csoportter\u00e1pia...","facebook_image":"https:\/\/torodes.com\/wp-content\/uploads\/2023\/01\/Torodes_logo_szines_3.png","twitter_image":"https:\/\/torodes.com\/wp-content\/uploads\/2023\/01\/Torodes_logo_szines_3.png"},"footnotes":""},"class_list":["post-140","page","type-page","status-publish","hentry"],"_links":{"self":[{"href":"https:\/\/torodes.com\/en\/wp-json\/wp\/v2\/pages\/140","targetHints":{"allow":["GET"]}}],"collection":[{"href":"https:\/\/torodes.com\/en\/wp-json\/wp\/v2\/pages"}],"about":[{"href":"https:\/\/torodes.com\/en\/wp-json\/wp\/v2\/types\/page"}],"author":[{"embeddable":true,"href":"https:\/\/torodes.com\/en\/wp-json\/wp\/v2\/users\/1"}],"replies":[{"embeddable":true,"href":"https:\/\/torodes.com\/en\/wp-json\/wp\/v2\/comments?post=140"}],"version-history":[{"count":0,"href":"https:\/\/torodes.com\/en\/wp-json\/wp\/v2\/pages\/140\/revisions"}],"wp:attachment":[{"href":"https:\/\/torodes.com\/en\/wp-json\/wp\/v2\/media?parent=140"}],"curies":[{"name":"wp","href":"https:\/\/api.w.org\/{rel}","templated":true}]}}