{"id":115,"date":"2023-01-28T17:43:43","date_gmt":"2023-01-28T16:43:43","guid":{"rendered":"https:\/\/torodes.com\/?page_id=115"},"modified":"2025-04-17T23:33:10","modified_gmt":"2025-04-17T21:33:10","slug":"kapcsolat","status":"publish","type":"page","link":"https:\/\/torodes.com\/en\/kapcsolat\/","title":{"rendered":"Contact"},"content":{"rendered":"<p>[et_pb_section fb_built=\u201d1\u2032\u2032 admin_label=\u201dHeader\u201c_builder_version=\u201d4.21.0\u2032\u2032 _module_preset=\u201ddefault\u201d background_enable_color=\u201doff\u201cbackground_image=\u201dhttps:\/\/t\u00f6r\u0151d\u00e9s.com\/wp-content\/uploads\/2023\/06\/kapocslat-scaled.jpg\u201d background_position=\u201dtop_center\u201d background_vertical_offset=\u201d0%\u201c\u201d min_height=\u201c700px\u201d min_height_tablet=\u201c300px\u201d min_height_phone=\u201c300px\u201d min_height_last_edited=\u201con|desktop\u201d custom_padding=\u201c||16vw||false|false\u201d collapsed=\u201coff\u201d global_colors_info=\u201c{}\u201d][et_pb_section][et_pb_section fb_built=\u201c1\u2032\u2032 admin_label=\u201dContact\u201d module_id=\u201cemail-share\u201d _builder_version=\u201c4.27.4\u2032\u2032\u2032 _module_preset=\u201cdefault\u201d background_enable_color=\u201coff\u201d min_height=\u201c694px\u201d customs_margin=\u201c0px||||false\u201d collapsed=\u201con\u201dGlobal_colors_info=\u201c{}\u201det_p_brow_structure=\u201c2_structure\u201d 1_2\u2032\u2032 make_equal=\u201con\u201d _builder_version=\u201c4.17.3\u2032\u2032 _module_preset=\u201cdefault\u201d global_colors_info=\u201c{}\u201d][et_pb_column type=\u201c1_2\u2032\u2032 _builder_version=\u201d4.17.1\u2032\u2032 _module_preset=\u201cdefault\u201d global_colors_info=\u201c{}\u201d][et_pb_contact_form use_spam_service=\u201con\u201d recaptcha_list=\u201cDefault-0\u2032 email=\u201cinfo@t\u00f6r\u0151d\u00e9s.com\u201d custom_message=\u201cName: %%Name%%||et_pb_line_break_holder||Email: %%Email%%||et_pb_line_break_holder||Assistant: %%Helping_professionals%%||et_pb_line_break_holder||Message: %%Message%%\u201csubmit_button_text=\u201dSend\u201c_builder_version=\u201d4.21.0\u2032\u2032 _module_preset=\u201d5f451234-b662-41cf-8ad7-48c40d2afa7f\u201c_unique_id=\u201dcd2e19fd-2a99-4a79-9e23-4295fab658b3\u2032\u2032 form_field_background_color=\u201dRGBA(255,255,255.0)\u201cform_field_text_color=\u201d#22434A\u2019 title_font=\u2019Segoe Boot Semilight||||||||\u2019 captcha_font=\u2019Segoe Boot Semilight||||||||\u2019 captcha_font_sise=\u201918px\u2019 form_field_font=\u2019Inter||||||||\u2019 form_field_font_sise=\u201918px\u2019 customs_button=\u2019on\u2019 button_text_sise=\u201914px\u2019 button_text_color=\u2019#E1ECEA\u201d button_bg_color=\u201d#2E5B61\u2032\u2032 button_border_width=\u201c0px\u201d button_border_radius=\u201c50px\u201d button_font=\u201cSegoe Boot Semilight|600|||||||\u201d button_custom_margin_tablet=\u201c|260px|||false|false\u201d button_custom_margin_phone=\u201c|80px |false\u201d button_custom_margin_last_edited=\u201con vastablet\u201d button_custom_padding=\u201d20px|040px|120px|240px|3|41px\u201d border_color_all=\u201d#2E5B61\u2033 locked=\u201doff\u201d global_colors_info=\u201d{}\u201d][et_pb_contact_field field_id=\u201dName\u201d field_title=\u201dN\u00e9v\u201d fullwidth_field=\u201don\u201d _builder_version=\u201d4.21.0\u2033 global_colors_info=\u201d{}\u201d button_text_size__hover_enabled=\u201doff\u201d button_one_text_size__hover_enabled=\u201doff\u201d button_two_text_size__hover_enabled=\u201doff\u201d button_text_color__hover_enabled=\u201doff\u201d button_one_text_color__hover_enabled=\u201doff\u201d button_two_text_color__hover_enabled=\u201doff\u201d button_border_width__hover_enabled=\u201doff\u201d button_one_border_width__hover_enabled=\u201doff\u201d button_two_border_width__hover_enabled=\u201doff\u201d button_border_color__hover_enabled=\u201doff\u201d button_one_border_color__hover_enabled=\u201doff\u201d button_two_border_color__hover_enabled=\u201doff\u201d button_border_radius__hover_enabled=\u201doff\u201d button_one_border_radius__hover_enabled=\u201doff\u201d button_two_border_radius__hover_enabled=\u201doff\u201d button_letter_spacing__hover_enabled=\u201doff\u201d button_one_letter_spacing__hover_enabled=\u201doff\u201d button_two_letter_spacing__hover_enabled=\u201doff\u201d button_bg_color__hover_enabled=\u201doff\u201d button_one_bg_color__hover_enabled=\u201doff\u201d button_two_bg_color__hover_enabled=\u201doff\u201d][\/et_pb_contact_field][et_pb_contact_field field_id=\u201dEmail\u201d field_title=\u201dEmail\u201d field_type=\u201demail\u201d fullwidth_field=\u201don\u201d _builder_version=\u201d4.21.0\u2033 global_colors_info=\u201d{}\u201d button_text_size__hover_enabled=\u201doff\u201d button_one_text_size__hover_enabled=\u201doff\u201d button_two_text_size__hover_enabled=\u201doff\u201d button_text_color__hover_enabled=\u201doff\u201d button_one_text_color__hover_enabled=\u201doff\u201d button_two_text_color__hover_enabled=\u201doff\u201d button_border_width__hover_enabled=\u201doff\u201d button_one_border_width__hover_enabled=\u201doff\u201d button_two_border_width__hover_enabled=\u201doff\u201d button_border_color__hover_enabled=\u201doff\u201d button_one_border_color__hover_enabled=\u201doff\u201d button_two_border_color__hover_enabled=\u201doff\u201d button_border_radius__hover_enabled=\u201doff\u201d button_one_border_radius__hover_enabled=\u201doff\u201d button_two_border_radius__hover_enabled=\u201doff\u201d button_letter_spacing__hover_enabled=\u201doff\u201d button_one_letter_spacing__hover_enabled=\u201doff\u201d button_two_letter_spacing__hover_enabled=\u201doff\u201d button_bg_color__hover_enabled=\u201doff\u201d button_one_bg_color__hover_enabled=\u201doff\u201d button_two_bg_color__hover_enabled=\u201doff\u201d][\/et_pb_contact_field][et_pb_contact_field field_id=\u201dHelping_professionals\u201d field_title=\u201dSeg\u00edt\u0151 szakember\u201d field_type=\u201dselect\u201d select_options=\u201d{value:Dr. Vargan\u00e9 Hent Cec\u00edlia,checked:0,dragID:-1},{value: Ildik\u00f3 Bernadett G\u00e1l,checked:0,dragID:0},{value: Victoria T\u00e9gly,checked:0,dragID:1},{value:Dr. Edina Gyulai,checked:0,dragID:2},{value: Edit M\u00e1ria Cs\u00e1nyi,checked:0,dragID:3}\u2033 fullwidth_field=\u201don\u201d _builder_version=\u201d4.21.0\u2033 global_colors_info=\u201d{}\u201d button_text_size__hover_enabled=\u201doff\u201d button_one_text_size__hover_enabled=\u201doff\u201d button_two_text_size__hover_enabled=\u201doff\u201d button_text_color__hover_enabled=\u201doff\u201d button_one_text_color__hover_enabled=\u201doff\u201d button_two_text_color__hover_enabled=\u201doff\u201d button_border_width__hover_enabled=\u201doff\u201d button_one_border_width__hover_enabled=\u201doff\u201d button_two_border_width__hover_enabled=\u201doff\u201d button_border_color__hover_enabled=\u201doff\u201d button_one_border_color__hover_enabled=\u201doff\u201d button_two_border_color__hover_enabled=\u201doff\u201d button_border_radius__hover_enabled=\u201doff\u201d button_one_border_radius__hover_enabled=\u201doff\u201d button_two_border_radius__hover_enabled=\u201doff\u201d button_letter_spacing__hover_enabled=\u201doff\u201d button_one_letter_spacing__hover_enabled=\u201doff\u201d button_two_letter_spacing__hover_enabled=\u201doff\u201d button_bg_color__hover_enabled=\u201doff\u201d button_one_bg_color__hover_enabled=\u201doff\u201d button_two_bg_color__hover_enabled=\u201doff\u201d][\/et_pb_contact_field][et_pb_contact_field field_id=\u201dMessage\u201d field_title=\u201d\u00dczenet\u201d field_type=\u201dtext\u201d fullwidth_field=\u201don\u201d _builder_version=\u201d4.21.0\u2033 global_colors_info=\u201d{}\u201d button_text_size__hover_enabled=\u201doff\u201d button_one_text_size__hover_enabled=\u201doff\u201d button_two_text_size__hover_enabled=\u201doff\u201d button_text_color__hover_enabled=\u201doff\u201d button_one_text_color__hover_enabled=\u201doff\u201d button_two_text_color__hover_enabled=\u201doff\u201d button_border_width__hover_enabled=\u201doff\u201d button_one_border_width__hover_enabled=\u201doff\u201d button_two_border_width__hover_enabled=\u201doff\u201d button_border_color__hover_enabled=\u201doff\u201d button_one_border_color__hover_enabled=\u201doff\u201d button_two_border_color__hover_enabled=\u201doff\u201d button_border_radius__hover_enabled=\u201doff\u201d button_one_border_radius__hover_enabled=\u201doff\u201d button_two_border_radius__hover_enabled=\u201doff\u201d button_letter_spacing__hover_enabled=\u201doff\u201d button_one_letter_spacing__hover_enabled=\u201doff\u201d button_two_letter_spacing__hover_enabled=\u201doff\u201d button_bg_color__hover_enabled=\u201doff\u201d button_one_bg_color__hover_enabled=\u201doff\u201d button_two_bg_color__hover_enabled=\u201doff\u201d][\/et_pb_contact_field][\/et_pb_contact_form][\/et_pb_column][et_pb_column type=\u201d1_2\u2033 _builder_version=\u201d4.17.1\u2033 _module_preset=\u201ddefault\u201d global_colors_info=\u201d{}\u201d][et_pb_blurb title=\u201dTelefon\u201d use_icon=\u201don\u201d font_icon=\u201d\ue090||divi||400\u2033 icon_color=\u201d#22434A\u201cicon_placement=\u201dleft\u201d image_icon_width=\u201d20px\u201d content_max_width=\u201d100%\u201c\u201d icon_placement_tablet=\u201cleft\u201d icon_placement_phone=\u201cleft\u201d icon_placement_last_edited=\u201con|tablet\u201d icon_alignment_tablet=\u201c\u201d icon_alignment_phone=\u201c\u201d icon_alignment_last_edited=\u201con|desktop\u201d _builder_version=\u201c4.21.0\u2032\u2032 _module_preset=\u201db62950b2-9f88-417a-a624-825d61ec2a3d\u201d header_font=\u201cSegoe Boot Semilight|700|||||||\u201d header_text_align=\u201cleft\u201d header_text_color=\u201d#22434A\u201d header_font_sise=\u201c22px\u201d body_font=\u201cSegoe Boot Semilight||||||||\u201d body_text_align=\u201cleft\u201d body_text_color=\u201d#22434A body_font_sise=\u201c18px\u201d body_link_text_color=\u201d#22434A \u201cimage_icon_custom_margin_tablet=\u201d||||false |false\u201cimage_icon_custom_margin_phone=\u201d||||false|false\u201cimage_icon_custom_margin_last_edited=\u201don|tablet\u201ccustoms_margin=\u201d|false\u0419false\u201ccustoms_margin_tablet=\u201d\ufffd210px ||||false||||0||||180px||||2||||3||||4||||520px\u201cheader_font_size_last_edited=\u201d16px\u201cheader_font_size_last_edited=\u201don||||6||||716px\u201cbody_font_size_phone=\u201d14px\u201cbody_font_size_last_edited=\u201don||||8<\/p>\n<p><a href=\"tel:06306253430\">+36306253430<\/a><\/p>\n<p>[\/et_pb_blurb][et_pb_blurb title=\u201cEmail\u201d use_icon=\u201don\u201d font_icon=\u201c||divi||400\u2032\u2032 icon_color=\u201d#22434A\u201cicon_placement=\u201dleft\u201d image_icon_width=\u201d20px\u201d content_max_width=\u201d100%\u2019 _builder_version=\u20194.21.0\u2032\u2032 _module_preset=\u2019b62950b2-9f88-417a-a624-825d61ec2a3d\u2019 header_font=\u2019Segoe Boot Semilight|700|||||||\u2019 header_text_color=\u2019#22434A\u201d header_font_sise=\u201c22px\u201d body_font=\u201cSegoe Boot Semilight||||||||\u201d body_text_color=\u201d#22434A body_font_sise=\u201c18px\u201d body_link_text_color=\u201d#22434A \u201cimage_icon_custom_margin_tablet=\u201d||||false |false\u201cimage_icon_custom_margin_phone=\u201d||||false|false\u201cimage_icon_custom_margin_last_edited=\u201don|tablet\u201ccustoms_margin=\u201d|false\u0419false\u201ccustoms_margin_tablet=\u201d\ufffd210px||||0||||180px||||2||||3||||420px\u201cer_font_size_phone=\u201d16px\u201cheader_font_size_last_edited=\u201don||||516px\u201cbody_font_size_phone=\u201d14px\u201cbody_font_size_last_edited=\u201don||||6<\/p>\n<p><a href=\"mailto:info@torodes.com\">info@t\u00f6r\u0151d\u00e9s.com<\/a><\/p>\n<p>[\/et_pb_blurb][et_pb_blurb title=\u2018our address\u2019 use_icon=\u2018on\u2019 font_icon=\u2018||fa||900\u2032\u2032 icon_color=\u2019#22434A\u201cicon_placement=\u201dleft\u201d image_icon_width=\u201d20px\u201d content_max_width=\u201d100%\u2019 _builder_version=\u20194.21.0\u2032\u2032 _module_preset=\u2019b62950b2-9f88-417a-a624-825d61ec2a3d\u2019 header_font=\u2019Segoe Boot Semilight|700|||||||\u2019 header_text_color=\u2019#22434A\u201d header_font_sise=\u201c22px\u201d body_font=\u201cSegoe Boot Semilight||||||||\u201d body_text_color=\u201d#22434A\u2019 body_font_sise=\u201918px\u2019 image_icon_custom_margin_tablet=\u2019||||false|false\u2019 image_icon_custom_margin_phone=\u2019||||false|false\u2019 image_icon_custom_margin_last_edited=\u2019on|tablet\u2019 custom_margin=\u2019|false megfalse\u2019 customs_margin_tablet=\u2019\u01b0210px liefalse||||0||||180px||||2||||3||||420px\u2019 header_font_size_phone=\u201916px\u2019 header_font_size_last_edited=\u2019on||||516px\u2019 body_font_size_phone=\u201914px\u2019 body_font_size_last_edited=\u2019on||||6<\/p>\n<p>6726, Szeged<br \/>Albert Street Szent-Gy\u00f6rgyi 23<\/p>\n<p>[\/et_pb_blurb][et_pb_icon font_icon=\u201d||fa||400\u2032\u2032 icon_color=\u201d#4267b2\u2032 icon_width=\u201c60px\u201d url=\u201chttps:\/\/www.facebook.com\/torodesofficial\u201d url_new_window=\u201con\u201d align=\u201cleft\u201d _builder_version=\u201c4.21.0\u2032\u2032 _module_preset=\u201ddefault\u201d customs_margin=\u201c||||false|false\u201d custom_margin_tablet=\u201d|||200px|false|false\u201d custom_margin_phone=\u201c|80px megfalse arrangfalse\u201d custom_margin_last_edited=\u201con-ignitablet\u201d global_colors_info=\u201c{}\u201d][\/et_pb_icon][et_pb_icon font_icon=\u201c||||0||||1400\u2032\u2032\u2032 icon_color=\u201d#fb3958\u2032\u2032 icon_width=\u201c60px\u201d url=\u201chttps:\/\/www.instagram.com\/torodesofficial\/\u201d url_new_window=\u201con\u201d align_tablet=\u201calign_phone=\u201dcenter\u201calign_last_edited=\u201don|phone\u201d _builder_version=\u201c4.21.0\u2032\u2032 _module_preset=\u201ddefault\u201d customs_margin=\u201d-88px|100px|||false|false\u201d custom_margin_tablet=\u201c-88px|||100px|||false arrafalse arrangfalfalse\u201d customs_margin_phone=\u201c-88px\u01b0170px liefalse|0|1|2|3<\/p>","protected":false},"excerpt":{"rendered":"<p>+36306253430info@t\u00f6r\u0151d\u00e9s.com6726, Albert Street Szeged Szent-Gy\u00f6rgyi 23<\/p>","protected":false},"author":1,"featured_media":0,"parent":0,"menu_order":0,"comment_status":"closed","ping_status":"closed","template":"","meta":{"_et_pb_use_builder":"on","_et_pb_old_content":"","_et_gb_content_width":"","slim_seo":{"title":"Kapcsolat | T\u00f6r\u0151d\u00e9s Ment\u00e1lis Eg\u00e9szs\u00e9gk\u00f6zpont","description":"Kapcsolatfelv\u00e9teli \u0171rlapunkat itt tal\u00e1lja meg.","facebook_image":"https:\/\/torodes.com\/wp-content\/uploads\/2023\/01\/Torodes_logo_szines_3.png","twitter_image":"https:\/\/torodes.com\/wp-content\/uploads\/2023\/01\/Torodes_logo_szines_3.png"},"footnotes":""},"class_list":["post-115","page","type-page","status-publish","hentry"],"_links":{"self":[{"href":"https:\/\/torodes.com\/en\/wp-json\/wp\/v2\/pages\/115","targetHints":{"allow":["GET"]}}],"collection":[{"href":"https:\/\/torodes.com\/en\/wp-json\/wp\/v2\/pages"}],"about":[{"href":"https:\/\/torodes.com\/en\/wp-json\/wp\/v2\/types\/page"}],"author":[{"embeddable":true,"href":"https:\/\/torodes.com\/en\/wp-json\/wp\/v2\/users\/1"}],"replies":[{"embeddable":true,"href":"https:\/\/torodes.com\/en\/wp-json\/wp\/v2\/comments?post=115"}],"version-history":[{"count":4,"href":"https:\/\/torodes.com\/en\/wp-json\/wp\/v2\/pages\/115\/revisions"}],"predecessor-version":[{"id":1528,"href":"https:\/\/torodes.com\/en\/wp-json\/wp\/v2\/pages\/115\/revisions\/1528"}],"wp:attachment":[{"href":"https:\/\/torodes.com\/en\/wp-json\/wp\/v2\/media?parent=115"}],"curies":[{"name":"wp","href":"https:\/\/api.w.org\/{rel}","templated":true}]}}