{"id":3,"date":"2023-01-27T19:32:24","date_gmt":"2023-01-27T18:32:24","guid":{"rendered":"https:\/\/torodes.com\/?page_id=3"},"modified":"2023-07-19T09:32:59","modified_gmt":"2023-07-19T07:32:59","slug":"adatkezelesi-tajekoztato","status":"publish","type":"page","link":"https:\/\/torodes.com\/de\/adatkezelesi-tajekoztato\/","title":{"rendered":"Informationsvermerk zur Datenverarbeitung"},"content":{"rendered":"<p>[et_pb_section fb_built=\u201e1\u201c admin_label=\u201eSection\u201c _builder_version=\u201e4.21.0\u201c _Modul_preset=\u201edefault\u201c background_enable_color=\u201eoff\u201c global_colors_info=\u201e{}\u201c][et_pb_row _builder_version=\u201edefault\u201c global_colors_info=\u201e{}\u201c][et_pb_column type=\u201e4_4\u201c\u2032 _builder_version=\u201e4.21.0\u201c _module_preset=\u201edefault\u201c global_colors_info=\u201e{}\u201c][et_pb_text _builder_version=\u201e4.21.0\u201c _module_preset=\u201eb327be4-b1d 45b66-37-408c8f2061ba\u201cHeader_2_font=\u201eSegoe Bootemilight|700||||on_|||on_Header_ortext_col2\u201c#c6a86c\u201c header_2_font_sise=\u201e60px\u201c header_2_line_height=\u201e1.2em\u201c text_orientation=\u201ecenter\u201c customs_margin=\u201e||0px||false|false\u201c hover_enabled=\u201e0\u201c header_2_font_size_tablet=\u201e32px\u201c header_2_font_size_phone=\u201e26px\u201c header_2_font_size_last_edited=\u201eon|tablet\u201c border_color_all=\u201c#003319\u2032\u2032 global_colors_info=\u201e{}\u201c sticky_enabled=\u201e0\u2032\u201c]<\/p>\n<h2>Informationsvermerk zur Datenverarbeitung<\/h2>\n<p>[\/et_pb_text][\/et_pb_column][\/et_pb_row][\/et_pb_section][et_pb_section fb_built=\u201c1\u2032 admin_label=\u201esection\u201c _builder_version=\u201e4.21.0\u2032\u2032 background_enable_color=\u201eoff\u201c global_colors_info=\u201e{}\u201c][et_pb_row admin_label=\u201erow\u201c _builder_version=\u201e4.16\u2032 background_sise=\u201einitial\u201c background_position=\u201etop_left\u201c background_repeat=\u201erepeat\u201c global_colors_info=\u201e{}\u201c][et_pb_conlum type=\u201e4_4\u2032\u2032 _builder_version=\u201c4.16\u2032 custom_padding=\u201e|||\u201c global_colors_info=\u201e{\u201cCustoms_padding__hover=\u201e|||\u201c][et_b_text_version=\u201e\u201c). Admin_label=\u201eText\u201c _builder_version=\u201e4.21.0\u2032\u2032 text_text_color=\u201c#c6a76c\u201c text_font_sise=\u201e16px\u201c header_text_color=\u201c#c6a76c\u201c Kopfzeile_2_text_color=\u201c#c6a76c\" background_sise=\u201einitial\u201c background_position=\u201etop_left\u201c background_repeat=\u201erepeat\u201c hover_enabled=\u201e0\u201c text_font_size_tablet=\u201e16px\u201c text_font_size_phone=\u201e16px\u201c text_font_size_last_edited=\u201eon|desktop\u201c header_2_text_align_tablet=\u201ejustify\u201c header_2_text_align_phone=\u201ecenter\u201c header_2_font_size_tablet=\u201eheader_2_size_phone=\u201cheader_2_font_size_lastedited=\u201eon|desktop\u201c_ient_tablet=\u201ejustified\u201c text_orientation_orientation_edited=phone\u201ecenter\u201c text_orientation_last_edited=\u201eon|phone\u201c global_colors_info=\u201e{}\u201c text_font=\u201eSegoe Boot Semilight||||||||\u201c sticky_enabled=\u201e0\u2032\u201c]<\/p>\n<p><strong>Anlaufstelle f\u00fcr psychische Gesundheit im Bereich Pflege und Betreuung<\/strong><br \/><strong>ihr Datenschutz-Factsheet<\/strong><\/p>\n<p>&nbsp;<\/p>\n<ol>\n<li><strong>Einleitende<\/strong><br \/>A <a href=\"https:\/\/torodes.com\/de\/\">https:\/\/torodes.com<\/a> die Website wird von Mikl\u00f3s Gerg\u0151 E.V. Horv\u00e1th als Website-Betreiber und von Rackhost Zrt. als Datenverarbeiter betrieben. Ein Nutzer ist jede Person, die die Website aufruft und ihre Dienste in Anspruch nimmt. Auf der Website gibt es keine Registrierung.<\/li>\n<\/ol>\n<p><strong>Angaben zum f\u00fcr die Verarbeitung Verantwortlichen:<\/strong><\/p>\n<p><strong>\/<\/strong><strong>Datenverantwortlicher: <\/strong>\u201eVerantwortlicher\u201c die nat\u00fcrliche oder juristische Person, Beh\u00f6rde, Einrichtung oder andere Stelle, die allein oder gemeinsam mit anderen \u00fcber die Zwecke und Mittel der Verarbeitung personenbezogener Daten entscheidet; sind die Zwecke und Mittel der Verarbeitung im Unionsrecht oder im Recht der Mitgliedstaaten festgelegt, so k\u00f6nnen der Verantwortliche oder die spezifischen Kriterien f\u00fcr seine Benennung im Unionsrecht oder im Recht der Mitgliedstaaten vorgesehen werden.<strong>\/<\/strong><\/p>\n<p>Namen: Herrn Mikl\u00f3s Gerg\u0151 E.V. Horv\u00e1th<br \/>Sitz: 6800, H\u00f3dmez\u0151v\u00e1s\u00e1rhely, gl\u00fcckliche Stra\u00dfe 18<br \/>Postanschrift: 6800, H\u00f3dmez\u0151v\u00e1s\u00e1rhely, gl\u00fcckliche Stra\u00dfe 18<br \/>Steuernummer: 69717156-1-26<br \/>E-Mail-Adresse: <a href=\"mailto:hmgergo.ev@gmail.com\">hmgergo.ev@gmail.com<\/a><br \/>Telefon: +\u00a036\u00a020\u00a0935\u00a07085<\/p>\n<p><strong>Daten des Auftragsverarbeiters:<\/strong><\/p>\n<p>\/Auftragsverarbeiter: Durchf\u00fchrung der technischen Aufgaben im Zusammenhang mit den Verarbeitungsvorg\u00e4ngen, unabh\u00e4ngig von der Methode und den Mitteln, die zur Durchf\u00fchrung dieser Vorg\u00e4nge verwendet werden, und unabh\u00e4ngig vom Ort der Anwendung, sofern die technische Aufgabe an den Daten durchgef\u00fchrt wird\/<\/p>\n<p>Namen: Rackhost Zrt.<br \/>Sitz: 6722 Szeged, Tisza Lajos k\u00f6r\u00fat 41<br \/>E-Mail-Adresse: <a href=\"mailto:info@rackhost.hu\">info@rackhost.hu<\/a><br \/>Telefon: +\u00a036\u00a01\u00a0445\u00a01200<br \/>Tel.: +\u00a036\u00a01\u00a0445\u00a01201<br \/>Internet: <a href=\"http:\/\/www.rackhost.hu\">www.rackhost.hu<\/a><\/p>\n<p>&nbsp;<\/p>\n<p>&nbsp;<\/p>\n<ol start=\"2\">\n<li><strong>Anwendungsbereich und \u00c4nderung der Verwendungsbedingungen<\/strong><\/li>\n<\/ol>\n<p><strong>Der Anwendungsbereich dieser Bedingungen ist beschr\u00e4nkt auf <\/strong><a href=\"https:\/\/torodes.com\/de\/\">https:\/\/torodes.com<\/a><strong> sie umfasst eine Website. Sofern nicht anders angegeben, gelten die allgemeinen Gesch\u00e4ftsbedingungen nicht f\u00fcr Websites, die <\/strong><a href=\"https:\/\/torodes.com\/de\/\">https:\/\/torodes.com<\/a><strong> sie ist \u00fcber einen Link auf einer Website zug\u00e4nglich.<\/strong><\/p>\n<p><strong>Das Recht zur \u00c4nderung dieser Bedingungen ist Mikl\u00f3s Gerg\u0151 Horv\u00e1th E.V. vorbehalten. \u00a0<\/strong><\/p>\n<p>&nbsp;<\/p>\n<ol start=\"3\">\n<li><strong>Datenaufbereitung<\/strong><\/li>\n<\/ol>\n<p><strong>A <\/strong><a href=\"https:\/\/torodes.com\/de\/\">https:\/\/torodes.com<\/a><strong> beim Besuch einer Website wird der Kunde des betreffenden Nutzers automatisch registriert (zus\u00e4tzlich: die IP-Adresse Ihres Computers, die \u00f6ffentlich oder nicht \u00f6ffentlich sein kann, die Anfangs- und Endzeiten Ihres Besuchs oder, je nach Einstellung Ihres Computers, die Art des Browsers und des Betriebssystems sowie der geografische Standort, der anhand Ihrer IP-Adresse bestimmt werden kann. Die so aufgezeichneten Daten k\u00f6nnen \u00fcberhaupt nicht mit anderen personenbezogenen Daten verkn\u00fcpft werden, sondern nur zu statistischen Zwecken, um die Website weiterzuentwickeln.<\/strong><\/p>\n<p><strong>Mikl\u00f3s Gerg\u0151 E.V. Horv\u00e1th beh\u00e4lt sich das Recht vor, dem Kunden des Nutzers ein \u201eCookie\u201c (Cookie: alphanumerisches variables Informationspaket, das vom Webserver gesendet wird). Der Nutzer kann dies blockieren, indem er seinen Browser einrichtet.<\/strong><\/p>\n<p><strong>\u00a0<\/strong><\/p>\n<ol start=\"4\">\n<li><strong>Pflichten und Verantwortlichkeiten des Nutzers<\/strong><\/li>\n<\/ol>\n<p>Der Nutzer ist verpflichtet, bei der Bereitstellung seiner Daten die gebotene Sorgfalt walten zu lassen (in diesem Fall: <strong>Rundschreiben<\/strong>). Der Nutzer kann die Website nur in eigener Verantwortung besuchen. Mikl\u00f3s Gerg\u0151 E.V. Horv\u00e1th \u00fcbernimmt keine Haftung f\u00fcr Sch\u00e4den oder Unannehmlichkeiten, die dem Nutzer w\u00e4hrend der Benutzung dadurch entstehen, dass der Nutzer nicht mit der gebotenen Sorgfalt gehandelt hat.<br \/>Der Nutzer muss die Website fair und unter Ber\u00fccksichtigung der Rechte und Interessen anderer nutzen. Der Nutzer hat die geltenden Rechtsvorschriften einzuhalten und sich jeder Handlung zu enthalten, die rechtswidrig ist oder den Interessen anderer schadet. Insbesondere muss der Nutzer die Privatsph\u00e4re und die Pers\u00f6nlichkeitsrechte anderer, die Rechte des geistigen Eigentums, insbesondere die Vorschriften zum Schutz von literarischen, wissenschaftlichen und k\u00fcnstlerischen Werken, Erfindungen, Geschmacksmustern, Gebrauchsmustern und urheberrechtlich gesch\u00fctzten Marken, achten. Der Nutzer darf keine Ordnungswidrigkeit oder Straftat begehen.<\/p>\n<p>Alle Nutzer sind verpflichtet, jede Handlung zu unterlassen, die die beabsichtigte Nutzung der Website behindert. Alle Nutzer sind verpflichtet, alle Handlungen zu unterlassen, die den Interessen von Mikl\u00f3s Gerg\u0151 E.V. Horv\u00e1th schaden w\u00fcrden. Dar\u00fcber hinaus kann Mikl\u00f3s Gerg\u0151 E.V. Horv\u00e1th zus\u00e4tzliche Beschr\u00e4nkungen auferlegen und die Nutzer dar\u00fcber informieren.<br \/>Die Nutzer k\u00f6nnen nur ihre eigenen personenbezogenen Daten auf der Website angeben. Die Bereitstellung von Daten anderer Personen stellt eine unrechtm\u00e4\u00dfige Verarbeitung dar, die Folgen haben kann, die in gesonderten Rechtsvorschriften festgelegt sind.<br \/>Verst\u00f6\u00dft der Nutzer gegen die Bestimmungen dieser Regeln oder gegen Rechtsvorschriften, kann Mikl\u00f3s Gerg\u0151 E.V. Horv\u00e1th den Zugang zur Website beschr\u00e4nken oder untersagen.<br \/>F\u00fchrt das Verhalten des Nutzers zu einem Verwaltungs- oder Gerichtsverfahren, kann Mikl\u00f3s Gerg\u0151 E.V. Horv\u00e1th die f\u00fcr die Identifizierung des Nutzers erforderlichen Daten sowie die Daten \u00fcber den Versto\u00df speichern und an die zust\u00e4ndigen Stellen weiterleiten.<\/p>\n<p>&nbsp;<\/p>\n<ol start=\"5\">\n<li><em><strong>Schutz von Rechten des geistigen Eigentums<\/strong><\/em><\/li>\n<\/ol>\n<p>Alle auf der Website ver\u00f6ffentlichten geistigen Werke, darunter unter anderem Werke von Autoren, Datenbanken, Suchl\u00f6sungen, verwendete Programme und Codes, ver\u00f6ffentlichte Daten, Marken, insbesondere das Logo des Zentrums f\u00fcr psychische Gesundheit, und patentierte Werke, sind gesetzlich gesch\u00fctzt und befinden sich, sofern nicht anders angegeben, im Eigentum des Zentrums f\u00fcr psychische Gesundheit.<br \/>Ohne schriftliche Zustimmung ist der Lizenznehmer nicht berechtigt, das geistige Eigentum zu nutzen, insbesondere nicht, es zu kopieren, zu vervielf\u00e4ltigen, zu verwerten, zu verkaufen, zu ver\u00e4ndern, anzupassen oder der \u00d6ffentlichkeit zug\u00e4nglich zu machen. Geistiges Eigentum darf nur im Einklang mit den einschl\u00e4gigen Rechtsvorschriften, insbesondere dem Gesetz LXXVI von 1999 \u00fcber das Urheberrecht, genutzt werden. Veruntreuung hat strafrechtliche und zivilrechtliche Folgen. A <a href=\"https:\/\/torodes.com\/de\/\">https:\/\/torodes.com<\/a> sofern nicht anders angegeben, hat das Zentrum f\u00fcr psychische Gesundheit die Rechte, die sich aus dem Urheberrecht oder den treuh\u00e4nderischen Rechten am Inhalt der Website ergeben. CARE Das Zentrum f\u00fcr psychische Gesundheit hat das ausschlie\u00dfliche Recht, jede materielle und immaterielle Nutzung des gesamten Inhalts oder eines identifizierbaren Teils davon zu genehmigen. F\u00fcr jede Verwendung wird im Voraus eine Lizenz mit dem Zentrum f\u00fcr psychische Gesundheit vereinbart. In F\u00e4llen, in denen das Zentrum f\u00fcr psychische Gesundheit nicht der einzige Rechteinhaber f\u00fcr Inhalte ist, ist der Nutzer verpflichtet, die Erlaubnis aller Rechteinhaber zur Nutzung der Werke einzuholen.<br \/>Die kostenlose Verwendung ist kostenlos und bedarf keiner Genehmigung des Zentrums f\u00fcr psychische Gesundheit. Nach den Bestimmungen \u00fcber die unentgeltliche Benutzung ist die Benutzung nur insoweit zul\u00e4ssig oder unentgeltlich, als sie die berechtigten Interessen des Zentrums f\u00fcr psychische Gesundheit oder eines Dritten nicht ungeb\u00fchrlich beeintr\u00e4chtigt, den anst\u00e4ndigen Erfordernissen entspricht und nicht f\u00fcr einen mit der unentgeltlichen Benutzung unvereinbaren Zweck bestimmt ist. Jedermann kann eine Kopie des Inhalts der Website f\u00fcr den privaten\/h\u00e4uslichen Gebrauch anfertigen, wenn sie nicht indirekt zur Erzielung oder Erh\u00f6hung von Einnahmen genutzt wird. Kopien d\u00fcrfen in einer Weise und in einem Umfang angefertigt werden, die f\u00fcr den Zweck, f\u00fcr den privaten Gebrauch und f\u00fcr interne institutionelle Zwecke, ausgenommen Gesch\u00e4ftst\u00e4tigkeiten, f\u00fcr wissenschaftliche Zwecke oder f\u00fcr Bildungszwecke geeignet sind, sofern sie nicht indirekt zur Erzielung von Einnahmen oder zur Erh\u00f6hung des Einkommens verwendet werden. Die Weiterverwendung, Vervielf\u00e4ltigung, Verbreitung, Speicherung in einer Datenbank, das Herunterladen und die Vermarktung dieser Kopien sind streng untersagt.<br \/>Links zum Portal k\u00f6nnen in andere Online-Dienste aufgenommen werden, aber das Zentrum f\u00fcr psychische Gesundheit beh\u00e4lt sich das Recht vor, Einw\u00e4nde gegen den Link zu erheben und seine L\u00f6schung zu beantragen.<\/p>\n<ol start=\"6\">\n<li><em><strong>Kontinuit\u00e4t der Dienste<\/strong><\/em><\/li>\n<\/ol>\n<p>Mikl\u00f3s Gerg\u0151 E.V. Horv\u00e1th verpflichtet sich, alle erforderlichen Ma\u00dfnahmen zu ergreifen, um den ununterbrochenen und kontinuierlichen Zugang zur Website zu gew\u00e4hrleisten.Mikl\u00f3s Gerg\u0151 E.V. Horv\u00e1th garantiert nicht die ununterbrochene Verf\u00fcgbarkeit der Website.Mikl\u00f3s Gerg\u0151 E.V. Horv\u00e1th ist bestrebt, St\u00f6rungen oder Betriebsprobleme zu beheben, die beim Betrieb der Website auftreten k\u00f6nnen, kann aber nicht daf\u00fcr verantwortlich gemacht werden.<br \/>Mikl\u00f3s Gerg\u0151 E.V. Horv\u00e1th \u00fcbernimmt keine Verantwortung f\u00fcr das Verhalten der Nutzer!<\/p>\n<p><em>\u00a0 \u00a0 \u00a0 7.<strong> Herrn Mikl\u00f3s Gerg\u0151 E.V. Horv\u00e1th<\/strong><\/em><strong>von<em> Einspruch eingelegt<\/em><\/strong><\/p>\n<p>Nutzer k\u00f6nnen Beschwerden und Beschwerden direkt an Mikl\u00f3s Horv\u00e1th Gerg\u0151 E.V. richten, der sein M\u00f6glichstes tun wird, um Verst\u00f6\u00dfe zu beenden und Abhilfe zu schaffen. Mikl\u00f3s Gerg\u0151 E.V. Horv\u00e1th pr\u00fcft die bei ihm eingereichten Beschwerden und informiert den Nutzer \u00fcber seinen Standpunkt und die ergriffenen Ma\u00dfnahmen.<\/p>\n<p>[\/et_pb_text][\/et_pb_column][\/et_pb_row][\/et_pb_section]<\/p>","protected":false},"excerpt":{"rendered":"<p>Informationen zur DatenverarbeitungDie unter https:\/\/t\u00f6r\u0151d\u00e9s.com abrufbare Website der Anlaufstelle f\u00fcr psychische Gesundheit Informationen zum Datenschutz wird von Mikl\u00f3s Gerg\u0151 E.V. Horv\u00e1th als Website-Betreiber gepflegt und von Rackhost Zrt. als Datenverarbeiter betrieben. Ein Nutzer ist jede Person, die die Website aufruft und ihre Dienste in Anspruch nimmt. Auf der Website gibt es keine Registrierung. Angaben zum f\u00fcr die Verarbeitung Verantwortlichen: \/Verantwortlicher: eine nat\u00fcrliche oder juristische Person...<\/p>","protected":false},"author":1,"featured_media":0,"parent":0,"menu_order":0,"comment_status":"closed","ping_status":"closed","template":"","meta":{"_et_pb_use_builder":"on","_et_pb_old_content":"<!-- wp:heading --><h2>Kik vagyunk<\/h2><!-- \/wp:heading --><!-- wp:paragraph --><p><strong class=\"privacy-policy-tutorial\">Javasolt sz\u00f6veg: <\/strong>A weboldalunk c\u00edme: https:\/\/torodes.com.<\/p><!-- \/wp:paragraph --><!-- wp:heading --><h2>Hozz\u00e1sz\u00f3l\u00e1sok<\/h2><!-- \/wp:heading --><!-- wp:paragraph --><p><strong class=\"privacy-policy-tutorial\">Javasolt sz\u00f6veg: <\/strong>Hozz\u00e1sz\u00f3l\u00e1s bek\u00fcld\u00e9sekor a hozz\u00e1sz\u00f3l\u00e1si \u0171rlapban megadottakon k\u00edv\u00fcl begy\u0171jt\u00e9sre ker\u00fcl a hozz\u00e1sz\u00f3l\u00f3 IP c\u00edme \u00e9s a b\u00f6ng\u00e9sz\u0151azonos\u00edt\u00f3 karakterl\u00e1nc a k\u00e9retlen tartalmak kisz\u0171r\u00e9se c\u00e9lj\u00e1b\u00f3l.<\/p><!-- \/wp:paragraph --><!-- wp:paragraph --><p>Egy szem\u00e9lytelen\u00edtett, az e-mail c\u00edmb\u0151l el\u0151\u00e1ll\u00edtott karakterl\u00e1nc (hashnek szok\u00e1s nevezni) ker\u00fcl tov\u00e1bb\u00edt\u00e1sra a Gravatar szolg\u00e1ltat\u00e1s fel\u00e9, ha ez az oldalon haszn\u00e1latban van. A Gravatar szolg\u00e1ltat\u00e1s felt\u00e9telei az al\u00e1bbi c\u00edmen tekinthet\u0151ek meg: https:\/\/automattic.com\/privacy\/. A hozz\u00e1sz\u00f3l\u00e1s elfogad\u00e1sa ut\u00e1n, a hozz\u00e1sz\u00f3l\u00e1sunk tartalma \u00e9s a profil k\u00e9p\u00fcnk is megjelenik nyilv\u00e1nosan.<\/p><!-- \/wp:paragraph --><!-- wp:heading --><h2>M\u00e9dia<\/h2><!-- \/wp:heading --><!-- wp:paragraph --><p><strong class=\"privacy-policy-tutorial\">Javasolt sz\u00f6veg: <\/strong>Amennyiben regisztr\u00e1lt felhaszn\u00e1l\u00f3 \u00e1ltal ker\u00fcl k\u00e9p felt\u00f6lt\u00e9sre a honlapra, ker\u00fclni kell az az olyan EXIF-eket, amelyekben GPS poz\u00edci\u00f3 adatok is szerepelnek. A honlap l\u00e1togat\u00f3i ezeket let\u00f6lthetik \u00e9s kinyerhetik a helyadatokat a honlapon tal\u00e1lhat\u00f3 k\u00e9pekb\u0151l.<\/p><!-- \/wp:paragraph --><!-- wp:heading --><h2>S\u00fctik<\/h2><!-- \/wp:heading --><!-- wp:paragraph --><p><strong class=\"privacy-policy-tutorial\">Javasolt sz\u00f6veg: <\/strong>Ha hozz\u00e1sz\u00f3l\u00e1st \u00edrunk a honlapon, a megadott nevet, e-mail \u00e9s honlap c\u00edmet s\u00fctikben elt\u00e1roljuk. A t\u00e1rol\u00e1s a k\u00e9nyelmi c\u00e9lokat szolg\u00e1l az\u00e9rt, \u00edgy a k\u00f6vetkez\u0151 hozz\u00e1sz\u00f3l\u00e1skor ezeket a mez\u0151 adatokat nem kell kit\u00f6lteni. A s\u00fctik lej\u00e1rati ideje egy \u00e9v.<\/p><!-- \/wp:paragraph --><!-- wp:paragraph --><p>Ha ell\u00e1togatunk a bejelentkez\u00e9si oldalra, akkor \u00e1tmeneti s\u00fctiket \u00e1ll\u00edtunk be annak \u00e9rdek\u00e9ben, hogy meg\u00e1llap\u00edtsuk, hogy a b\u00f6ng\u00e9sz\u0151 elfogadja-e a s\u00fctiket. Ezek a s\u00fctik nem tartalmaznak szem\u00e9lyes inform\u00e1ci\u00f3t, \u00e9s t\u00f6rl\u0151dnek, ahogy bez\u00e1rjuk a b\u00f6ng\u00e9sz\u0151t.<\/p><!-- \/wp:paragraph --><!-- wp:paragraph --><p>A honlapra t\u00f6rt\u00e9n\u0151 bejelentkez\u00e9skor t\u00f6bb s\u00fctit hozunk l\u00e9tre, amely elmenti a bejelentkez\u00e9si inform\u00e1ci\u00f3t \u00e9s a szerkeszt\u0151fel\u00fclet megjelen\u00edt\u00e9si opci\u00f3it. A bejelentkez\u00e9si s\u00fctik k\u00e9t napig \u00e9rv\u00e9nyesek, a szerkeszt\u0151fel\u00fclet megjelen\u00edt\u00e9si opci\u00f3it t\u00e1rol\u00f3 s\u00fcti egy \u00e9vig. Amennyiben az &quot;Eml\u00e9kezz r\u00e1m&quot; opci\u00f3t bejel\u00f6lj\u00fck, a bejelentkez\u00e9s k\u00e9t h\u00e9tig folytat\u00f3dik. Kijelentkez\u00e9skor a bejelentkez\u00e9si s\u00fctik elt\u00e1vol\u00edt\u00e1sra ker\u00fclnek.<\/p><!-- \/wp:paragraph --><!-- wp:paragraph --><p>Amennyiben bejegyz\u00e9st vagy oldalt szerkeszt\u00fcnk, egy \u00fajabb s\u00fctit t\u00e1rol el a b\u00f6ng\u00e9sz\u0151nk. Ez a s\u00fcti nem tartalmaz szem\u00e9lyes adatot, egyszer\u0171en csak a bejegyz\u00e9s azonos\u00edt\u00f3 sz\u00e1m\u00e1t t\u00e1rolja, amelyet szerkesztett\u00fcnk. Egy nap m\u00falva j\u00e1r le az \u00e9rv\u00e9nyess\u00e9ge.<\/p><!-- \/wp:paragraph --><!-- wp:heading --><h2>M\u00e1s honlapokr\u00f3l sz\u00e1rmaz\u00f3 be\u00e1gyazott tartalmak<\/h2><!-- \/wp:heading --><!-- wp:paragraph --><p><strong class=\"privacy-policy-tutorial\">Javasolt sz\u00f6veg: <\/strong>A honlapon el\u00e9rhet\u0151 bejegyz\u00e9sek k\u00fcls\u0151 forr\u00e1sb\u00f3l sz\u00e1rmaz\u00f3 be\u00e1gyazott tartalmakat (pl. vide\u00f3k, k\u00e9pek, cikkek stb.) haszn\u00e1lhatnak. A k\u00fcls\u0151 forr\u00e1sb\u00f3l sz\u00e1rmaz\u00f3 be\u00e1gyazott tartalmak pontosan \u00fagy viselkednek, mintha megl\u00e1togattunk volna egy m\u00e1sik honlapot.<\/p><!-- \/wp:paragraph --><!-- wp:paragraph --><p>Ezek a webhelyek lehets\u00e9ges, hogy adatot gy\u0171jtenek a l\u00e1togat\u00f3kr\u00f3l, s\u00fctiket vagy harmadik f\u00e9lt\u0151l sz\u00e1rmaz\u00f3 k\u00f6vet\u0151k\u00f3dot haszn\u00e1lnak, figyelik a be\u00e1gyazott tartalommal kapcsolatos felhaszn\u00e1l\u00f3i viselked\u00e9st, ha rendelkez\u00fcnk felhaszn\u00e1l\u00f3i fi\u00f3kkal \u00e9s be vagyunk jelentkezve az oldalra.<\/p><!-- \/wp:paragraph --><!-- wp:heading --><h2>Kivel osztjuk meg a felhaszn\u00e1l\u00f3i adatokat<\/h2><!-- \/wp:heading --><!-- wp:paragraph --><p><strong class=\"privacy-policy-tutorial\">Javasolt sz\u00f6veg: <\/strong>Ha jelsz\u00f3 vissza\u00e1ll\u00edt\u00e1st k\u00e9r, akkor az IP-c\u00edmet a vissza\u00e1ll\u00edt\u00f3 e-mail tartalmazni fogja.<\/p><!-- \/wp:paragraph --><!-- wp:heading --><h2>Mennyi ideig \u0151rizz\u00fck a szem\u00e9lyes adatot<\/h2><!-- \/wp:heading --><!-- wp:paragraph --><p><strong class=\"privacy-policy-tutorial\">Javasolt sz\u00f6veg: <\/strong>Ha hozz\u00e1sz\u00f3lunk, a hozz\u00e1sz\u00f3l\u00e1s \u00e9s annak metaadatai nem meghat\u00e1rozhat\u00f3 ideig a rendszerben maradnak. Ennek c\u00e9lja, hogy az \u00f6sszes ezt k\u00f6vet\u0151 b\u00e1rmely hozz\u00e1sz\u00f3l\u00e1s \u00e1ltalunk megismertt\u00e9 \u00e9s j\u00f3v\u00e1hagyott\u00e1 v\u00e1ljon, azaz ne ker\u00fclj\u00f6n fel a moder\u00e1land\u00f3 hozz\u00e1sz\u00f3l\u00e1sok list\u00e1j\u00e1ra.<\/p><!-- \/wp:paragraph --><!-- wp:paragraph --><p>A honlapon regisztr\u00e1lt felhaszn\u00e1l\u00f3k (ha vannak ilyenek) szem\u00e9lyes adatai a saj\u00e1t felhaszn\u00e1l\u00f3i profiljukban is t\u00e1rol\u00e1sra ker\u00fclnek. Minden felhaszn\u00e1l\u00f3 megtekintheti, szerkesztheti vagy t\u00f6r\u00f6lheti a szem\u00e9lyes adatait b\u00e1rmikor (kiv\u00e9ve, hogy nem v\u00e1ltoztathatja meg a saj\u00e1t felhaszn\u00e1l\u00f3nev\u00e9t). A honlap rendszergazd\u00e1i ezen inform\u00e1ci\u00f3kat szint\u00e9n megtekinthetik \u00e9s szerkeszthetik.<\/p><!-- \/wp:paragraph --><!-- wp:heading --><h2>Milyen jogokkal rendelkezik a felhaszn\u00e1l\u00f3 a saj\u00e1t adatai kapcs\u00e1n<\/h2><!-- \/wp:heading --><!-- wp:paragraph --><p><strong class=\"privacy-policy-tutorial\">Javasolt sz\u00f6veg: <\/strong>A weboldalon regisztr\u00e1lt fi\u00f3k vagy hozz\u00e1sz\u00f3l\u00e1s \u00edr\u00e1sa eset\u00e9n k\u00e9rhet\u0151 a szem\u00e9lyes adatok export f\u00e1jlban t\u00f6rt\u00e9n\u0151 megk\u00fcld\u00e9se, amely b\u00e1rmilyen adatot tartalmaz, amit kor\u00e1bban a felhaszn\u00e1l\u00f3 rendelkez\u00e9s\u00fcnkre bocs\u00e1tott. K\u00e9rhet\u0151 tov\u00e1bb\u00e1, hogy b\u00e1rmilyen kor\u00e1bban megadott szem\u00e9lyes adatot t\u00f6r\u00f6lj\u00fck. Ez nem vonatkozik azokra az adatokra, amelyeket adminisztr\u00e1ci\u00f3s, jogi vagy biztons\u00e1gi okokb\u00f3l k\u00f6telez\u0151 meg\u0151rizn\u00fcnk.<\/p><!-- \/wp:paragraph --><!-- wp:heading --><h2>Where your data is sent<\/h2><!-- \/wp:heading --><!-- wp:paragraph --><p><strong class=\"privacy-policy-tutorial\">Javasolt sz\u00f6veg: <\/strong>A l\u00e1togat\u00f3k \u00e1ltal bek\u00fcld\u00f6tt hozz\u00e1sz\u00f3l\u00e1sokat automatikus spamsz\u0171r\u0151 szolg\u00e1ltat\u00e1s ellen\u0151rizheti.<\/p><!-- \/wp:paragraph -->","_et_gb_content_width":"","slim_seo":{"noindex":"1","title":"Adatkezel\u00e9si t\u00e1j\u00e9koztat\u00f3 - T\u00f6r\u0151d\u00e9s | Ment\u00e1lis Eg\u00e9szs\u00e9gk\u00f6zpont","description":"Adatkezel\u00e9si t\u00e1j\u00e9koztat\u00f3 T\u00f6r\u0151d\u00e9s Ment\u00e1lis Eg\u00e9szs\u00e9gk\u00f6pont adatv\u00e9delmi t\u00e1j\u00e9koztat\u00f3ja &nbsp; Bevezet\u0151 A https:\/\/torodes.com c\u00edmen el\u00e9rhet\u0151 honlapot az Horv\u00e1th Mikl"},"footnotes":""},"class_list":["post-3","page","type-page","status-publish","hentry"],"_links":{"self":[{"href":"https:\/\/torodes.com\/de\/wp-json\/wp\/v2\/pages\/3","targetHints":{"allow":["GET"]}}],"collection":[{"href":"https:\/\/torodes.com\/de\/wp-json\/wp\/v2\/pages"}],"about":[{"href":"https:\/\/torodes.com\/de\/wp-json\/wp\/v2\/types\/page"}],"author":[{"embeddable":true,"href":"https:\/\/torodes.com\/de\/wp-json\/wp\/v2\/users\/1"}],"replies":[{"embeddable":true,"href":"https:\/\/torodes.com\/de\/wp-json\/wp\/v2\/comments?post=3"}],"version-history":[{"count":0,"href":"https:\/\/torodes.com\/de\/wp-json\/wp\/v2\/pages\/3\/revisions"}],"wp:attachment":[{"href":"https:\/\/torodes.com\/de\/wp-json\/wp\/v2\/media?parent=3"}],"curies":[{"name":"wp","href":"https:\/\/api.w.org\/{rel}","templated":true}]}}