{"id":140,"date":"2023-01-28T18:04:45","date_gmt":"2023-01-28T17:04:45","guid":{"rendered":"https:\/\/torodes.com\/?page_id=140"},"modified":"2023-07-19T09:42:41","modified_gmt":"2023-07-19T07:42:41","slug":"szolgaltatasok","status":"publish","type":"page","link":"https:\/\/torodes.com\/de\/szolgaltatasok\/","title":{"rendered":"Dienstleistungen"},"content":{"rendered":"<p>[et_pb_section fb_built=\u201e1\u201c _builder_version=\u201e4.21.0\u201c _Modul_preset= \u201edefault\u201c background_enable_color=\u201eoff\u201c background_image=\u201ehttps:\/\/t\u00f6r\u0151d\u00e9s.com\/wp-content\/uploads\/2023\/06\/szolg\u00e1ltat\u00e1sok-scaled.jpg\u201c min_height=\u201e500px\u201c min_height_tablet=\u201e300px\u201c min_height_phone=\u201e300px\u201c min_height_last_edited=\u201eon|phone\u201c bottom_divider_style=\u201egraph3\u2032 bottom_divider_color=\u201c#FFFFFF\u2019 global_colors_info=\u201a{}\u2018][et_pb_section][et_pb_section fb_built=\u20181\u2032 module_id=\u201aservices\u2018 _builder_version=\u201a4.20.4\u2032\u2032 _module_preset=\u201adefault\u2018 background_color=\u201aRGBA(255,255,255\u201a0)\u2018 global_colors_info=\u201a{}\u2018][et_pb_row column_structure=\u201a1_3,1_3\u201a1_3\u2032\u2032\u2032 _builder_version=\u201a4.20.4\u2032\u2032 _module_preset=\u201adefault\u2018 global_colors_info=\u2018{}\u2018][et_pb_column type=\u201a1_3\u2032 _builder_version=\u20184.20.4\u2032\u2032 _modul_preset=\u201adefault\u2018 global_colors_info=\u2018{{][et_b_image_image_image_image_image src=\u201ehttps:\/\/t\u00f6r\u0151d\u00e9s.com\/wp-content\/uploads\/2023\/05\/tan\u00e1csad\u00e1s.png\u201c alt=\u201eadvice\u201c title_text=\u201eadvice\u201c _builder_version=\u201e4.21.0\u201c _module_preset=\u201edefault\u201c max_width=\u201e300px\u201c max_width_tablet=\u201e300px\u201c max_width_phone=\u201e200px\u201c max_width_last_edited=\u201eon|phone\u201c height_phone=\u201e\u201c height_last_edited=\u201eon|tablet\u201c max_height=\u201e300px\u201c max_height_tablet=\u201e300px\u201c max_height_phone=\u201enone\u201c max_height_last_edited=\u201eon|phone\u201c animation_style=\u201efold\u201c animation_direction=\u201ebottom\u201c module_ignment_tablet=\u201emoduler\u201ccent_ignment_phone=\u201eModul_alignment_last_edited\u201c=\u201eontablet|\u201c box_shadow_style=\u201epreset3\u2032\u2032 global_colors_info=\u201c{}\u201e][et_pb_image][et_pb_text _builder_version=\u201c4.21.0\u2032\u2032 _module_preset=\u201edefault\u201c text_orientation=\u201ccenter\u201eanimation_style=\u201eslide\u201c animation_direction=\u201cleft\u201eglobal_colors_info=\u201c{}]<\/p>\n<h2>Psychologische Beratung<\/h2>\n<p>[\/et_pb_text][\/et_pb_column][et_pb_column type=\u201e1_3\u2032 _builder_version=\u201c4.20.4\u2032\u2032 _Modul_preset=\u201edefault\u201c global_colors_info=\u201e{}\u201c][et_pb_image src=\u201ehttps:\/\/t\u00f6r\u0151d\u00e9s.com\/wp-content\/uploads\/2023\/05\/egy\u00e9ni.png\u201c alt=\u201eindividual\u201c title_text=\u201eindividual\u201c _builder_version=\u201e4.21.0\u2032\u2032 _Modul_preset=\u201edefault\u201c max_width=\u201e300px\u201c max_width_tablet=\u201e300px\u201c max_width_phone=\u201e200px\u201c max_width_last_edited=\u201eon|phone\u201c height_tablet=\u201c height_last_edited=\u201eon|t\u201c maxheight_300px\u201c max_height_tablet=\u201e300px\u201c max_height_phone=\u201enone\u201c max_height_last_edited=\u201eon|phone\u201c animation_style=\u201efold\u201c animation_direction=\u201ebottom\u201c module_alignment_tablet=\u201ecenter\u201c module_alignment_phone=\u201ecenter\u201c module_alignment_last_edited=\u201eon|tablet\u201c box_shadow_style=\u201epreset3\u2032 global_colors_info=\u201e{}\u201c][et_pb_image][et_pb_text _builder_version=\u201e4.21.0\u2032 _module_preset=\u201edefault\u201c text_orientation=\u201ecenter\u201c animation_style=\u201eslide\u201c box_shadow_direction=\u201eleft\u201c global_colors_info=\u201e}]<\/p>\n<h2>Einzelsitzung<\/h2>\n<p>[\/et_pb_text][\/et_pb_column][et_pb_column type=\u201e1_3\u2032\u201c _builder_version=\u201c4.20.4\u2032\u2032 _Modul_preset=\u201edefault\u201c global_colors_info=\u201e{}\u201c][et_pb_image src=\u201ehttps:\/\/t\u00f6r\u0151d\u00e9s.com\/wp-content\/uploads\/2023\/05\/csoport.png\u201c alt=\u201egroup\u201c title_text=\u201egroup\u201c _builder_version=\u201e4.21.0\u2032\u2032 _Modul_preset=\u201edefault\u201c max_width=\u201e300px\u201c max_width_tablet=\u201e300px\u201c max_width_phone=\u201e200px\u201c max_width_last_edited=\u201eon|tablet\u201c customs_padding=\u201e||||false|false\u201c animation_style=\u201efold\u201c animation_direction=\u201ebomott\u201c Modul_alignment_tablet= \u201ecenter\u201c module_alignment_phone= \u201ecenter\u201c module_alignment_last_edited=\u201eon|tablet\u201c box_shadow_style=\u201epreset3\u2032 global_colors_info=\u201c{}\u201e][et_pb_image][et_pb_text _builder_version=\u201c4.21.0\u2032\u2032 _module_preset=\u201edefault\u201ctext_orientation=\u201ecenter\u201c animation_style=\u201cslide\u201eanimation_direction=\u201cleft\u201eglobal_colors_info=\u201c{}]<\/p>\n<h2>Gruppensitzung<\/h2>\n<p>[\/et_pb_text][\/et_pb_column][\/et_pb_row column_structure=\u201e1_3,1_3,1_3\u2032\u2032 _builder_version=\u201c4.20.4\u2032\u2032 _Modul_preset=\u201edefault\u201c global_colors_info=\u201e{}\u201c][et_pb_column type=\u201e1_3\u2032\u2032 _builder_version=\u201c4.20.4\u2032\u2032 _Modul_preset=\u201edefault\u201c global_colors_info=\u201e{}\u201c][et_pb_image src=\u201ehttps:\/\/t\u00f6r\u0151d\u00e9s.com\/wp-content\/uploads\/2023\/05\/parterapia.png\u201c alt=\u201epair therapie\u201c title_text=\u201epair therapie\u201c _builder_version=\u201e4.21.0\u2032\u201c _module_preset=\u201edefault\u201c max_width_tablet=\u201e300px\u201c\u201c max_width_phone=200px\u201c max_width_last_edited\u201e|t\u201c animation_style=\u201efold\u201c animation_direction=\u201ebottom\u201c module_alignment_tablet=\u201ecenter\u201c module_alignment_last_edited=\u201eon|tablet\u201c box_shadow_style=\u201epreset3\u2032 global_colors_info=\u201c{}][et_pb_image][et_pb_text _builder_version=\u201e4.21.0\u2032\u2032 _module_preset=\u201edefault\u201c text_orientation=\u201ecenter\u201c animation_style=\u201eslide\u201c animation_direction=\u201eleft\u201c global_colors_info=\u201e{}\u201c]<\/p>\n<h2>Parteitherapie<\/h2>\n<p>[\/et_pb_text][\/et_pb_column][et_pb_column type=\u201e1_3\u2032\u201c _builder_version=\u201c4.20.4\u2032\u2032 _Modul_preset=\u201edefault\u201c global_colors_info=\u201e{}\u201c][et_pb_image src=\u201ehttps:\/\/t\u00f6r\u0151d\u00e9s.com\/wp-content\/uploads\/2023\/05\/csal\u00e1d.png\u201c alt=\u201efamily\u201c title_text=\u201efamilie\u201c _builder_version=\u201e4.21.0\u2032\u2032 _Modul_preset=\u201edefault\u201c max_width_tablet=\u201e300px\u201c max_width_phone=\u201e200px\u201c max_width_last_edited=\u201e|tablet\u201c custom_padding=\u201e||||false|false\u201canimation_style=\u201efold\u201c animation_direction=\u201ebottom\u201c module_ignment_tablet=\u201ecenter\u201c\u201c Modul_alignment_phone=\u201ecenter\u201c module_alignment_last_edited=\u201eon|tablet\u201c box_shadow_style=\u201epreset3\u2032 global_colors_info=\u201c{}][\/et_pb_image][et_pb_text _builder_version=\u201e4.21.0\u2032 _module_preset=\u201edefault\u201c text_orientation=\u201ecenter\u201c animation_style=\u201eslide\u201c animation_direction=\u201eleft\u201c global_colors_info=\u201e{}\u201c]<\/p>\n<h2>Familiensitzung<\/h2>\n<p>[\/et_pb_text][\/et_pb_column][et_pb_column type=\u201e1_3\u2032\u201c _builder_version=\u201c4.20.4\u2032\u2032 _Modul_preset=\u201edefault\u201c global_colors_info=\u201e{}\u201c][et_pb_image src=\u201ehttps:\/\/t\u00f6r\u0151d\u00e9s.com\/wp-content\/uploads\/2023\/05\/mediaci.png\u201c alt=\u201emediacio\u201c title_text=\u201emediacio\u201c _builder_version=\u201e4.21.0\u2032\u2032 _Modul_preset=\u201edefault\u201c max_width_tablet=\u201e300px\u201c max_width_phone=\u201e200px\u201c max_width_last_edited=\u201eon|tablet\u201c custom_padding=\u201e||||false|false\u201c animation_style=\u201efold\u201c animation_direction=\u201ebottom\u201c modulealignment_tablet=center\u201c Modul_alignment_phone=\u201ecenter\u201c module_alignment_last_edited=\u201eon|tablet\u201c box_shadow_style=\u201epreset3\u2032 global_colors_info=\u201c{}][\/et_pb_image][et_pb_text _builder_version=\u201e4.21.0\u2032 _module_preset=\u201edefault\u201c text_orientation=\u201ecenter\u201c animation_style=\u201eslide\u201c animation_direction=\u201eleft\u201c global_colors_info=\u201e{}\u201c]<\/p>\n<h2>Mediation<\/h2>\n<p>[\/et_pb_text][\/et_pb_column][\/et_pb_row column_structure=\u201c1_3,1_3,1_3\u2032\u2032 _builder_version=\u201e4.20.4\u2032\u2032 _Modul_preset=\u201cdefault\u201eglobal_colors_info=\u201e{}][et_pb_column type=\u201c1_3\u2032\u2032 _builder_version=\u201e4.20.4\u2032\u2032 _Modul_preset=\u201cdefault\u201eglobal_colors_info=\u201c{}\u201e][et_pb_image src=\u201ehttps:\/\/t\u00f6r\u0151d\u00e9s.com\/wp-content\/uploads\/2023\/05\/gyaszfeldolgozas.png\u201c alt=\u201cemphasian feldolgozas\u201etitle_text=\u201cgyerfeldolgozas\u201e_builder_version=\u201c4.21.0\u2032 _Modul_preset=\u201edefault\u201emaxwidth_tablet=300px\u201c max_width_phone=\u201e200px\u201c max_width_last_edited=\u201eon|tablet\u201c animation_style=\u201efold\u201c animation_direction=\u201ebottom\u201c module_alignment_tablet=\u201ecenter\u201c module_alignment_last_edited=\u201eon|tablet\u201c box_shadow_style=\u201epreset3\u2032 global_colors_info=\u201c{}][et_pb_image][et_pb_text _builder_version=\u201e4.21.0\u2032\u2032 _module_preset=\u201edefault\u201c text_orientation=\u201ecenter\u201c animation_style=\u201eslide\u201c animation_direction=\u201eleft\u201c global_colors_info=\u201e{}\u201c]<\/p>\n<h2>Verarbeitung von Asche<\/h2>\n<p>[\/et_pb_text][\/et_pb_column][et_pb_column type=\u201e1_3\u2032 _builder_version=\u201c4.20.4\u2032\u2032 _Modul_preset=\u201edefault\u201c global_colors_info=\u201e{}\u201c][et_pb_image src=\u201ehttps:\/\/t\u00f6r\u0151d\u00e9s.com\/wp-content\/uploads\/2023\/05\/szuperviizor.png\u201c alt=\u201esupervizor\u201c title_text=\u201esupervisor\u201c _builder_version=\u201e4.21.0\u2032\u2032 _Modul_preset=\u201edefault\u201c max_width_tablet=\u201e300px\u201c max_width_phone=\u201e200px\u201c max_width_last_edited=\u201e|tablet\u201c customs_padding=\u201e||||false|false\u201c animation_style=\u201efold\u201c animation_direction=\u201ebottom\u201c module_ignment_tablet=\u201eercent\u201c Modul_alignment_phone=\u201ecenter\u201c module_alignment_last_edited=\u201eon|tablet\u201c box_shadow_style=\u201epreset3\u2032 global_colors_info=\u201c{}][\/et_pb_image][et_pb_text _builder_version=\u201e4.21.0\u2032 _module_preset=\u201edefault\u201c text_orientation=\u201ecenter\u201c animation_style=\u201eslide\u201c animation_direction=\u201eleft\u201c global_colors_info=\u201e{}\u201c]<\/p>\n<h2>Beaufsichtigung<\/h2>\n<p>[\/et_pb_text][\/et_pb_column][et_pb_column type=\u201e1_3\u2032 _builder_version=\u201c4.20.4\u2032\u2032 _Modul_preset= \u201edefault\u201c global_colors_info=\u201e{}\u201c][\/et_pb_column][\/et_pb_row][\/et_pb_section]<\/p>","protected":false},"excerpt":{"rendered":"<p>Psychologische BeratungIndividuelle TherapieGruppentherapiePharmazeutische TherapieFamilientherapieDiversifikationPharmazeutische VerarbeitungAufsicht<\/p>","protected":false},"author":1,"featured_media":0,"parent":0,"menu_order":0,"comment_status":"closed","ping_status":"closed","template":"","meta":{"_et_pb_use_builder":"on","_et_pb_old_content":"","_et_gb_content_width":"","slim_seo":{"title":"Szolg\u00e1ltat\u00e1sok | T\u00f6r\u0151d\u00e9s Ment\u00e1lis Eg\u00e9szs\u00e9gk\u00f6zpont","description":"Tekintse meg szolg\u00e1ltat\u00e1sainkat: Pszichol\u00f3giai tan\u00e1csad\u00e1s, Egy\u00e9ni ter\u00e1pia, Csoportter\u00e1pia...","facebook_image":"https:\/\/torodes.com\/wp-content\/uploads\/2023\/01\/Torodes_logo_szines_3.png","twitter_image":"https:\/\/torodes.com\/wp-content\/uploads\/2023\/01\/Torodes_logo_szines_3.png"},"footnotes":""},"class_list":["post-140","page","type-page","status-publish","hentry"],"_links":{"self":[{"href":"https:\/\/torodes.com\/de\/wp-json\/wp\/v2\/pages\/140","targetHints":{"allow":["GET"]}}],"collection":[{"href":"https:\/\/torodes.com\/de\/wp-json\/wp\/v2\/pages"}],"about":[{"href":"https:\/\/torodes.com\/de\/wp-json\/wp\/v2\/types\/page"}],"author":[{"embeddable":true,"href":"https:\/\/torodes.com\/de\/wp-json\/wp\/v2\/users\/1"}],"replies":[{"embeddable":true,"href":"https:\/\/torodes.com\/de\/wp-json\/wp\/v2\/comments?post=140"}],"version-history":[{"count":0,"href":"https:\/\/torodes.com\/de\/wp-json\/wp\/v2\/pages\/140\/revisions"}],"wp:attachment":[{"href":"https:\/\/torodes.com\/de\/wp-json\/wp\/v2\/media?parent=140"}],"curies":[{"name":"wp","href":"https:\/\/api.w.org\/{rel}","templated":true}]}}