{"id":115,"date":"2023-01-28T17:43:43","date_gmt":"2023-01-28T16:43:43","guid":{"rendered":"https:\/\/torodes.com\/?page_id=115"},"modified":"2025-04-17T23:33:10","modified_gmt":"2025-04-17T21:33:10","slug":"kapcsolat","status":"publish","type":"page","link":"https:\/\/torodes.com\/de\/kapcsolat\/","title":{"rendered":"Kontakt"},"content":{"rendered":"<p>[et_pb_section fb_built=\u201e1\u2032\u2032 admin_label=\u201cHeader\u201e_builder_version=\u201c4.21.0\u2032\u2032 _Modul_preset=\u201edefault\u201c background_enable_color=\u201coff\u201ebackground_image=\u201ehttps:\/\/t\u00f6r\u0151d\u00e9s.com\/wp-content\/uploads\/2023\/06\/kapocslat-scaled.jpg\u201c background_position=\u201etop_center\u201c background_vertical_offset=\u201c0%\u201e\u201c min_height=\u201e700px\u201c min_height_tablet=\u201e300px\u201c min_height_phone=\u201e300px\u201c min_height_last_edited=\u201eon|desktop\u201c custom_padding=\u201e||16vw||false|false\u201c collapsed=\u201eoff\u201c global_colors_info=\u201e{}\u201c][et_pb_section][et_pb_section fb_built=\u201e1\u201c admin_label=\u201eContact\u201c module_id=\u201eE-Mail-share\u201c _builder_version=\u201e4.27.4\u201c _Modul_preset=\u201edefault\u201c background_enable_color=\u201eoff\u201c min_height=\u201e694px\u201c customs_margin=\u201e0px||||false\u201c collapsed=\u201eon\u201cGlobal_colors_in=\u201e{}\u201cet_prow_structure=\u201e2\u201cstruktur 1_2\u2032\u2032 make_equal=\u201eon\u201c _builder_version=\u201e4.17.3\u2032\u2032 _module_preset=\u201edefault\u201c global_colors_info=\u201e{}\u201c][et_pb_column type=\u201e1_2\u2032\u2032 _builder_version=\u201c4.17.1\u2032 _module_preset=\u201edefault\u201c global_colors_info=\u201e{}\u201c][et_pb_contact_form use_spam_service=\u201eon\u201c recaptcha_list=\u201eDefault-0\u2032 E-Mail=\u201einfo@t\u00f6r\u0151d\u00e9s.com\u201c custom_message=\u201eName: %%Namen%%||et_pb_line_break_holder||E-Mail: %%Emailadresse%%||et_pb_line_break_holder||Assistent: %%Helping_Professoren%%||et_pb_line_break_holder||Nachricht: %%Mitteilung%%\u201eSubmit_button_text=\u201cSend\u201e_builder_version=\u201e4.21.0\u2032\u2032 _Modul_preset=\u201c5f451234-b662-41cf-8ad7-48c40d2afa7f\u201e_unique_id=\u201ecd2e19fd-2a99-4a79-9e23-4295fab658b3\u2032\u2032 form_field_background_color=\u201cRGBA(255,255,255.0)\u201eform_field_text_color=\u201c#22434A\u2019 title_font=\u201aSegoe Boot Semilight||||||||\u2018 captcha_font=\u201aSegoe Boot Semilight||||||||\u2018 captcha_font_sise=\u201818px\u2018 form_field_font=\u201aInter||||||||\u2018 form_field_font_sise=\u201a18px\u2018 customs_button=\u201aon\u2018 button_text_sise=\u201814px\u2018 button_text_color=\u2018#E1ECEA\u201c Schaltfl\u00e4che_bg_color=\u201c#2E5B61\u2032\u2032-Schaltfl\u00e4che_border_width=\u201e0px\u201c-Schaltfl\u00e4che_border_radius=\u201e50px\u201c-Schaltfl\u00e4che_font=\u201eSegoe Boot Semilight|600|||||||\u201c-Schaltfl\u00e4che_custom_margin_tablet=\u201e|260px|||false|false\u201c-Schaltfl\u00e4che_custom_margin_last_edited=\u201eon vastablet\u201c-Schaltfl\u00e4che_custom_padding=\u201e20px\u0219040px120px|0240px|13|241px\u201eGrenze_color_all=\u201c#2E5B61\u2033 locked=\u201doff\u201d global_colors_info=\u201d{}\u201d][et_pb_contact_field field_id=\u201dName\u201d field_title=\u201dN\u00e9v\u201d fullwidth_field=\u201don\u201d _builder_version=\u201d4.21.0\u2033 global_colors_info=\u201d{}\u201d button_text_size__hover_enabled=\u201doff\u201d button_one_text_size__hover_enabled=\u201doff\u201d button_two_text_size__hover_enabled=\u201doff\u201d button_text_color__hover_enabled=\u201doff\u201d button_one_text_color__hover_enabled=\u201doff\u201d button_two_text_color__hover_enabled=\u201doff\u201d button_border_width__hover_enabled=\u201doff\u201d button_one_border_width__hover_enabled=\u201doff\u201d button_two_border_width__hover_enabled=\u201doff\u201d button_border_color__hover_enabled=\u201doff\u201d button_one_border_color__hover_enabled=\u201doff\u201d button_two_border_color__hover_enabled=\u201doff\u201d button_border_radius__hover_enabled=\u201doff\u201d button_one_border_radius__hover_enabled=\u201doff\u201d button_two_border_radius__hover_enabled=\u201doff\u201d button_letter_spacing__hover_enabled=\u201doff\u201d button_one_letter_spacing__hover_enabled=\u201doff\u201d button_two_letter_spacing__hover_enabled=\u201doff\u201d button_bg_color__hover_enabled=\u201doff\u201d button_one_bg_color__hover_enabled=\u201doff\u201d button_two_bg_color__hover_enabled=\u201doff\u201d][\/et_pb_contact_field][et_pb_contact_field field_id=\u201dEmail\u201d field_title=\u201dEmail\u201d field_type=\u201demail\u201d fullwidth_field=\u201don\u201d _builder_version=\u201d4.21.0\u2033 global_colors_info=\u201d{}\u201d button_text_size__hover_enabled=\u201doff\u201d button_one_text_size__hover_enabled=\u201doff\u201d button_two_text_size__hover_enabled=\u201doff\u201d button_text_color__hover_enabled=\u201doff\u201d button_one_text_color__hover_enabled=\u201doff\u201d button_two_text_color__hover_enabled=\u201doff\u201d button_border_width__hover_enabled=\u201doff\u201d button_one_border_width__hover_enabled=\u201doff\u201d button_two_border_width__hover_enabled=\u201doff\u201d button_border_color__hover_enabled=\u201doff\u201d button_one_border_color__hover_enabled=\u201doff\u201d button_two_border_color__hover_enabled=\u201doff\u201d button_border_radius__hover_enabled=\u201doff\u201d button_one_border_radius__hover_enabled=\u201doff\u201d button_two_border_radius__hover_enabled=\u201doff\u201d button_letter_spacing__hover_enabled=\u201doff\u201d button_one_letter_spacing__hover_enabled=\u201doff\u201d button_two_letter_spacing__hover_enabled=\u201doff\u201d button_bg_color__hover_enabled=\u201doff\u201d button_one_bg_color__hover_enabled=\u201doff\u201d button_two_bg_color__hover_enabled=\u201doff\u201d][\/et_pb_contact_field][et_pb_contact_field field_id=\u201dHelping_professionals\u201d field_title=\u201dSeg\u00edt\u0151 szakember\u201d field_type=\u201dselect\u201d select_options=\u201d{Wert:Dr. Vargan\u00e9 Hent Cec\u00edlia,gepr\u00fcft:0,dragID:-1},{Wert: Ildik\u00f3 Bernadett G\u00e1l,gepr\u00fcft:0,dragID:0},{Wert: Victoria T\u00e9gly,gepr\u00fcft:0,dragID:1},{Wert:Dr. Edina Gyulai,gepr\u00fcft:0,dragID:2},{Wert: Edit M\u00e1ria Cs\u00e1nyi,gepr\u00fcft:0,dragID:3}\u2033 fullwidth_field=\u201don\u201d _builder_version=\u201d4.21.0\u2033 global_colors_info=\u201d{}\u201d button_text_size__hover_enabled=\u201doff\u201d button_one_text_size__hover_enabled=\u201doff\u201d button_two_text_size__hover_enabled=\u201doff\u201d button_text_color__hover_enabled=\u201doff\u201d button_one_text_color__hover_enabled=\u201doff\u201d button_two_text_color__hover_enabled=\u201doff\u201d button_border_width__hover_enabled=\u201doff\u201d button_one_border_width__hover_enabled=\u201doff\u201d button_two_border_width__hover_enabled=\u201doff\u201d button_border_color__hover_enabled=\u201doff\u201d button_one_border_color__hover_enabled=\u201doff\u201d button_two_border_color__hover_enabled=\u201doff\u201d button_border_radius__hover_enabled=\u201doff\u201d button_one_border_radius__hover_enabled=\u201doff\u201d button_two_border_radius__hover_enabled=\u201doff\u201d button_letter_spacing__hover_enabled=\u201doff\u201d button_one_letter_spacing__hover_enabled=\u201doff\u201d button_two_letter_spacing__hover_enabled=\u201doff\u201d button_bg_color__hover_enabled=\u201doff\u201d button_one_bg_color__hover_enabled=\u201doff\u201d button_two_bg_color__hover_enabled=\u201doff\u201d][\/et_pb_contact_field][et_pb_contact_field field_id=\u201dMessage\u201d field_title=\u201d\u00dczenet\u201d field_type=\u201dtext\u201d fullwidth_field=\u201don\u201d _builder_version=\u201d4.21.0\u2033 global_colors_info=\u201d{}\u201d button_text_size__hover_enabled=\u201doff\u201d button_one_text_size__hover_enabled=\u201doff\u201d button_two_text_size__hover_enabled=\u201doff\u201d button_text_color__hover_enabled=\u201doff\u201d button_one_text_color__hover_enabled=\u201doff\u201d button_two_text_color__hover_enabled=\u201doff\u201d button_border_width__hover_enabled=\u201doff\u201d button_one_border_width__hover_enabled=\u201doff\u201d button_two_border_width__hover_enabled=\u201doff\u201d button_border_color__hover_enabled=\u201doff\u201d button_one_border_color__hover_enabled=\u201doff\u201d button_two_border_color__hover_enabled=\u201doff\u201d button_border_radius__hover_enabled=\u201doff\u201d button_one_border_radius__hover_enabled=\u201doff\u201d button_two_border_radius__hover_enabled=\u201doff\u201d button_letter_spacing__hover_enabled=\u201doff\u201d button_one_letter_spacing__hover_enabled=\u201doff\u201d button_two_letter_spacing__hover_enabled=\u201doff\u201d button_bg_color__hover_enabled=\u201doff\u201d button_one_bg_color__hover_enabled=\u201doff\u201d button_two_bg_color__hover_enabled=\u201doff\u201d][\/et_pb_contact_field][\/et_pb_contact_form][\/et_pb_column][et_pb_column type=\u201d1_2\u2033 _builder_version=\u201d4.17.1\u2033 _module_preset=\u201ddefault\u201d global_colors_info=\u201d{}\u201d][et_pb_blurb title=\u201dTelefon\u201d use_icon=\u201don\u201d font_icon=\u201d\ue090||divi||400\u2033 icon_color=\u201d#22434A\u201eicon_placement=\u201elinkes\u201c Bild_icon_width=\u201e20px\u201c Inhalt_max_width=\u201c100%\u201e\u201c icon_placement_tablet=\u201elinks\u201c icon_placement_phone=\u201elinks\u201c icon_placement_last_edited=\u201eon|tablet\u201c icon_alignment_tablet=\u201e\u201c icon_alignment_phone=\u201c icon_alignment_last_edited=\u201eon|desktop\u201c _builder_version=\u201e4.21.0\u201c _Modul_preset=\u201eb62950b2-9f88-417a-a624-825d61ec2a3d\u201c header_font=\u201eSegoe Boot Semilight|700|||||||\u201c header_text_align=\u201elinks\u201c header_text_color=\u201c#22434A\u201c header_font_sise=\u201e22px\u201c body_font=\u201eSegoe Boot Semilight||||||||\u201c body_text_align=\u201elink\u201c body_text_color=\u201c#22434A body_font_sise=\u201e18px\u201c body_link_text_color=\u201c#22434A \u201eimage_icon_custom_margin_tablet=\u201c||||false |false\u201eimage_icon_custom_margin_phone=\u201c||||false|false\u201eimage_icon_custom_margin_last_edited=\u201con|tablet\u201ecustoms_margin=\u201c|false\u0419false\u201ecustoms_margin_tablet=\u201c\ufffd210px false\ufffd0\u0219180px||||02||||13||||24||||3520px\u201eheader_font_size_last_edited=\u201c16px\u201eheader_font_size_last_edited=\u201con||||46||||5716pxbody_font_size_phone=\u201e14pxbody_font_size_font_size_se_last_ededed=\u201c||||68<\/p>\n<p><a href=\"tel:06306253430\">+36306253430<\/a><\/p>\n<p>[\/et_pb_blurb][et_pb_blurb title=\u201eE-Mail\u201c use_icon=\u201eon\u201c font_icon=\u201e||divi||400\u2032\u2032 icon_color=\u201c#22434A\u201eicon_placement=\u201elinkes\u201c Bild_icon_width=\u201e20px\u201c Inhalt_max_width=\u201c100%\u201e_Builder_version=\u201c4.21.0\u2032\u2032 _Modul_preset=\u201eb62950b2-9f88-417a-a624-825d61ec2a3d\u201c header_font=\u201eSegoe Boot Semilight|700|||||||\u201c header_text_color=\u201c#22434A\u201c header_font_sise=\u201e22px\u201c body_font=\u201eSegoe Boot Semilight||||||||\u201c body_text_color=\u201c#22434A body_font_sise=\u201e18px\u201c body_link_text_color=\u201c#22434A \u201eimage_icon_custom_margin_tablet=\u201c||||false |false\u201eimage_icon_custom_margin_phone=\u201c||||false|false\u201eimage_icon_custom_margin_last_edited=\u201con|tablet\u201ecustoms_margin=\u201c|false\u0419false\u201ecustoms_margin_tablet=\u201c\ufffd210px\u012a0\u00d8180pxx2||||03||||1420px\u201eer_font_size_phone=\u201c16px\u201eheader_font_size_last_edited=\u201con||||2516px\u201ebody_font_size_phone=\u201c14px\u201ebody_font_size_last_edited=\u201con||||36<\/p>\n<p><a href=\"mailto:info@torodes.com\">info@t\u00f6r\u0151d\u00e9s.com<\/a><\/p>\n<p>[\/et_pb_blurb][et_pb_blurb title=\u201eunsere Anschrift\u201c use_icon=\u201eon\u201c font_icon=\u201e||fa||900\u2032\u2032 icon_color=\u201c#22434A\u201eicon_placement=\u201elinkes\u201c Bild_icon_width=\u201e20px\u201c Inhalt_max_width=\u201c100%\u201e_Builder_version=\u201c4.21.0\u2032\u2032 _Modul_preset=\u201eb62950b2-9f88-417a-a624-825d61ec2a3d\u201c header_font=\u201eSegoe Boot Semilight|700|||||||\u201c header_text_color=\u201c#22434A\u201c header_font_sise=\u201e22px\u201c body_font=\u201eSegoe Boot Semilight||||||||\u201c body_text_color=\u201c#22434A\u201abody_font_sise=\u201a18px\u2018 image_icon_custom_margin_tablet=\u2018||||false|false\u2018 image_icon_custom_margin_phone=\u201a||||false|false\u2018 image_icon_custom_margin_last_edited=\u201aon|tablet\u2018 customs_margfalse\u2018 customs_margin_tablet=\u2018\u01b0210px liefalse0\u00f0180px2||||03||||1420px\u2018 header_font_size_last_edited=\u201aon||||2516px\u2018 body_font_size_phone=\u201814px\u201abody_font_font_size_tablet=\u201acontain2font_size_last_edited=\u2018on||||36<\/p>\n<p>6726, Szeged<br \/>Albert Street Szent-Gy\u00f6rgyi 23<\/p>\n<p>[\/et_pb_blurb][et_pb_icon font_icon=\u201e||fa||400\u2032\u2032 icon_color=\u201c#4267b2\u2032 icon_width=\u201e60px\u201c url=\u201ehttps:\/\/www.facebook.com\/torodesofficial\u201c url_new_window=\u201eon\u201c align=\u201eleft\u201c _builder_version=\u201e4.21.0\u2032 _module_preset=\u201edefault\u201c customs_margin=\u201e||||false|false\u201c custom_margin_tablet=\u201e|||200px|false|false\u201c custom_margin_phone=\u201e|80px megfalse arrangfalse\u201c custom_margin_last_edited=\u201eon-ignitablet\u201c global_colors_info=\u201e{}\u201c][\/et_pb_icon][et_pb_icon font_icon=\u201e}0\u00bf1400\u2032\u2032\u2032 icon_color=\u201c#fb3958\u2032\u2032 icon_width=\u201e60px\u201c url=\u201ehttps:\/\/www.instagram.com\/torodesofficial\/\u201c url_new_window=\u201eon\u201c align_tablet=\u201ealign_phone=\u201ccenter\u201ealign_last_edited=\u201eon|phone\u201c _builder_version=\u201e4.21.0\u2032\u2032 _module_preset=\u201edefault\u201c customs_margin=\u201e-88px|100px|||100pxfalse|false\u201c custom_margin_tablet=\u201e88px|||100pxfalse arrrrangfalfalse\u201c customs_margin_phone=\u201e88px\u01b0170pxalse\u012a0\u00c81\u00f02|03<\/p>","protected":false},"excerpt":{"rendered":"<p>+36306253430info@t\u00f6r\u0151d\u00e9s.com6726, Albert Street Szeged Szent-Gy\u00f6rgyi 23<\/p>","protected":false},"author":1,"featured_media":0,"parent":0,"menu_order":0,"comment_status":"closed","ping_status":"closed","template":"","meta":{"_et_pb_use_builder":"on","_et_pb_old_content":"","_et_gb_content_width":"","slim_seo":{"title":"Kapcsolat | T\u00f6r\u0151d\u00e9s Ment\u00e1lis Eg\u00e9szs\u00e9gk\u00f6zpont","description":"Kapcsolatfelv\u00e9teli \u0171rlapunkat itt tal\u00e1lja meg.","facebook_image":"https:\/\/torodes.com\/wp-content\/uploads\/2023\/01\/Torodes_logo_szines_3.png","twitter_image":"https:\/\/torodes.com\/wp-content\/uploads\/2023\/01\/Torodes_logo_szines_3.png"},"footnotes":""},"class_list":["post-115","page","type-page","status-publish","hentry"],"_links":{"self":[{"href":"https:\/\/torodes.com\/de\/wp-json\/wp\/v2\/pages\/115","targetHints":{"allow":["GET"]}}],"collection":[{"href":"https:\/\/torodes.com\/de\/wp-json\/wp\/v2\/pages"}],"about":[{"href":"https:\/\/torodes.com\/de\/wp-json\/wp\/v2\/types\/page"}],"author":[{"embeddable":true,"href":"https:\/\/torodes.com\/de\/wp-json\/wp\/v2\/users\/1"}],"replies":[{"embeddable":true,"href":"https:\/\/torodes.com\/de\/wp-json\/wp\/v2\/comments?post=115"}],"version-history":[{"count":4,"href":"https:\/\/torodes.com\/de\/wp-json\/wp\/v2\/pages\/115\/revisions"}],"predecessor-version":[{"id":1528,"href":"https:\/\/torodes.com\/de\/wp-json\/wp\/v2\/pages\/115\/revisions\/1528"}],"wp:attachment":[{"href":"https:\/\/torodes.com\/de\/wp-json\/wp\/v2\/media?parent=115"}],"curies":[{"name":"wp","href":"https:\/\/api.w.org\/{rel}","templated":true}]}}